{"id":31871,"date":"2025-03-04T19:32:42","date_gmt":"2025-03-04T19:32:42","guid":{"rendered":"https:\/\/www.dssitservices.com\/?page_id=31871"},"modified":"2025-09-26T00:06:26","modified_gmt":"2025-09-26T00:06:26","slug":"24-7-help-desk-support","status":"publish","type":"page","link":"https:\/\/www.dssitservices.com\/sq\/it-services\/24-7-help-desk-support\/","title":{"rendered":"24\/7 Help Desk &#038; Support"},"content":{"rendered":"<section class=\"wpb-content-wrapper\"><section id=\"overview\" data-vc-full-width=\"true\" data-vc-full-width-init=\"false\" class=\"vc_section vc_custom_1536315102680\"><div class=\"vc_row wpb_row vc_row-fluid\"><div class=\"wpb_column vc_column_container vc_col-sm-12 vc_hidden-sm vc_hidden-xs\"><div class=\"vc_column-inner\"><div class=\"wpb_wrapper\"><div  class=\"wpb_widgetised_column wpb_content_element\">\n\t\t<div class=\"wpb_wrapper\">\n\t\t\t\n\t\t\t<div id=\"nav_menu-7\" class=\"widget-odd widget-last widget-first widget-1 fixed-menu widget widget_nav_menu\"><div class=\"menu-services-container\"><ul id=\"menu-services\" class=\"menu\"><li id=\"menu-item-1191\" class=\"menu-item menu-item-type-custom menu-item-object-custom menu-item-1191\"><a href=\"#overview\" data-ps2id-api=\"true\">P\u00ebrmbledhje<\/a><\/li>\n<li id=\"menu-item-1193\" class=\"menu-item menu-item-type-custom menu-item-object-custom menu-item-1193\"><a href=\"#solutions\" data-ps2id-api=\"true\">Zgjidhje<\/a><\/li>\n<li id=\"menu-item-1192\" class=\"menu-item menu-item-type-custom menu-item-object-custom menu-item-1192\"><a href=\"#benefits\" data-ps2id-api=\"true\">Benefitet<\/a><\/li>\n<li id=\"menu-item-1200\" class=\"menu-item menu-item-type-custom menu-item-object-custom menu-item-1200\"><a href=\"#site-footer\" data-ps2id-api=\"true\">Na Kontaktoni<\/a><\/li>\n<\/ul><\/div><\/div>\n\t\t<\/div>\n\t<\/div>\n<div class=\"vc_empty_space\"   style=\"height: 60px\"><span class=\"vc_empty_space_inner\"><\/span><\/div><\/div><\/div><\/div><\/div><div class=\"vc_row wpb_row vc_row-fluid vc_custom_1741115272553\"><div class=\"wpb_column vc_column_container vc_col-sm-6\"><div class=\"vc_column-inner\"><div class=\"wpb_wrapper\">\n\t<div  class=\"wpb_single_image wpb_content_element vc_align_left\">\n\t\t\n\t\t<figure class=\"wpb_wrapper vc_figure\">\n\t\t\t<div class=\"vc_single_image-wrapper   vc_box_border_grey\"><img loading=\"lazy\" decoding=\"async\" width=\"1510\" height=\"1248\" src=\"https:\/\/www.dssitservices.com\/wp-content\/uploads\/2025\/03\/network-data-security.png\" class=\"vc_single_image-img attachment-full\" alt=\"\" title=\"network-data-security\" srcset=\"https:\/\/www.dssitservices.com\/wp-content\/uploads\/2025\/03\/network-data-security.png 1510w, https:\/\/www.dssitservices.com\/wp-content\/uploads\/2025\/03\/network-data-security-300x248.png 300w, https:\/\/www.dssitservices.com\/wp-content\/uploads\/2025\/03\/network-data-security-1024x846.png 1024w, https:\/\/www.dssitservices.com\/wp-content\/uploads\/2025\/03\/network-data-security-768x635.png 768w\" sizes=\"auto, (max-width: 1510px) 100vw, 1510px\" \/><\/div>\n\t\t<\/figure>\n\t<\/div>\n<\/div><\/div><\/div><div class=\"wpb_column vc_column_container vc_col-sm-6\"><div class=\"vc_column-inner\"><div class=\"wpb_wrapper\"><h2 style=\"text-align: left\" class=\"vc_custom_heading vc_custom_1741116783845\" >24\/7 Help Desk &amp; Support<\/h2><h4 style=\"text-align: left\" class=\"vc_custom_heading vc_custom_1741116792501\" >Ne Jemi K\u00ebtu P\u00ebr Ju<\/h4>\n\t<div class=\"wpb_text_column wpb_content_element\" >\n\t\t<div class=\"wpb_wrapper\">\n\t\t\t<p style=\"text-align: left;\">Fjala baz\u00eb e 'Help Desk' \u00ebsht\u00eb NDIHMA, dhe t\u00eb jesh mb\u00ebshtet\u00ebs do t\u00eb thot\u00eb t\u00eb jesh i disponuesh\u00ebm kur ju na nevojiteni! Problemet nuk ndjekin orar dhe \u00e7\u00ebshtjet nuk shfaqen 'n\u00eb koh\u00ebn e duhur.' Kur di\u00e7ka shkon keq, partner\u00ebt e DSS IT mb\u00ebshteten tek ne p\u00ebr ta zgjidhur. Kjo \u00ebsht\u00eb arsyeja pse klient\u00ebt tan\u00eb kan\u00eb qasje n\u00eb mb\u00ebshtetje t\u00eb v\u00ebrtet\u00eb 24-or\u00ebshe, me mund\u00ebsin\u00eb p\u00ebr t\u00eb folur me profesionist\u00eb t\u00eb siguris\u00eb dhe IT-s\u00eb \u00e7do dit\u00eb, n\u00eb \u00e7do or\u00eb.<\/p>\n\n\t\t<\/div>\n\t<\/div>\n<h4 style=\"text-align: left\" class=\"vc_custom_heading vc_custom_1741116807277\" >Superior Support<\/h4>\n\t<div class=\"wpb_text_column wpb_content_element\" >\n\t\t<div class=\"wpb_wrapper\">\n\t\t\t<p style=\"text-align: left;\">Ekipi yn\u00eb i profesionist\u00ebve t\u00eb mb\u00ebshtetjes Help Desk, i bazuar k\u00ebtu n\u00eb Shtetet e Bashkuara, \u00ebsht\u00eb gjithmon\u00eb i disponuesh\u00ebm p\u00ebr t\u2019ju ndihmuar kur ju nevojitet m\u00eb shum\u00eb. Qoft\u00eb kur na telefononi, na shkruani n\u00eb chat apo na d\u00ebrgoni email, ju do t\u00eb merrni gjithmon\u00eb nj\u00eb p\u00ebrgjigje. Qendra jon\u00eb e mb\u00ebshtetjes \u00ebsht\u00eb e stafuar me profesionist\u00eb t\u00eb IT-s\u00eb q\u00eb do t\u00eb p\u00ebrpiqen t\u2019i zgjidhin nevojat tuaja menj\u00ebher\u00eb, aty p\u00ebr aty.<\/p>\n\n\t\t<\/div>\n\t<\/div>\n<div class=\"vc_empty_space\"   style=\"height: 60px\"><span class=\"vc_empty_space_inner\"><\/span><\/div><\/div><\/div><\/div><div class=\"wpb_column vc_column_container vc_col-sm-12\"><div class=\"vc_column-inner\"><div class=\"wpb_wrapper\"><div class=\"vc_empty_space\"   style=\"height: 60px\"><span class=\"vc_empty_space_inner\"><\/span><\/div><\/div><\/div><\/div><\/div><\/section><div class=\"vc_row-full-width vc_clearfix\"><\/div>\n<\/section>","protected":false},"excerpt":{"rendered":"Overview Solutions Benefits Contact us 24\/7 Help Desk &amp; SupportWe\u2019re Here for You The root word of \u201cHelp Desk\u201d is HELP, and being supportive means to be available when you need us! Problems don\u2019t follow a schedule, and issues don\u2019t arise \u201cconveniently.\u201d When something goes wrong, DSS IT partners rely on us to make it [...]","protected":false},"author":8,"featured_media":0,"parent":707,"menu_order":0,"comment_status":"closed","ping_status":"closed","template":"","meta":{"content-type":"","_monsterinsights_skip_tracking":false,"_monsterinsights_sitenote_active":false,"_monsterinsights_sitenote_note":"","_monsterinsights_sitenote_category":0,"footnotes":""},"class_list":["post-31871","page","type-page","status-publish","hentry"],"yoast_head":"<!-- This site is optimized with the Yoast SEO plugin v27.3 - https:\/\/yoast.com\/product\/yoast-seo-wordpress\/ -->\n<title>24\/7 Help Desk &amp; Support - DSS - IT &amp; Cyber Security Management<\/title>\n<meta name=\"description\" content=\"Managed IT Services are designed to allow your company to outsource their IT Department, or we can partner with your internal IT resources\" \/>\n<meta name=\"robots\" content=\"index, follow, max-snippet:-1, max-image-preview:large, max-video-preview:-1\" \/>\n<link rel=\"canonical\" href=\"https:\/\/www.dssitservices.com\/sq\/it-services\/24-7-help-desk-support\/\" \/>\n<meta property=\"og:locale\" content=\"sq_AL\" \/>\n<meta property=\"og:type\" content=\"article\" \/>\n<meta property=\"og:title\" content=\"24\/7 Help Desk &amp; Support - DSS - IT &amp; Cyber Security Management\" \/>\n<meta property=\"og:description\" content=\"Managed IT Services are designed to allow your company to outsource their IT Department, or we can partner with your internal IT resources\" \/>\n<meta property=\"og:url\" content=\"https:\/\/www.dssitservices.com\/sq\/it-services\/24-7-help-desk-support\/\" \/>\n<meta property=\"og:site_name\" content=\"DSS - IT &amp; Cyber Security Management\" \/>\n<meta property=\"article:publisher\" content=\"https:\/\/www.facebook.com\/DSSIT\" \/>\n<meta property=\"article:modified_time\" content=\"2025-09-26T00:06:26+00:00\" \/>\n<meta name=\"twitter:card\" content=\"summary_large_image\" \/>\n<meta name=\"twitter:label1\" content=\"Est. reading time\" \/>\n\t<meta name=\"twitter:data1\" content=\"1 minut\u00eb\" \/>\n<script type=\"application\/ld+json\" class=\"yoast-schema-graph\">{\"@context\":\"https:\\\/\\\/schema.org\",\"@graph\":[{\"@type\":\"WebPage\",\"@id\":\"https:\\\/\\\/www.dssitservices.com\\\/it-services\\\/24-7-help-desk-support\\\/\",\"url\":\"https:\\\/\\\/www.dssitservices.com\\\/it-services\\\/24-7-help-desk-support\\\/\",\"name\":\"24\\\/7 Help Desk & Support - DSS - IT &amp; Cyber Security Management\",\"isPartOf\":{\"@id\":\"https:\\\/\\\/www.dssitservices.com\\\/#website\"},\"datePublished\":\"2025-03-04T19:32:42+00:00\",\"dateModified\":\"2025-09-26T00:06:26+00:00\",\"description\":\"Managed IT Services are designed to allow your company to outsource their IT Department, or we can partner with your internal IT resources\",\"breadcrumb\":{\"@id\":\"https:\\\/\\\/www.dssitservices.com\\\/it-services\\\/24-7-help-desk-support\\\/#breadcrumb\"},\"inLanguage\":\"sq\",\"potentialAction\":[{\"@type\":\"ReadAction\",\"target\":[\"https:\\\/\\\/www.dssitservices.com\\\/it-services\\\/24-7-help-desk-support\\\/\"]}]},{\"@type\":\"BreadcrumbList\",\"@id\":\"https:\\\/\\\/www.dssitservices.com\\\/it-services\\\/24-7-help-desk-support\\\/#breadcrumb\",\"itemListElement\":[{\"@type\":\"ListItem\",\"position\":1,\"name\":\"Home\",\"item\":\"https:\\\/\\\/www.dssitservices.com\\\/\"},{\"@type\":\"ListItem\",\"position\":2,\"name\":\"IT Services\",\"item\":\"https:\\\/\\\/www.dssitservices.com\\\/it-services\\\/\"},{\"@type\":\"ListItem\",\"position\":3,\"name\":\"24\\\/7 Help Desk &#038; Support\"}]},{\"@type\":\"WebSite\",\"@id\":\"https:\\\/\\\/www.dssitservices.com\\\/#website\",\"url\":\"https:\\\/\\\/www.dssitservices.com\\\/\",\"name\":\"DSS - IT & Cyber Security Management\",\"description\":\"DSS IT is your trusted partner for IT Services and Cybersecurity on Long Island providing expert managed services and secure network support backed by over 20 years of experience.\",\"publisher\":{\"@id\":\"https:\\\/\\\/www.dssitservices.com\\\/#organization\"},\"potentialAction\":[{\"@type\":\"SearchAction\",\"target\":{\"@type\":\"EntryPoint\",\"urlTemplate\":\"https:\\\/\\\/www.dssitservices.com\\\/?s={search_term_string}\"},\"query-input\":{\"@type\":\"PropertyValueSpecification\",\"valueRequired\":true,\"valueName\":\"search_term_string\"}}],\"inLanguage\":\"sq\"},{\"@type\":\"Organization\",\"@id\":\"https:\\\/\\\/www.dssitservices.com\\\/#organization\",\"name\":\"DSS Management Inc\",\"url\":\"https:\\\/\\\/www.dssitservices.com\\\/\",\"logo\":{\"@type\":\"ImageObject\",\"inLanguage\":\"sq\",\"@id\":\"https:\\\/\\\/www.dssitservices.com\\\/#\\\/schema\\\/logo\\\/image\\\/\",\"url\":\"https:\\\/\\\/www.dssitservices.com\\\/wp-content\\\/uploads\\\/2019\\\/01\\\/DSS-Logo-Main-1-1.png\",\"contentUrl\":\"https:\\\/\\\/www.dssitservices.com\\\/wp-content\\\/uploads\\\/2019\\\/01\\\/DSS-Logo-Main-1-1.png\",\"width\":297,\"height\":100,\"caption\":\"DSS Management Inc\"},\"image\":{\"@id\":\"https:\\\/\\\/www.dssitservices.com\\\/#\\\/schema\\\/logo\\\/image\\\/\"},\"sameAs\":[\"https:\\\/\\\/www.facebook.com\\\/DSSIT\",\"https:\\\/\\\/www.instagram.com\\\/dssit\\\/\",\"https:\\\/\\\/www.linkedin.com\\\/company\\\/dssitinc\\\/\",\"https:\\\/\\\/www.youtube.com\\\/channel\\\/UCUfIRO4HxMQ2vLpza29n0Vg\"]}]}<\/script>\n<!-- \/ Yoast SEO plugin. -->","yoast_head_json":{"title":"24\/7 Help Desk & Support - DSS - IT &amp; Cyber Security Management","description":"Managed IT Services are designed to allow your company to outsource their IT Department, or we can partner with your internal IT resources","robots":{"index":"index","follow":"follow","max-snippet":"max-snippet:-1","max-image-preview":"max-image-preview:large","max-video-preview":"max-video-preview:-1"},"canonical":"https:\/\/www.dssitservices.com\/sq\/it-services\/24-7-help-desk-support\/","og_locale":"sq_AL","og_type":"article","og_title":"24\/7 Help Desk & Support - DSS - IT &amp; Cyber Security Management","og_description":"Managed IT Services are designed to allow your company to outsource their IT Department, or we can partner with your internal IT resources","og_url":"https:\/\/www.dssitservices.com\/sq\/it-services\/24-7-help-desk-support\/","og_site_name":"DSS - IT &amp; Cyber Security Management","article_publisher":"https:\/\/www.facebook.com\/DSSIT","article_modified_time":"2025-09-26T00:06:26+00:00","twitter_card":"summary_large_image","twitter_misc":{"Est. reading time":"1 minut\u00eb"},"schema":{"@context":"https:\/\/schema.org","@graph":[{"@type":"WebPage","@id":"https:\/\/www.dssitservices.com\/it-services\/24-7-help-desk-support\/","url":"https:\/\/www.dssitservices.com\/it-services\/24-7-help-desk-support\/","name":"24\/7 Help Desk & Support - DSS - IT &amp; Cyber Security Management","isPartOf":{"@id":"https:\/\/www.dssitservices.com\/#website"},"datePublished":"2025-03-04T19:32:42+00:00","dateModified":"2025-09-26T00:06:26+00:00","description":"Managed IT Services are designed to allow your company to outsource their IT Department, or we can partner with your internal IT resources","breadcrumb":{"@id":"https:\/\/www.dssitservices.com\/it-services\/24-7-help-desk-support\/#breadcrumb"},"inLanguage":"sq","potentialAction":[{"@type":"ReadAction","target":["https:\/\/www.dssitservices.com\/it-services\/24-7-help-desk-support\/"]}]},{"@type":"BreadcrumbList","@id":"https:\/\/www.dssitservices.com\/it-services\/24-7-help-desk-support\/#breadcrumb","itemListElement":[{"@type":"ListItem","position":1,"name":"Home","item":"https:\/\/www.dssitservices.com\/"},{"@type":"ListItem","position":2,"name":"IT Services","item":"https:\/\/www.dssitservices.com\/it-services\/"},{"@type":"ListItem","position":3,"name":"24\/7 Help Desk &#038; Support"}]},{"@type":"WebSite","@id":"https:\/\/www.dssitservices.com\/#website","url":"https:\/\/www.dssitservices.com\/","name":"DSS - IT & Cyber Security Management","description":"DSS IT is your trusted partner for IT Services and Cybersecurity on Long Island providing expert managed services and secure network support backed by over 20 years of experience.","publisher":{"@id":"https:\/\/www.dssitservices.com\/#organization"},"potentialAction":[{"@type":"SearchAction","target":{"@type":"EntryPoint","urlTemplate":"https:\/\/www.dssitservices.com\/?s={search_term_string}"},"query-input":{"@type":"PropertyValueSpecification","valueRequired":true,"valueName":"search_term_string"}}],"inLanguage":"sq"},{"@type":"Organization","@id":"https:\/\/www.dssitservices.com\/#organization","name":"DSS Management Inc","url":"https:\/\/www.dssitservices.com\/","logo":{"@type":"ImageObject","inLanguage":"sq","@id":"https:\/\/www.dssitservices.com\/#\/schema\/logo\/image\/","url":"https:\/\/www.dssitservices.com\/wp-content\/uploads\/2019\/01\/DSS-Logo-Main-1-1.png","contentUrl":"https:\/\/www.dssitservices.com\/wp-content\/uploads\/2019\/01\/DSS-Logo-Main-1-1.png","width":297,"height":100,"caption":"DSS Management Inc"},"image":{"@id":"https:\/\/www.dssitservices.com\/#\/schema\/logo\/image\/"},"sameAs":["https:\/\/www.facebook.com\/DSSIT","https:\/\/www.instagram.com\/dssit\/","https:\/\/www.linkedin.com\/company\/dssitinc\/","https:\/\/www.youtube.com\/channel\/UCUfIRO4HxMQ2vLpza29n0Vg"]}]}},"_links":{"self":[{"href":"https:\/\/www.dssitservices.com\/sq\/wp-json\/wp\/v2\/pages\/31871","targetHints":{"allow":["GET"]}}],"collection":[{"href":"https:\/\/www.dssitservices.com\/sq\/wp-json\/wp\/v2\/pages"}],"about":[{"href":"https:\/\/www.dssitservices.com\/sq\/wp-json\/wp\/v2\/types\/page"}],"author":[{"embeddable":true,"href":"https:\/\/www.dssitservices.com\/sq\/wp-json\/wp\/v2\/users\/8"}],"replies":[{"embeddable":true,"href":"https:\/\/www.dssitservices.com\/sq\/wp-json\/wp\/v2\/comments?post=31871"}],"version-history":[{"count":0,"href":"https:\/\/www.dssitservices.com\/sq\/wp-json\/wp\/v2\/pages\/31871\/revisions"}],"up":[{"embeddable":true,"href":"https:\/\/www.dssitservices.com\/sq\/wp-json\/wp\/v2\/pages\/707"}],"wp:attachment":[{"href":"https:\/\/www.dssitservices.com\/sq\/wp-json\/wp\/v2\/media?parent=31871"}],"curies":[{"name":"wp","href":"https:\/\/api.w.org\/{rel}","templated":true}]}}