{"id":31881,"date":"2025-03-04T19:49:07","date_gmt":"2025-03-04T19:49:07","guid":{"rendered":"https:\/\/www.dssitservices.com\/?page_id=31881"},"modified":"2025-09-26T00:08:12","modified_gmt":"2025-09-26T00:08:12","slug":"security-cameras-2","status":"publish","type":"page","link":"https:\/\/www.dssitservices.com\/sq\/it-services\/security-cameras-2\/","title":{"rendered":"Kamera Sigurie"},"content":{"rendered":"<section class=\"wpb-content-wrapper\"><section id=\"overview\" data-vc-full-width=\"true\" data-vc-full-width-init=\"false\" class=\"vc_section vc_custom_1536315102680\"><div class=\"vc_row wpb_row vc_row-fluid\"><div class=\"wpb_column vc_column_container vc_col-sm-12 vc_hidden-sm vc_hidden-xs\"><div class=\"vc_column-inner\"><div class=\"wpb_wrapper\"><div  class=\"wpb_widgetised_column wpb_content_element\">\n\t\t<div class=\"wpb_wrapper\">\n\t\t\t\n\t\t\t<div id=\"nav_menu-7\" class=\"widget-odd widget-last widget-first widget-1 fixed-menu widget widget_nav_menu\"><div class=\"menu-services-container\"><ul id=\"menu-services\" class=\"menu\"><li id=\"menu-item-1191\" class=\"menu-item menu-item-type-custom menu-item-object-custom menu-item-1191\"><a href=\"#overview\" data-ps2id-api=\"true\">P\u00ebrmbledhje<\/a><\/li>\n<li id=\"menu-item-1193\" class=\"menu-item menu-item-type-custom menu-item-object-custom menu-item-1193\"><a href=\"#solutions\" data-ps2id-api=\"true\">Zgjidhje<\/a><\/li>\n<li id=\"menu-item-1192\" class=\"menu-item menu-item-type-custom menu-item-object-custom menu-item-1192\"><a href=\"#benefits\" data-ps2id-api=\"true\">Benefitet<\/a><\/li>\n<li id=\"menu-item-1200\" class=\"menu-item menu-item-type-custom menu-item-object-custom menu-item-1200\"><a href=\"#site-footer\" data-ps2id-api=\"true\">Na Kontaktoni<\/a><\/li>\n<\/ul><\/div><\/div>\n\t\t<\/div>\n\t<\/div>\n<div class=\"vc_empty_space\"   style=\"height: 60px\"><span class=\"vc_empty_space_inner\"><\/span><\/div><\/div><\/div><\/div><\/div><div class=\"vc_row wpb_row vc_row-fluid vc_custom_1741115272553\"><div class=\"wpb_column vc_column_container vc_col-sm-6\"><div class=\"vc_column-inner\"><div class=\"wpb_wrapper\">\n\t<div  class=\"wpb_single_image wpb_content_element vc_align_left\">\n\t\t\n\t\t<figure class=\"wpb_wrapper vc_figure\">\n\t\t\t<div class=\"vc_single_image-wrapper   vc_box_border_grey\"><img loading=\"lazy\" decoding=\"async\" width=\"864\" height=\"560\" src=\"https:\/\/www.dssitservices.com\/wp-content\/uploads\/2025\/03\/evolvtec-securitycamera-hero-1500x560.0c868f75.jpg\" class=\"vc_single_image-img attachment-full\" alt=\"\" title=\"evolvtec-securitycamera-hero-1500x560.0c868f75\" srcset=\"https:\/\/www.dssitservices.com\/wp-content\/uploads\/2025\/03\/evolvtec-securitycamera-hero-1500x560.0c868f75.jpg 864w, https:\/\/www.dssitservices.com\/wp-content\/uploads\/2025\/03\/evolvtec-securitycamera-hero-1500x560.0c868f75-300x194.jpg 300w, https:\/\/www.dssitservices.com\/wp-content\/uploads\/2025\/03\/evolvtec-securitycamera-hero-1500x560.0c868f75-768x498.jpg 768w\" sizes=\"auto, (max-width: 864px) 100vw, 864px\" \/><\/div>\n\t\t<\/figure>\n\t<\/div>\n<\/div><\/div><\/div><div class=\"wpb_column vc_column_container vc_col-sm-6\"><div class=\"vc_column-inner\"><div class=\"wpb_wrapper\"><h2 style=\"text-align: left\" class=\"vc_custom_heading vc_custom_1741117806074\" >Kamera Sigurie<\/h2><h4 style=\"text-align: left\" class=\"vc_custom_heading vc_custom_1741117814314\" >Udh\u00ebzuesi P\u00ebrfundimtar p\u00ebr Kamerat e Siguris\u00eb<\/h4>\n\t<div class=\"wpb_text_column wpb_content_element\" >\n\t\t<div class=\"wpb_wrapper\">\n\t\t\t<div class=\"et_pb_module et_pb_text et_pb_text_0 et_pb_text_align_left et_pb_bg_layout_light\">\n<div class=\"et_pb_text_inner\">\n<p>N\u00ebse sapo po filloni me sigurin\u00eb e biznesit, nj\u00eb vend i mir\u00eb p\u00ebr t\u00eb nisur \u00ebsht\u00eb instalimi i nj\u00eb kamere sigurie.<\/p>\n<\/div>\n<\/div>\n<div class=\"et_pb_module et_pb_text et_pb_text_1 et_pb_text_align_left et_pb_bg_layout_light\">\n<div class=\"et_pb_text_inner\">\n<p>Pyetja e par\u00eb q\u00eb mund t\u2019i b\u00ebni vetes \u00ebsht\u00eb e thjesht\u00eb: a \u00ebsht\u00eb e nevojshme nj\u00eb kamer\u00eb sigurie q\u00eb n\u00eb fillim? P\u00ebrgjigjja varet nga niveli i siguris\u00eb q\u00eb d\u00ebshironi t\u2019i shtoni sht\u00ebpis\u00eb ose biznesit tuaj. Nd\u00ebrkoh\u00eb q\u00eb sensor\u00ebt mund t\u00eb zbulojn\u00eb l\u00ebvizje dhe t\u2019ju njoftojn\u00eb n\u00ebse dyert ose dritaret jan\u00eb hapur apo mbyllur, pa kamera ju nuk mund t\u00eb shihni realisht se \u00e7far\u00eb po ndodh n\u00eb sht\u00ebpi.<\/p>\n<p>Kamerat gjithashtu mund t\u2019ju ndihmojn\u00eb t\u00eb merrni ndihm\u00eb m\u00eb shpejt; sa i p\u00ebrket verifikimit me audio kundrejt verifikimit me video, departamenti i policis\u00eb n\u00eb Fremont, Kaliforni, zbuloi se verifikimi vet\u00ebm me audio kishte 95 p\u00ebr qind gjasa t\u00eb ishte alarm i rrem\u00eb; Salt Lake City raportoi nj\u00eb shkall\u00eb alarmesh t\u00eb rreme prej 82 p\u00ebr qind, nd\u00ebrsa policia n\u00eb Burien, Washington, gjeti nj\u00eb shkall\u00eb prej 92 p\u00ebr qind. Me pak fjal\u00eb? Audio nuk mjafton vet\u00eb; q\u00eb policia t\u00eb shoh\u00eb v\u00ebrtet se \u00e7far\u00eb po ndodh, \u00ebsht\u00eb e nevojshme nj\u00eb kamer\u00eb. N\u00eb t\u00eb kund\u00ebrt, qytetet q\u00eb p\u00ebrdorin p\u00ebrgjigje t\u00eb verifikuara me video pan\u00eb q\u00eb numri i thirrjeve p\u00ebr alarme u ul me rreth 90 p\u00ebr qind n\u00eb total, duke p\u00ebrmir\u00ebsuar koh\u00ebn e reagimit t\u00eb tyre n\u00eb m\u00ebnyr\u00eb q\u00eb njer\u00ebzit t\u00eb mund t\u00eb merrnin ndihm\u00eb m\u00eb shpejt.<\/p>\n<\/div>\n<\/div>\n\n\t\t<\/div>\n\t<\/div>\n<div class=\"vc_empty_space\"   style=\"height: 60px\"><span class=\"vc_empty_space_inner\"><\/span><\/div><\/div><\/div><\/div><\/div><div class=\"vc_row wpb_row vc_row-fluid vc_custom_1741115272553\"><div class=\"wpb_column vc_column_container vc_col-sm-6\"><div class=\"vc_column-inner\"><div class=\"wpb_wrapper\"><h4 style=\"text-align: left\" class=\"vc_custom_heading vc_custom_1741117850841\" >Sa kamera sigurie m\u00eb duhen?<\/h4>\n\t<div class=\"wpb_text_column wpb_content_element\" >\n\t\t<div class=\"wpb_wrapper\">\n\t\t\t<div class=\"et_pb_module et_pb_text et_pb_text_0 et_pb_text_align_left et_pb_bg_layout_light\">\n<div class=\"et_pb_text_inner\">\n<p>\"Numri i kamerave t\u00eb siguris\u00eb q\u00eb ju nevojiten varet nga madh\u00ebsia e hap\u00ebsir\u00ebs suaj dhe nga niveli i siguris\u00eb q\u00eb d\u00ebshironi n\u00eb p\u00ebrgjith\u00ebsi. Minimumi q\u00eb rekomandojm\u00eb \u00ebsht\u00eb vendosja e nj\u00eb kamere n\u00eb hyrjen kryesore t\u00eb nd\u00ebrtes\u00ebs tuaj n\u00eb katin p\u00ebrdhes. Idealja \u00ebsht\u00eb t\u00eb p\u00ebrdorni gjithashtu kamera sigurie t\u00eb jashtme n\u00eb t\u00eb gjitha hyrjet e katit p\u00ebrdhes. P\u00ebr m\u00eb shum\u00eb siguri, mund t\u00eb vendosni m\u00eb shum\u00eb kamera sigurie n\u00eb nivelin e par\u00eb dhe n\u00eb \u00e7do dhom\u00eb q\u00eb e p\u00ebrdorni shpesh ose q\u00eb duhet kaluar p\u00ebr t\u00eb hyr\u00eb apo dal\u00eb nga nd\u00ebrtesa. P\u00ebr siguri shtes\u00eb, mund t\u00eb vendosni kamera sigurie edhe n\u00eb korridoret kryesore n\u00eb katin e dyt\u00eb ose t\u00eb tret\u00eb. Megjithat\u00eb, nuk rekomandojm\u00eb vendosjen e kamerave n\u00eb dhoma gjumi ose banjo p\u00ebr arsye privat\u00ebsie. N\u00eb p\u00ebrgjith\u00ebsi, shumica e hap\u00ebsirave do t\u00eb k\u00ebrkojn\u00eb t\u00eb pakt\u00ebn tre kamera: dy n\u00eb hyrjet e jashtme dhe nj\u00eb n\u00eb hyrjen e brendshme.<\/p>\n<\/div>\n<\/div>\n\n\t\t<\/div>\n\t<\/div>\n<\/div><\/div><\/div><div class=\"wpb_column vc_column_container vc_col-sm-6\"><div class=\"vc_column-inner\"><div class=\"wpb_wrapper\">\n\t<div  class=\"wpb_single_image wpb_content_element vc_align_left\">\n\t\t\n\t\t<figure class=\"wpb_wrapper vc_figure\">\n\t\t\t<div class=\"vc_single_image-wrapper   vc_box_border_grey\"><img loading=\"lazy\" decoding=\"async\" width=\"864\" height=\"560\" src=\"https:\/\/www.dssitservices.com\/wp-content\/uploads\/2025\/03\/evolvtec-securitycamera-hero-1500x560.0c868f75.jpg\" class=\"vc_single_image-img attachment-full\" alt=\"\" title=\"evolvtec-securitycamera-hero-1500x560.0c868f75\" srcset=\"https:\/\/www.dssitservices.com\/wp-content\/uploads\/2025\/03\/evolvtec-securitycamera-hero-1500x560.0c868f75.jpg 864w, https:\/\/www.dssitservices.com\/wp-content\/uploads\/2025\/03\/evolvtec-securitycamera-hero-1500x560.0c868f75-300x194.jpg 300w, https:\/\/www.dssitservices.com\/wp-content\/uploads\/2025\/03\/evolvtec-securitycamera-hero-1500x560.0c868f75-768x498.jpg 768w\" sizes=\"auto, (max-width: 864px) 100vw, 864px\" \/><\/div>\n\t\t<\/figure>\n\t<\/div>\n<\/div><\/div><\/div><\/div><div class=\"vc_row wpb_row vc_row-fluid vc_custom_1741117938971 vc_row-has-fill\"><div class=\"wpb_column vc_column_container vc_col-sm-12\"><div class=\"vc_column-inner\"><div class=\"wpb_wrapper\"><div class=\"vc_empty_space\"   style=\"height: 60px\"><span class=\"vc_empty_space_inner\"><\/span><\/div><div class=\"vc_btn3-container vc_btn3-left\" ><a class=\"vc_general vc_btn3 vc_btn3-size-md vc_btn3-shape-rounded vc_btn3-style-modern vc_btn3-color-default\" href=\"https:\/\/www.dssitservices.com\/sq\/contact-us\/\" title=\"Na Kontaktoni\">Na Kontaktoni<\/a><\/div><\/div><\/div><\/div><\/div><\/section><div class=\"vc_row-full-width vc_clearfix\"><\/div>\n<\/section>","protected":false},"excerpt":{"rendered":"Overview Solutions Benefits Contact us Security CamerasThe Ultimate Guide to Security Cameras If you\u2019re starting off with business security, a good place to begin is with a security camera. The first question you may ask yourself is simple: is a security camera necessary in the first place? And the answer depends on the level of [...]","protected":false},"author":8,"featured_media":0,"parent":707,"menu_order":0,"comment_status":"closed","ping_status":"closed","template":"","meta":{"content-type":"","_monsterinsights_skip_tracking":false,"_monsterinsights_sitenote_active":false,"_monsterinsights_sitenote_note":"","_monsterinsights_sitenote_category":0,"footnotes":""},"class_list":["post-31881","page","type-page","status-publish","hentry"],"yoast_head":"<!-- This site is optimized with the Yoast SEO plugin v27.3 - https:\/\/yoast.com\/product\/yoast-seo-wordpress\/ -->\n<title>Security Cameras - DSS - IT &amp; Cyber Security Management<\/title>\n<meta name=\"description\" content=\"Managed IT Services are designed to allow your company to outsource their IT Department, or we can partner with your internal IT resources\" \/>\n<meta name=\"robots\" content=\"index, follow, max-snippet:-1, max-image-preview:large, max-video-preview:-1\" \/>\n<link rel=\"canonical\" href=\"https:\/\/www.dssitservices.com\/sq\/it-services\/security-cameras-2\/\" \/>\n<meta property=\"og:locale\" content=\"sq_AL\" \/>\n<meta property=\"og:type\" content=\"article\" \/>\n<meta property=\"og:title\" content=\"Security Cameras - DSS - IT &amp; Cyber Security Management\" \/>\n<meta property=\"og:description\" content=\"Managed IT Services are designed to allow your company to outsource their IT Department, or we can partner with your internal IT resources\" \/>\n<meta property=\"og:url\" content=\"https:\/\/www.dssitservices.com\/sq\/it-services\/security-cameras-2\/\" \/>\n<meta property=\"og:site_name\" content=\"DSS - IT &amp; Cyber Security Management\" \/>\n<meta property=\"article:publisher\" content=\"https:\/\/www.facebook.com\/DSSIT\" \/>\n<meta property=\"article:modified_time\" content=\"2025-09-26T00:08:12+00:00\" \/>\n<meta name=\"twitter:card\" content=\"summary_large_image\" \/>\n<meta name=\"twitter:label1\" content=\"Est. reading time\" \/>\n\t<meta name=\"twitter:data1\" content=\"3 minuta\" \/>\n<script type=\"application\/ld+json\" class=\"yoast-schema-graph\">{\"@context\":\"https:\\\/\\\/schema.org\",\"@graph\":[{\"@type\":\"WebPage\",\"@id\":\"https:\\\/\\\/www.dssitservices.com\\\/it-services\\\/security-cameras-2\\\/\",\"url\":\"https:\\\/\\\/www.dssitservices.com\\\/it-services\\\/security-cameras-2\\\/\",\"name\":\"Security Cameras - DSS - IT &amp; Cyber Security Management\",\"isPartOf\":{\"@id\":\"https:\\\/\\\/www.dssitservices.com\\\/#website\"},\"datePublished\":\"2025-03-04T19:49:07+00:00\",\"dateModified\":\"2025-09-26T00:08:12+00:00\",\"description\":\"Managed IT Services are designed to allow your company to outsource their IT Department, or we can partner with your internal IT resources\",\"breadcrumb\":{\"@id\":\"https:\\\/\\\/www.dssitservices.com\\\/it-services\\\/security-cameras-2\\\/#breadcrumb\"},\"inLanguage\":\"sq\",\"potentialAction\":[{\"@type\":\"ReadAction\",\"target\":[\"https:\\\/\\\/www.dssitservices.com\\\/it-services\\\/security-cameras-2\\\/\"]}]},{\"@type\":\"BreadcrumbList\",\"@id\":\"https:\\\/\\\/www.dssitservices.com\\\/it-services\\\/security-cameras-2\\\/#breadcrumb\",\"itemListElement\":[{\"@type\":\"ListItem\",\"position\":1,\"name\":\"Home\",\"item\":\"https:\\\/\\\/www.dssitservices.com\\\/\"},{\"@type\":\"ListItem\",\"position\":2,\"name\":\"IT Services\",\"item\":\"https:\\\/\\\/www.dssitservices.com\\\/it-services\\\/\"},{\"@type\":\"ListItem\",\"position\":3,\"name\":\"Security Cameras\"}]},{\"@type\":\"WebSite\",\"@id\":\"https:\\\/\\\/www.dssitservices.com\\\/#website\",\"url\":\"https:\\\/\\\/www.dssitservices.com\\\/\",\"name\":\"DSS - IT & Cyber Security Management\",\"description\":\"DSS IT is your trusted partner for IT Services and Cybersecurity on Long Island providing expert managed services and secure network support backed by over 20 years of experience.\",\"publisher\":{\"@id\":\"https:\\\/\\\/www.dssitservices.com\\\/#organization\"},\"potentialAction\":[{\"@type\":\"SearchAction\",\"target\":{\"@type\":\"EntryPoint\",\"urlTemplate\":\"https:\\\/\\\/www.dssitservices.com\\\/?s={search_term_string}\"},\"query-input\":{\"@type\":\"PropertyValueSpecification\",\"valueRequired\":true,\"valueName\":\"search_term_string\"}}],\"inLanguage\":\"sq\"},{\"@type\":\"Organization\",\"@id\":\"https:\\\/\\\/www.dssitservices.com\\\/#organization\",\"name\":\"DSS Management Inc\",\"url\":\"https:\\\/\\\/www.dssitservices.com\\\/\",\"logo\":{\"@type\":\"ImageObject\",\"inLanguage\":\"sq\",\"@id\":\"https:\\\/\\\/www.dssitservices.com\\\/#\\\/schema\\\/logo\\\/image\\\/\",\"url\":\"https:\\\/\\\/www.dssitservices.com\\\/wp-content\\\/uploads\\\/2019\\\/01\\\/DSS-Logo-Main-1-1.png\",\"contentUrl\":\"https:\\\/\\\/www.dssitservices.com\\\/wp-content\\\/uploads\\\/2019\\\/01\\\/DSS-Logo-Main-1-1.png\",\"width\":297,\"height\":100,\"caption\":\"DSS Management Inc\"},\"image\":{\"@id\":\"https:\\\/\\\/www.dssitservices.com\\\/#\\\/schema\\\/logo\\\/image\\\/\"},\"sameAs\":[\"https:\\\/\\\/www.facebook.com\\\/DSSIT\",\"https:\\\/\\\/www.instagram.com\\\/dssit\\\/\",\"https:\\\/\\\/www.linkedin.com\\\/company\\\/dssitinc\\\/\",\"https:\\\/\\\/www.youtube.com\\\/channel\\\/UCUfIRO4HxMQ2vLpza29n0Vg\"]}]}<\/script>\n<!-- \/ Yoast SEO plugin. -->","yoast_head_json":{"title":"Security Cameras - DSS - IT &amp; Cyber Security Management","description":"Managed IT Services are designed to allow your company to outsource their IT Department, or we can partner with your internal IT resources","robots":{"index":"index","follow":"follow","max-snippet":"max-snippet:-1","max-image-preview":"max-image-preview:large","max-video-preview":"max-video-preview:-1"},"canonical":"https:\/\/www.dssitservices.com\/sq\/it-services\/security-cameras-2\/","og_locale":"sq_AL","og_type":"article","og_title":"Security Cameras - DSS - IT &amp; Cyber Security Management","og_description":"Managed IT Services are designed to allow your company to outsource their IT Department, or we can partner with your internal IT resources","og_url":"https:\/\/www.dssitservices.com\/sq\/it-services\/security-cameras-2\/","og_site_name":"DSS - IT &amp; Cyber Security Management","article_publisher":"https:\/\/www.facebook.com\/DSSIT","article_modified_time":"2025-09-26T00:08:12+00:00","twitter_card":"summary_large_image","twitter_misc":{"Est. reading time":"3 minuta"},"schema":{"@context":"https:\/\/schema.org","@graph":[{"@type":"WebPage","@id":"https:\/\/www.dssitservices.com\/it-services\/security-cameras-2\/","url":"https:\/\/www.dssitservices.com\/it-services\/security-cameras-2\/","name":"Security Cameras - DSS - IT &amp; Cyber Security Management","isPartOf":{"@id":"https:\/\/www.dssitservices.com\/#website"},"datePublished":"2025-03-04T19:49:07+00:00","dateModified":"2025-09-26T00:08:12+00:00","description":"Managed IT Services are designed to allow your company to outsource their IT Department, or we can partner with your internal IT resources","breadcrumb":{"@id":"https:\/\/www.dssitservices.com\/it-services\/security-cameras-2\/#breadcrumb"},"inLanguage":"sq","potentialAction":[{"@type":"ReadAction","target":["https:\/\/www.dssitservices.com\/it-services\/security-cameras-2\/"]}]},{"@type":"BreadcrumbList","@id":"https:\/\/www.dssitservices.com\/it-services\/security-cameras-2\/#breadcrumb","itemListElement":[{"@type":"ListItem","position":1,"name":"Home","item":"https:\/\/www.dssitservices.com\/"},{"@type":"ListItem","position":2,"name":"IT Services","item":"https:\/\/www.dssitservices.com\/it-services\/"},{"@type":"ListItem","position":3,"name":"Security Cameras"}]},{"@type":"WebSite","@id":"https:\/\/www.dssitservices.com\/#website","url":"https:\/\/www.dssitservices.com\/","name":"DSS - IT & Cyber Security Management","description":"DSS IT is your trusted partner for IT Services and Cybersecurity on Long Island providing expert managed services and secure network support backed by over 20 years of experience.","publisher":{"@id":"https:\/\/www.dssitservices.com\/#organization"},"potentialAction":[{"@type":"SearchAction","target":{"@type":"EntryPoint","urlTemplate":"https:\/\/www.dssitservices.com\/?s={search_term_string}"},"query-input":{"@type":"PropertyValueSpecification","valueRequired":true,"valueName":"search_term_string"}}],"inLanguage":"sq"},{"@type":"Organization","@id":"https:\/\/www.dssitservices.com\/#organization","name":"DSS Management Inc","url":"https:\/\/www.dssitservices.com\/","logo":{"@type":"ImageObject","inLanguage":"sq","@id":"https:\/\/www.dssitservices.com\/#\/schema\/logo\/image\/","url":"https:\/\/www.dssitservices.com\/wp-content\/uploads\/2019\/01\/DSS-Logo-Main-1-1.png","contentUrl":"https:\/\/www.dssitservices.com\/wp-content\/uploads\/2019\/01\/DSS-Logo-Main-1-1.png","width":297,"height":100,"caption":"DSS Management Inc"},"image":{"@id":"https:\/\/www.dssitservices.com\/#\/schema\/logo\/image\/"},"sameAs":["https:\/\/www.facebook.com\/DSSIT","https:\/\/www.instagram.com\/dssit\/","https:\/\/www.linkedin.com\/company\/dssitinc\/","https:\/\/www.youtube.com\/channel\/UCUfIRO4HxMQ2vLpza29n0Vg"]}]}},"_links":{"self":[{"href":"https:\/\/www.dssitservices.com\/sq\/wp-json\/wp\/v2\/pages\/31881","targetHints":{"allow":["GET"]}}],"collection":[{"href":"https:\/\/www.dssitservices.com\/sq\/wp-json\/wp\/v2\/pages"}],"about":[{"href":"https:\/\/www.dssitservices.com\/sq\/wp-json\/wp\/v2\/types\/page"}],"author":[{"embeddable":true,"href":"https:\/\/www.dssitservices.com\/sq\/wp-json\/wp\/v2\/users\/8"}],"replies":[{"embeddable":true,"href":"https:\/\/www.dssitservices.com\/sq\/wp-json\/wp\/v2\/comments?post=31881"}],"version-history":[{"count":0,"href":"https:\/\/www.dssitservices.com\/sq\/wp-json\/wp\/v2\/pages\/31881\/revisions"}],"up":[{"embeddable":true,"href":"https:\/\/www.dssitservices.com\/sq\/wp-json\/wp\/v2\/pages\/707"}],"wp:attachment":[{"href":"https:\/\/www.dssitservices.com\/sq\/wp-json\/wp\/v2\/media?parent=31881"}],"curies":[{"name":"wp","href":"https:\/\/api.w.org\/{rel}","templated":true}]}}