{"id":31887,"date":"2025-03-04T19:58:05","date_gmt":"2025-03-04T19:58:05","guid":{"rendered":"https:\/\/www.dssitservices.com\/?page_id=31887"},"modified":"2025-09-26T00:12:05","modified_gmt":"2025-09-26T00:12:05","slug":"state-local-government","status":"publish","type":"page","link":"https:\/\/www.dssitservices.com\/sq\/it-services\/state-local-government\/","title":{"rendered":"Qeveri Q\u00ebndrore dhe Lokale"},"content":{"rendered":"<section class=\"wpb-content-wrapper\"><section id=\"overview\" data-vc-full-width=\"true\" data-vc-full-width-init=\"false\" class=\"vc_section vc_custom_1536315102680\"><div class=\"vc_row wpb_row vc_row-fluid\"><div class=\"wpb_column vc_column_container vc_col-sm-12 vc_hidden-sm vc_hidden-xs\"><div class=\"vc_column-inner\"><div class=\"wpb_wrapper\"><div  class=\"wpb_widgetised_column wpb_content_element\">\n\t\t<div class=\"wpb_wrapper\">\n\t\t\t\n\t\t\t<div id=\"nav_menu-7\" class=\"widget-odd widget-last widget-first widget-1 fixed-menu widget widget_nav_menu\"><div class=\"menu-services-container\"><ul id=\"menu-services\" class=\"menu\"><li id=\"menu-item-1191\" class=\"menu-item menu-item-type-custom menu-item-object-custom menu-item-1191\"><a href=\"#overview\" data-ps2id-api=\"true\">P\u00ebrmbledhje<\/a><\/li>\n<li id=\"menu-item-1193\" class=\"menu-item menu-item-type-custom menu-item-object-custom menu-item-1193\"><a href=\"#solutions\" data-ps2id-api=\"true\">Zgjidhje<\/a><\/li>\n<li id=\"menu-item-1192\" class=\"menu-item menu-item-type-custom menu-item-object-custom menu-item-1192\"><a href=\"#benefits\" data-ps2id-api=\"true\">Benefitet<\/a><\/li>\n<li id=\"menu-item-1200\" class=\"menu-item menu-item-type-custom menu-item-object-custom menu-item-1200\"><a href=\"#site-footer\" data-ps2id-api=\"true\">Na Kontaktoni<\/a><\/li>\n<\/ul><\/div><\/div>\n\t\t<\/div>\n\t<\/div>\n<div class=\"vc_empty_space\"   style=\"height: 60px\"><span class=\"vc_empty_space_inner\"><\/span><\/div><\/div><\/div><\/div><\/div><div class=\"vc_row wpb_row vc_row-fluid vc_custom_1741115272553\"><div class=\"wpb_column vc_column_container vc_col-sm-6\"><div class=\"vc_column-inner\"><div class=\"wpb_wrapper\">\n\t<div  class=\"wpb_single_image wpb_content_element vc_align_left\">\n\t\t\n\t\t<figure class=\"wpb_wrapper vc_figure\">\n\t\t\t<div class=\"vc_single_image-wrapper   vc_box_border_grey\"><img loading=\"lazy\" decoding=\"async\" width=\"1113\" height=\"795\" src=\"https:\/\/www.dssitservices.com\/wp-content\/uploads\/2025\/03\/stategov-hero-1500x795.0c868f75.jpg\" class=\"vc_single_image-img attachment-full\" alt=\"\" title=\"stategov-hero-1500x795.0c868f75\" srcset=\"https:\/\/www.dssitservices.com\/wp-content\/uploads\/2025\/03\/stategov-hero-1500x795.0c868f75.jpg 1113w, https:\/\/www.dssitservices.com\/wp-content\/uploads\/2025\/03\/stategov-hero-1500x795.0c868f75-300x214.jpg 300w, https:\/\/www.dssitservices.com\/wp-content\/uploads\/2025\/03\/stategov-hero-1500x795.0c868f75-1024x731.jpg 1024w, https:\/\/www.dssitservices.com\/wp-content\/uploads\/2025\/03\/stategov-hero-1500x795.0c868f75-768x549.jpg 768w\" sizes=\"auto, (max-width: 1113px) 100vw, 1113px\" \/><\/div>\n\t\t<\/figure>\n\t<\/div>\n<\/div><\/div><\/div><div class=\"wpb_column vc_column_container vc_col-sm-6\"><div class=\"vc_column-inner\"><div class=\"wpb_wrapper\"><h2 style=\"text-align: left\" class=\"vc_custom_heading vc_custom_1741118880943\" >INDUSTRIT\u00cb<\/h2><h2 style=\"text-align: left\" class=\"vc_custom_heading vc_custom_1741118587496\" >Qeveri Q\u00ebndrore dhe Lokale<\/h2><h4 style=\"text-align: left\" class=\"vc_custom_heading vc_custom_1741118596256\" >Zyra dhe Sh\u00ebrbime t\u00eb Qeverive Shtet\u00ebrore<\/h4>\n\t<div class=\"wpb_text_column wpb_content_element\" >\n\t\t<div class=\"wpb_wrapper\">\n\t\t\t<p style=\"text-align: left;\">Me rritjen e k\u00ebrkes\u00ebs p\u00ebr teknologji dhe zgjidhje pune n\u00eb distanc\u00eb n\u00eb departamentet dhe zyrat e qeveris\u00eb s\u00eb shtetit t\u00eb Florid\u00ebs, \u00ebsht\u00eb rritur edhe nevoja p\u00ebr zgjidhje profesionale t\u00eb IT-s\u00eb. Kur pun\u00ebsoni DSS IT, ju pun\u00ebsoni ekspert\u00eb t\u00eb industris\u00eb q\u00eb specializohen n\u00eb mb\u00ebshtetjen e nevojave t\u00eb departamenteve qeveritare t\u00eb shtetit n\u00eb zyra t\u00eb shumta n\u00eb t\u00eb gjith\u00eb shtetin e Florid\u00ebs. Me tet\u00eb zyra t\u00eb vendosura n\u00eb t\u00eb gjith\u00eb shtetin, divizioni juaj n\u00eb Florida mund t\u00eb ket\u00eb nj\u00eb kompani t\u00eb vetme IT q\u00eb mbulon t\u00eb gjitha nevojat tuaja n\u00eb \u00e7do zyr\u00eb, me sh\u00ebrbim n\u00eb distanc\u00eb dhe n\u00eb vend 24\/7. DSS IT nuk i jasht\u00ebson profesionist\u00ebt e saj t\u00eb IT-s\u00eb. T\u00eb gjith\u00eb mbi 25 ekspert\u00ebt tan\u00eb t\u00eb teknologjis\u00eb kan\u00eb leje sigurie, kontrolle t\u00eb historikut, trajnim t\u00eb vazhduesh\u00ebm t\u00eb avancuar dhe certifikime. Disa nga departamentet m\u00eb t\u00eb r\u00ebnd\u00ebsishme t\u00eb qeveris\u00eb s\u00eb shtetit t\u00eb Florid\u00ebs q\u00eb mb\u00ebshtesim aktualisht p\u00ebrfshijn\u00eb:<\/p>\n<ul>\n<li>Legjislatura dhe Senati i Shtetit t\u00eb Florid\u00ebs<\/li>\n<li>Departamenti i Korreksioneve i Shtetit t\u00eb Florid\u00ebs<\/li>\n<li>Departamenti i Bujq\u00ebsis\u00eb dhe Sh\u00ebrbimeve p\u00ebr Konsumator\u00ebt i Shtetit t\u00eb Florid\u00ebs<\/li>\n<\/ul>\n\n\t\t<\/div>\n\t<\/div>\n<\/div><\/div><\/div><div class=\"wpb_column vc_column_container vc_col-sm-12\"><div class=\"vc_column-inner\"><div class=\"wpb_wrapper\"><div class=\"vc_empty_space\"   style=\"height: 60px\"><span class=\"vc_empty_space_inner\"><\/span><\/div><\/div><\/div><\/div><\/div><div class=\"vc_row wpb_row vc_row-fluid vc_custom_1741115272553\"><div class=\"wpb_column vc_column_container vc_col-sm-6\"><div class=\"vc_column-inner\"><div class=\"wpb_wrapper\">\n\t<div  class=\"wpb_single_image wpb_content_element vc_align_left\">\n\t\t\n\t\t<figure class=\"wpb_wrapper vc_figure\">\n\t\t\t<div class=\"vc_single_image-wrapper   vc_box_border_grey\"><img loading=\"lazy\" decoding=\"async\" width=\"540\" height=\"540\" src=\"https:\/\/www.dssitservices.com\/wp-content\/uploads\/2025\/03\/localgov-thumbnail-560x560.174c2f1a.jpg\" class=\"vc_single_image-img attachment-full\" alt=\"\" title=\"localgov-thumbnail-560x560.174c2f1a\" srcset=\"https:\/\/www.dssitservices.com\/wp-content\/uploads\/2025\/03\/localgov-thumbnail-560x560.174c2f1a.jpg 540w, https:\/\/www.dssitservices.com\/wp-content\/uploads\/2025\/03\/localgov-thumbnail-560x560.174c2f1a-300x300.jpg 300w, https:\/\/www.dssitservices.com\/wp-content\/uploads\/2025\/03\/localgov-thumbnail-560x560.174c2f1a-150x150.jpg 150w\" sizes=\"auto, (max-width: 540px) 100vw, 540px\" \/><\/div>\n\t\t<\/figure>\n\t<\/div>\n<\/div><\/div><\/div><div class=\"wpb_column vc_column_container vc_col-sm-6\"><div class=\"vc_column-inner\"><div class=\"wpb_wrapper\"><h4 style=\"text-align: left\" class=\"vc_custom_heading vc_custom_1741118690832\" >Qeverit\u00eb Lokale dhe Komunat<\/h4>\n\t<div class=\"wpb_text_column wpb_content_element\" >\n\t\t<div class=\"wpb_wrapper\">\n\t\t\t<p>Me rritjen e nevoj\u00ebs p\u00ebr t\u00eb avancuar teknologjin\u00eb e komunave tuaja lokale, \u00ebsht\u00eb rritur edhe nevoja p\u00ebr t\u00eb forcuar qasjen tuaj ndaj siguris\u00eb. P\u00ebr qytetin apo komun\u00ebn tuaj, nj\u00eb nga k\u00ebrc\u00ebnimet m\u00eb t\u00eb m\u00ebdha jan\u00eb sulmet kibernetike \u2013 dhe me qytete n\u00eb t\u00eb gjith\u00eb vendin q\u00eb po mbahen peng nga ransomware, a nuk \u00ebsht\u00eb koha q\u00eb t\u00eb keni nj\u00eb plan? Balancimi i nevojave funksionale me ato t\u00eb siguris\u00eb mund t\u00eb jet\u00eb i v\u00ebshtir\u00eb p\u00ebr departamentin tuaj t\u00eb brendsh\u00ebm t\u00eb IT-s\u00eb q\u00eb ta p\u00ebrballoj\u00eb i vet\u00ebm. K\u00ebtu hyn n\u00eb loj\u00eb DSS IT. Ne ndihmojm\u00eb qytetet t\u00eb:<\/p>\n<ul>\n<li>Krijojn\u00eb Plane p\u00ebr Fatkeq\u00ebsi dhe Rikuperim t\u00eb IT-s\u00eb<\/li>\n<li>Trajnojn\u00eb stafin e tyre se si t\u00eb identifikojn\u00eb nj\u00eb k\u00ebrc\u00ebnim t\u00eb mundsh\u00ebm t\u00eb siguris\u00eb<\/li>\n<li>Krijojn\u00eb monitorim proaktiv t\u00eb siguris\u00eb dhe p\u00ebrmir\u00ebsojn\u00eb sigurin\u00eb kibernetike<\/li>\n<li>Mb\u00ebshtesin nevojat e an\u00ebtar\u00ebve t\u00eb ekipit p\u00ebr t\u00eb punuar nga sht\u00ebpia, duke pasur ende qasje t\u00eb sigurt n\u00eb skedar\u00eb dhe burime.<\/li>\n<li>Mir\u00ebmbajn\u00eb dhe Mb\u00ebshtesin t\u00eb gjith\u00eb harduerin dhe infrastruktur\u00ebn tuaj t\u00eb rrjetit IT.<\/li>\n<li>Nd\u00ebrtojn\u00eb kopje rezerv\u00eb dhe monitorim t\u00eb tep\u00ebrt (redundant).<\/li>\n<li>Riparojn\u00eb, p\u00ebrdit\u00ebsojn\u00eb dhe sh\u00ebrbejn\u00eb printer\u00ebt dhe skaner\u00ebt tuaj.<\/li>\n<\/ul>\n<p>Aktualisht, ne mb\u00ebshtesim jo vet\u00ebm komunat, por edhe n\u00ebn-agjencit\u00eb e tyre \u2013 nga Policia, Zjarrfik\u00ebsit, Sh\u00ebrbimi i Urgjenc\u00ebs, Qendrat 911, Menaxhimi i Ujit dhe m\u00eb shum\u00eb.<\/p>\n\n\t\t<\/div>\n\t<\/div>\n<div class=\"vc_empty_space\"   style=\"height: 60px\"><span class=\"vc_empty_space_inner\"><\/span><\/div>\n\t<div  class=\"wpb_single_image wpb_content_element vc_align_left\">\n\t\t\n\t\t<figure class=\"wpb_wrapper vc_figure\">\n\t\t\t<div class=\"vc_single_image-wrapper   vc_box_border_grey\"><img loading=\"lazy\" decoding=\"async\" width=\"118\" height=\"66\" src=\"https:\/\/www.dssitservices.com\/wp-content\/uploads\/2025\/03\/north-port-forida.23a6ef4a.png\" class=\"vc_single_image-img attachment-thumbnail\" alt=\"\" title=\"north-port-forida.23a6ef4a\" \/><\/div>\n\t\t<\/figure>\n\t<\/div>\n<\/div><\/div><\/div><\/div><\/section><div class=\"vc_row-full-width vc_clearfix\"><\/div>\n<\/section>","protected":false},"excerpt":{"rendered":"Overview Solutions Benefits Contact us INDUSTRIESState &amp; Local GovernmentState Governments Offices and Services As the demand for technology and remote working solutions have increased in Florida state government departments and offices, so have the need for professional I.T. solutions. When you hire with DSS IT, you are hiring industry experts that specialize in supporting the [...]","protected":false},"author":8,"featured_media":0,"parent":707,"menu_order":0,"comment_status":"closed","ping_status":"closed","template":"","meta":{"content-type":"","_monsterinsights_skip_tracking":false,"_monsterinsights_sitenote_active":false,"_monsterinsights_sitenote_note":"","_monsterinsights_sitenote_category":0,"footnotes":""},"class_list":["post-31887","page","type-page","status-publish","hentry"],"yoast_head":"<!-- This site is optimized with the Yoast SEO plugin v27.3 - https:\/\/yoast.com\/product\/yoast-seo-wordpress\/ -->\n<title>State &amp; Local Government - DSS - IT &amp; Cyber Security Management<\/title>\n<meta name=\"description\" content=\"Managed IT Services are designed to allow your company to outsource their IT Department, or we can partner with your internal IT resources\" \/>\n<meta name=\"robots\" content=\"index, follow, max-snippet:-1, max-image-preview:large, max-video-preview:-1\" \/>\n<link rel=\"canonical\" href=\"https:\/\/www.dssitservices.com\/sq\/it-services\/state-local-government\/\" \/>\n<meta property=\"og:locale\" content=\"sq_AL\" \/>\n<meta property=\"og:type\" content=\"article\" \/>\n<meta property=\"og:title\" content=\"State &amp; Local Government - DSS - IT &amp; Cyber Security Management\" \/>\n<meta property=\"og:description\" content=\"Managed IT Services are designed to allow your company to outsource their IT Department, or we can partner with your internal IT resources\" \/>\n<meta property=\"og:url\" content=\"https:\/\/www.dssitservices.com\/sq\/it-services\/state-local-government\/\" \/>\n<meta property=\"og:site_name\" content=\"DSS - IT &amp; Cyber Security Management\" \/>\n<meta property=\"article:publisher\" content=\"https:\/\/www.facebook.com\/DSSIT\" \/>\n<meta property=\"article:modified_time\" content=\"2025-09-26T00:12:05+00:00\" \/>\n<meta name=\"twitter:card\" content=\"summary_large_image\" \/>\n<meta name=\"twitter:label1\" content=\"Est. reading time\" \/>\n\t<meta name=\"twitter:data1\" content=\"3 minuta\" \/>\n<script type=\"application\/ld+json\" class=\"yoast-schema-graph\">{\"@context\":\"https:\\\/\\\/schema.org\",\"@graph\":[{\"@type\":\"WebPage\",\"@id\":\"https:\\\/\\\/www.dssitservices.com\\\/it-services\\\/state-local-government\\\/\",\"url\":\"https:\\\/\\\/www.dssitservices.com\\\/it-services\\\/state-local-government\\\/\",\"name\":\"State & Local Government - DSS - IT &amp; Cyber Security Management\",\"isPartOf\":{\"@id\":\"https:\\\/\\\/www.dssitservices.com\\\/#website\"},\"datePublished\":\"2025-03-04T19:58:05+00:00\",\"dateModified\":\"2025-09-26T00:12:05+00:00\",\"description\":\"Managed IT Services are designed to allow your company to outsource their IT Department, or we can partner with your internal IT resources\",\"breadcrumb\":{\"@id\":\"https:\\\/\\\/www.dssitservices.com\\\/it-services\\\/state-local-government\\\/#breadcrumb\"},\"inLanguage\":\"sq\",\"potentialAction\":[{\"@type\":\"ReadAction\",\"target\":[\"https:\\\/\\\/www.dssitservices.com\\\/it-services\\\/state-local-government\\\/\"]}]},{\"@type\":\"BreadcrumbList\",\"@id\":\"https:\\\/\\\/www.dssitservices.com\\\/it-services\\\/state-local-government\\\/#breadcrumb\",\"itemListElement\":[{\"@type\":\"ListItem\",\"position\":1,\"name\":\"Home\",\"item\":\"https:\\\/\\\/www.dssitservices.com\\\/\"},{\"@type\":\"ListItem\",\"position\":2,\"name\":\"IT Services\",\"item\":\"https:\\\/\\\/www.dssitservices.com\\\/it-services\\\/\"},{\"@type\":\"ListItem\",\"position\":3,\"name\":\"State &#038; Local Government\"}]},{\"@type\":\"WebSite\",\"@id\":\"https:\\\/\\\/www.dssitservices.com\\\/#website\",\"url\":\"https:\\\/\\\/www.dssitservices.com\\\/\",\"name\":\"DSS - IT & Cyber Security Management\",\"description\":\"DSS IT is your trusted partner for IT Services and Cybersecurity on Long Island providing expert managed services and secure network support backed by over 20 years of experience.\",\"publisher\":{\"@id\":\"https:\\\/\\\/www.dssitservices.com\\\/#organization\"},\"potentialAction\":[{\"@type\":\"SearchAction\",\"target\":{\"@type\":\"EntryPoint\",\"urlTemplate\":\"https:\\\/\\\/www.dssitservices.com\\\/?s={search_term_string}\"},\"query-input\":{\"@type\":\"PropertyValueSpecification\",\"valueRequired\":true,\"valueName\":\"search_term_string\"}}],\"inLanguage\":\"sq\"},{\"@type\":\"Organization\",\"@id\":\"https:\\\/\\\/www.dssitservices.com\\\/#organization\",\"name\":\"DSS Management Inc\",\"url\":\"https:\\\/\\\/www.dssitservices.com\\\/\",\"logo\":{\"@type\":\"ImageObject\",\"inLanguage\":\"sq\",\"@id\":\"https:\\\/\\\/www.dssitservices.com\\\/#\\\/schema\\\/logo\\\/image\\\/\",\"url\":\"https:\\\/\\\/www.dssitservices.com\\\/wp-content\\\/uploads\\\/2019\\\/01\\\/DSS-Logo-Main-1-1.png\",\"contentUrl\":\"https:\\\/\\\/www.dssitservices.com\\\/wp-content\\\/uploads\\\/2019\\\/01\\\/DSS-Logo-Main-1-1.png\",\"width\":297,\"height\":100,\"caption\":\"DSS Management Inc\"},\"image\":{\"@id\":\"https:\\\/\\\/www.dssitservices.com\\\/#\\\/schema\\\/logo\\\/image\\\/\"},\"sameAs\":[\"https:\\\/\\\/www.facebook.com\\\/DSSIT\",\"https:\\\/\\\/www.instagram.com\\\/dssit\\\/\",\"https:\\\/\\\/www.linkedin.com\\\/company\\\/dssitinc\\\/\",\"https:\\\/\\\/www.youtube.com\\\/channel\\\/UCUfIRO4HxMQ2vLpza29n0Vg\"]}]}<\/script>\n<!-- \/ Yoast SEO plugin. -->","yoast_head_json":{"title":"State & Local Government - DSS - IT &amp; Cyber Security Management","description":"Managed IT Services are designed to allow your company to outsource their IT Department, or we can partner with your internal IT resources","robots":{"index":"index","follow":"follow","max-snippet":"max-snippet:-1","max-image-preview":"max-image-preview:large","max-video-preview":"max-video-preview:-1"},"canonical":"https:\/\/www.dssitservices.com\/sq\/it-services\/state-local-government\/","og_locale":"sq_AL","og_type":"article","og_title":"State & Local Government - DSS - IT &amp; Cyber Security Management","og_description":"Managed IT Services are designed to allow your company to outsource their IT Department, or we can partner with your internal IT resources","og_url":"https:\/\/www.dssitservices.com\/sq\/it-services\/state-local-government\/","og_site_name":"DSS - IT &amp; Cyber Security Management","article_publisher":"https:\/\/www.facebook.com\/DSSIT","article_modified_time":"2025-09-26T00:12:05+00:00","twitter_card":"summary_large_image","twitter_misc":{"Est. reading time":"3 minuta"},"schema":{"@context":"https:\/\/schema.org","@graph":[{"@type":"WebPage","@id":"https:\/\/www.dssitservices.com\/it-services\/state-local-government\/","url":"https:\/\/www.dssitservices.com\/it-services\/state-local-government\/","name":"State & Local Government - DSS - IT &amp; Cyber Security Management","isPartOf":{"@id":"https:\/\/www.dssitservices.com\/#website"},"datePublished":"2025-03-04T19:58:05+00:00","dateModified":"2025-09-26T00:12:05+00:00","description":"Managed IT Services are designed to allow your company to outsource their IT Department, or we can partner with your internal IT resources","breadcrumb":{"@id":"https:\/\/www.dssitservices.com\/it-services\/state-local-government\/#breadcrumb"},"inLanguage":"sq","potentialAction":[{"@type":"ReadAction","target":["https:\/\/www.dssitservices.com\/it-services\/state-local-government\/"]}]},{"@type":"BreadcrumbList","@id":"https:\/\/www.dssitservices.com\/it-services\/state-local-government\/#breadcrumb","itemListElement":[{"@type":"ListItem","position":1,"name":"Home","item":"https:\/\/www.dssitservices.com\/"},{"@type":"ListItem","position":2,"name":"IT Services","item":"https:\/\/www.dssitservices.com\/it-services\/"},{"@type":"ListItem","position":3,"name":"State &#038; Local Government"}]},{"@type":"WebSite","@id":"https:\/\/www.dssitservices.com\/#website","url":"https:\/\/www.dssitservices.com\/","name":"DSS - IT & Cyber Security Management","description":"DSS IT is your trusted partner for IT Services and Cybersecurity on Long Island providing expert managed services and secure network support backed by over 20 years of experience.","publisher":{"@id":"https:\/\/www.dssitservices.com\/#organization"},"potentialAction":[{"@type":"SearchAction","target":{"@type":"EntryPoint","urlTemplate":"https:\/\/www.dssitservices.com\/?s={search_term_string}"},"query-input":{"@type":"PropertyValueSpecification","valueRequired":true,"valueName":"search_term_string"}}],"inLanguage":"sq"},{"@type":"Organization","@id":"https:\/\/www.dssitservices.com\/#organization","name":"DSS Management Inc","url":"https:\/\/www.dssitservices.com\/","logo":{"@type":"ImageObject","inLanguage":"sq","@id":"https:\/\/www.dssitservices.com\/#\/schema\/logo\/image\/","url":"https:\/\/www.dssitservices.com\/wp-content\/uploads\/2019\/01\/DSS-Logo-Main-1-1.png","contentUrl":"https:\/\/www.dssitservices.com\/wp-content\/uploads\/2019\/01\/DSS-Logo-Main-1-1.png","width":297,"height":100,"caption":"DSS Management Inc"},"image":{"@id":"https:\/\/www.dssitservices.com\/#\/schema\/logo\/image\/"},"sameAs":["https:\/\/www.facebook.com\/DSSIT","https:\/\/www.instagram.com\/dssit\/","https:\/\/www.linkedin.com\/company\/dssitinc\/","https:\/\/www.youtube.com\/channel\/UCUfIRO4HxMQ2vLpza29n0Vg"]}]}},"_links":{"self":[{"href":"https:\/\/www.dssitservices.com\/sq\/wp-json\/wp\/v2\/pages\/31887","targetHints":{"allow":["GET"]}}],"collection":[{"href":"https:\/\/www.dssitservices.com\/sq\/wp-json\/wp\/v2\/pages"}],"about":[{"href":"https:\/\/www.dssitservices.com\/sq\/wp-json\/wp\/v2\/types\/page"}],"author":[{"embeddable":true,"href":"https:\/\/www.dssitservices.com\/sq\/wp-json\/wp\/v2\/users\/8"}],"replies":[{"embeddable":true,"href":"https:\/\/www.dssitservices.com\/sq\/wp-json\/wp\/v2\/comments?post=31887"}],"version-history":[{"count":0,"href":"https:\/\/www.dssitservices.com\/sq\/wp-json\/wp\/v2\/pages\/31887\/revisions"}],"up":[{"embeddable":true,"href":"https:\/\/www.dssitservices.com\/sq\/wp-json\/wp\/v2\/pages\/707"}],"wp:attachment":[{"href":"https:\/\/www.dssitservices.com\/sq\/wp-json\/wp\/v2\/media?parent=31887"}],"curies":[{"name":"wp","href":"https:\/\/api.w.org\/{rel}","templated":true}]}}