{"id":31897,"date":"2025-03-04T20:17:07","date_gmt":"2025-03-04T20:17:07","guid":{"rendered":"https:\/\/www.dssitservices.com\/?page_id=31897"},"modified":"2025-09-26T00:13:52","modified_gmt":"2025-09-26T00:13:52","slug":"small-and-medium-size-business-i-t-services","status":"publish","type":"page","link":"https:\/\/www.dssitservices.com\/sq\/it-services\/small-and-medium-size-business-i-t-services\/","title":{"rendered":"Sh\u00ebrbime t\u00eb IT p\u00ebr Biznese t\u00eb Vogla dhe t\u00eb Mesme"},"content":{"rendered":"<section class=\"wpb-content-wrapper\"><section id=\"overview\" data-vc-full-width=\"true\" data-vc-full-width-init=\"false\" class=\"vc_section vc_custom_1536315102680\"><div class=\"vc_row wpb_row vc_row-fluid\"><div class=\"wpb_column vc_column_container vc_col-sm-12 vc_hidden-sm vc_hidden-xs\"><div class=\"vc_column-inner\"><div class=\"wpb_wrapper\"><div  class=\"wpb_widgetised_column wpb_content_element\">\n\t\t<div class=\"wpb_wrapper\">\n\t\t\t\n\t\t\t<div id=\"nav_menu-7\" class=\"widget-odd widget-last widget-first widget-1 fixed-menu widget widget_nav_menu\"><div class=\"menu-services-container\"><ul id=\"menu-services\" class=\"menu\"><li id=\"menu-item-1191\" class=\"menu-item menu-item-type-custom menu-item-object-custom menu-item-1191\"><a href=\"#overview\" data-ps2id-api=\"true\">P\u00ebrmbledhje<\/a><\/li>\n<li id=\"menu-item-1193\" class=\"menu-item menu-item-type-custom menu-item-object-custom menu-item-1193\"><a href=\"#solutions\" data-ps2id-api=\"true\">Zgjidhje<\/a><\/li>\n<li id=\"menu-item-1192\" class=\"menu-item menu-item-type-custom menu-item-object-custom menu-item-1192\"><a href=\"#benefits\" data-ps2id-api=\"true\">Benefitet<\/a><\/li>\n<li id=\"menu-item-1200\" class=\"menu-item menu-item-type-custom menu-item-object-custom menu-item-1200\"><a href=\"#site-footer\" data-ps2id-api=\"true\">Na Kontaktoni<\/a><\/li>\n<\/ul><\/div><\/div>\n\t\t<\/div>\n\t<\/div>\n<div class=\"vc_empty_space\"   style=\"height: 60px\"><span class=\"vc_empty_space_inner\"><\/span><\/div><\/div><\/div><\/div><\/div><div class=\"vc_row wpb_row vc_row-fluid vc_custom_1741115272553\"><div class=\"wpb_column vc_column_container vc_col-sm-6\"><div class=\"vc_column-inner\"><div class=\"wpb_wrapper\">\n\t<div  class=\"wpb_single_image wpb_content_element vc_align_left\">\n\t\t\n\t\t<figure class=\"wpb_wrapper vc_figure\">\n\t\t\t<div class=\"vc_single_image-wrapper   vc_box_border_grey\"><img loading=\"lazy\" decoding=\"async\" width=\"1197\" height=\"795\" src=\"https:\/\/www.dssitservices.com\/wp-content\/uploads\/2025\/03\/education-hero2-1500x795-1.jpg\" class=\"vc_single_image-img attachment-full\" alt=\"\" title=\"education-hero2-1500x795-1\" srcset=\"https:\/\/www.dssitservices.com\/wp-content\/uploads\/2025\/03\/education-hero2-1500x795-1.jpg 1197w, https:\/\/www.dssitservices.com\/wp-content\/uploads\/2025\/03\/education-hero2-1500x795-1-300x199.jpg 300w, https:\/\/www.dssitservices.com\/wp-content\/uploads\/2025\/03\/education-hero2-1500x795-1-1024x680.jpg 1024w, https:\/\/www.dssitservices.com\/wp-content\/uploads\/2025\/03\/education-hero2-1500x795-1-768x510.jpg 768w\" sizes=\"auto, (max-width: 1197px) 100vw, 1197px\" \/><\/div>\n\t\t<\/figure>\n\t<\/div>\n<\/div><\/div><\/div><div class=\"wpb_column vc_column_container vc_col-sm-6\"><div class=\"vc_column-inner\"><div class=\"wpb_wrapper\"><h2 style=\"text-align: left\" class=\"vc_custom_heading vc_custom_1741118880943\" >INDUSTRIT\u00cb<\/h2><h2 style=\"text-align: left\" class=\"vc_custom_heading vc_custom_1741119442157\" >Sh\u00ebrbime t\u00eb IT p\u00ebr Biznese t\u00eb Vogla dhe t\u00eb Mesme<\/h2><h4 style=\"text-align: left\" class=\"vc_custom_heading vc_custom_1741119458501\" >Zgjidhja Juaj e IT-s\u00eb p\u00ebr Biznesin<\/h4>\n\t<div class=\"wpb_text_column wpb_content_element\" >\n\t\t<div class=\"wpb_wrapper\">\n\t\t\t<p>T\u00eb jemi pran\u00eb biznesit tuaj kur keni m\u00eb shum\u00eb nevoj\u00eb p\u00ebr nj\u00eb partner \u2013 kjo \u00ebsht\u00eb m\u00ebnyra jon\u00eb e qasjes p\u00ebr t\u2019u sh\u00ebrbyer bizneseve t\u00eb vogla dhe t\u00eb mesme n\u00eb Florida. Si pronar\u00eb biznesesh, ju tashm\u00eb keni shum\u00eb gj\u00ebra p\u00ebr t\u00eb cilat duhet t\u00eb shqet\u00ebsoheni; nevojat e IT-s\u00eb n\u00eb zyr\u00ebn tuaj nuk duhet t\u00eb jen\u00eb nj\u00ebra prej tyre. DSS IT ofron zgjidhje strategjike teknologjike q\u00eb jo vet\u00ebm ndihmojn\u00eb biznesin tuaj sot, por e ndihmojn\u00eb at\u00eb t\u00eb rritet edhe n\u00eb t\u00eb ardhmen.\n\nKjo do t\u00eb thot\u00eb q\u00eb ne kujdesemi p\u00ebr gjith\u00e7ka, duke p\u00ebrfshir\u00eb:<\/p>\n<ul>\n<li>Konfigurimin e virtualizimit p\u00ebr pun\u00eb nga sht\u00ebpia<\/li>\n<li>Sigurin\u00eb e rrjetit<\/li>\n<li>Mb\u00ebshtetjen p\u00ebr softuer dhe harduer<\/li>\n<li>Kopje rezerv\u00eb dhe monitorim proaktiv<\/li>\n<li>Riparimin dhe sh\u00ebrbimin e printer\u00ebve<\/li>\n<\/ul>\n<p>Ju keni punuar shum\u00eb p\u00ebr ta rritur biznesin tuaj \u2013 na lejoni t\u2019ju ndihmojm\u00eb ta mbani t\u00eb sigurt dhe t\u00eb sh\u00ebndetsh\u00ebm.<\/p>\n\n\t\t<\/div>\n\t<\/div>\n<div class=\"vc_empty_space\"   style=\"height: 60px\"><span class=\"vc_empty_space_inner\"><\/span><\/div><\/div><\/div><\/div><\/div><\/section><div class=\"vc_row-full-width vc_clearfix\"><\/div><div class=\"vc_row wpb_row vc_row-fluid\"><div class=\"wpb_column vc_column_container vc_col-sm-12\"><div class=\"vc_column-inner\"><div class=\"wpb_wrapper\"><div class=\"wpb_gallery wpb_content_element vc_clearfix\" ><div class=\"wpb_wrapper\"><div class=\"wpb_gallery_slides wpb_image_grid\" data-interval=\"3\"><ul class=\"wpb_image_grid_ul\"><li class=\"isotope-item\"><img loading=\"lazy\" decoding=\"async\" width=\"480\" height=\"329\" src=\"https:\/\/www.dssitservices.com\/wp-content\/uploads\/2025\/03\/krispy-kreme-logo-480x329-1.png\" class=\"attachment-full\" alt=\"\" title=\"krispy-kreme-logo-480x329\" srcset=\"https:\/\/www.dssitservices.com\/wp-content\/uploads\/2025\/03\/krispy-kreme-logo-480x329-1.png 480w, https:\/\/www.dssitservices.com\/wp-content\/uploads\/2025\/03\/krispy-kreme-logo-480x329-1-300x206.png 300w\" sizes=\"auto, (max-width: 480px) 100vw, 480px\" \/><\/li><li class=\"isotope-item\"><img loading=\"lazy\" decoding=\"async\" width=\"480\" height=\"329\" src=\"https:\/\/www.dssitservices.com\/wp-content\/uploads\/2025\/03\/kuehne-nagel-logo-480x329-1.png\" class=\"attachment-full\" alt=\"\" title=\"kuehne-nagel-logo-480x329\" srcset=\"https:\/\/www.dssitservices.com\/wp-content\/uploads\/2025\/03\/kuehne-nagel-logo-480x329-1.png 480w, https:\/\/www.dssitservices.com\/wp-content\/uploads\/2025\/03\/kuehne-nagel-logo-480x329-1-300x206.png 300w\" sizes=\"auto, (max-width: 480px) 100vw, 480px\" \/><\/li><li class=\"isotope-item\"><img loading=\"lazy\" decoding=\"async\" width=\"480\" height=\"329\" src=\"https:\/\/www.dssitservices.com\/wp-content\/uploads\/2025\/03\/kanes-furniture-logo-480x329-1.png\" class=\"attachment-full\" alt=\"\" title=\"kanes-furniture-logo-480x329\" srcset=\"https:\/\/www.dssitservices.com\/wp-content\/uploads\/2025\/03\/kanes-furniture-logo-480x329-1.png 480w, https:\/\/www.dssitservices.com\/wp-content\/uploads\/2025\/03\/kanes-furniture-logo-480x329-1-300x206.png 300w\" sizes=\"auto, (max-width: 480px) 100vw, 480px\" \/><\/li><li class=\"isotope-item\"><img loading=\"lazy\" decoding=\"async\" width=\"480\" height=\"329\" src=\"https:\/\/www.dssitservices.com\/wp-content\/uploads\/2025\/03\/freightliner-logo-480x329-1.png\" class=\"attachment-full\" alt=\"\" title=\"freightliner-logo-480x329\" srcset=\"https:\/\/www.dssitservices.com\/wp-content\/uploads\/2025\/03\/freightliner-logo-480x329-1.png 480w, https:\/\/www.dssitservices.com\/wp-content\/uploads\/2025\/03\/freightliner-logo-480x329-1-300x206.png 300w\" sizes=\"auto, (max-width: 480px) 100vw, 480px\" \/><\/li><li class=\"isotope-item\"><img loading=\"lazy\" decoding=\"async\" width=\"496\" height=\"340\" src=\"https:\/\/www.dssitservices.com\/wp-content\/uploads\/2025\/03\/soft-and-pure-logo.png\" class=\"attachment-full\" alt=\"\" title=\"soft-and-pure-logo\" srcset=\"https:\/\/www.dssitservices.com\/wp-content\/uploads\/2025\/03\/soft-and-pure-logo.png 496w, https:\/\/www.dssitservices.com\/wp-content\/uploads\/2025\/03\/soft-and-pure-logo-300x206.png 300w\" sizes=\"auto, (max-width: 496px) 100vw, 496px\" \/><\/li><li class=\"isotope-item\"><img loading=\"lazy\" decoding=\"async\" width=\"496\" height=\"340\" src=\"https:\/\/www.dssitservices.com\/wp-content\/uploads\/2025\/03\/borden-dairy-logo.png\" class=\"attachment-full\" alt=\"\" title=\"borden-dairy-logo\" srcset=\"https:\/\/www.dssitservices.com\/wp-content\/uploads\/2025\/03\/borden-dairy-logo.png 496w, https:\/\/www.dssitservices.com\/wp-content\/uploads\/2025\/03\/borden-dairy-logo-300x206.png 300w\" sizes=\"auto, (max-width: 496px) 100vw, 496px\" \/><\/li><\/ul><\/div><\/div><\/div><\/div><\/div><\/div><\/div>\n<\/section>","protected":false},"excerpt":{"rendered":"Overview Solutions Benefits Contact us INDUSTRIESSmall and Medium Size Business I.T. ServicesYour Business I.T. Solution Being there when your business needs a partner the most is the way we approach servicing the small to medium-size businesses of Florida. As business owners you have too many things already to worry about, your office\u2019s I.T. needs should [...]","protected":false},"author":8,"featured_media":0,"parent":707,"menu_order":0,"comment_status":"closed","ping_status":"closed","template":"","meta":{"content-type":"","_monsterinsights_skip_tracking":false,"_monsterinsights_sitenote_active":false,"_monsterinsights_sitenote_note":"","_monsterinsights_sitenote_category":0,"footnotes":""},"class_list":["post-31897","page","type-page","status-publish","hentry"],"yoast_head":"<!-- This site is optimized with the Yoast SEO plugin v27.3 - https:\/\/yoast.com\/product\/yoast-seo-wordpress\/ -->\n<title>Small and Medium Size Business I.T. Services - DSS - IT &amp; Cyber Security Management<\/title>\n<meta name=\"description\" content=\"Managed IT Services are designed to allow your company to outsource their IT Department, or we can partner with your internal IT resources\" \/>\n<meta name=\"robots\" content=\"index, follow, max-snippet:-1, max-image-preview:large, max-video-preview:-1\" \/>\n<link rel=\"canonical\" href=\"https:\/\/www.dssitservices.com\/sq\/it-services\/small-and-medium-size-business-i-t-services\/\" \/>\n<meta property=\"og:locale\" content=\"sq_AL\" \/>\n<meta property=\"og:type\" content=\"article\" \/>\n<meta property=\"og:title\" content=\"Small and Medium Size Business I.T. Services - DSS - IT &amp; Cyber Security Management\" \/>\n<meta property=\"og:description\" content=\"Managed IT Services are designed to allow your company to outsource their IT Department, or we can partner with your internal IT resources\" \/>\n<meta property=\"og:url\" content=\"https:\/\/www.dssitservices.com\/sq\/it-services\/small-and-medium-size-business-i-t-services\/\" \/>\n<meta property=\"og:site_name\" content=\"DSS - IT &amp; Cyber Security Management\" \/>\n<meta property=\"article:publisher\" content=\"https:\/\/www.facebook.com\/DSSIT\" \/>\n<meta property=\"article:modified_time\" content=\"2025-09-26T00:13:52+00:00\" \/>\n<meta name=\"twitter:card\" content=\"summary_large_image\" \/>\n<meta name=\"twitter:label1\" content=\"Est. reading time\" \/>\n\t<meta name=\"twitter:data1\" content=\"3 minuta\" \/>\n<script type=\"application\/ld+json\" class=\"yoast-schema-graph\">{\"@context\":\"https:\\\/\\\/schema.org\",\"@graph\":[{\"@type\":\"WebPage\",\"@id\":\"https:\\\/\\\/www.dssitservices.com\\\/it-services\\\/small-and-medium-size-business-i-t-services\\\/\",\"url\":\"https:\\\/\\\/www.dssitservices.com\\\/it-services\\\/small-and-medium-size-business-i-t-services\\\/\",\"name\":\"Small and Medium Size Business I.T. Services - DSS - IT &amp; Cyber Security Management\",\"isPartOf\":{\"@id\":\"https:\\\/\\\/www.dssitservices.com\\\/#website\"},\"datePublished\":\"2025-03-04T20:17:07+00:00\",\"dateModified\":\"2025-09-26T00:13:52+00:00\",\"description\":\"Managed IT Services are designed to allow your company to outsource their IT Department, or we can partner with your internal IT resources\",\"breadcrumb\":{\"@id\":\"https:\\\/\\\/www.dssitservices.com\\\/it-services\\\/small-and-medium-size-business-i-t-services\\\/#breadcrumb\"},\"inLanguage\":\"sq\",\"potentialAction\":[{\"@type\":\"ReadAction\",\"target\":[\"https:\\\/\\\/www.dssitservices.com\\\/it-services\\\/small-and-medium-size-business-i-t-services\\\/\"]}]},{\"@type\":\"BreadcrumbList\",\"@id\":\"https:\\\/\\\/www.dssitservices.com\\\/it-services\\\/small-and-medium-size-business-i-t-services\\\/#breadcrumb\",\"itemListElement\":[{\"@type\":\"ListItem\",\"position\":1,\"name\":\"Home\",\"item\":\"https:\\\/\\\/www.dssitservices.com\\\/\"},{\"@type\":\"ListItem\",\"position\":2,\"name\":\"IT Services\",\"item\":\"https:\\\/\\\/www.dssitservices.com\\\/it-services\\\/\"},{\"@type\":\"ListItem\",\"position\":3,\"name\":\"Small and Medium Size Business I.T. Services\"}]},{\"@type\":\"WebSite\",\"@id\":\"https:\\\/\\\/www.dssitservices.com\\\/#website\",\"url\":\"https:\\\/\\\/www.dssitservices.com\\\/\",\"name\":\"DSS - IT & Cyber Security Management\",\"description\":\"DSS IT is your trusted partner for IT Services and Cybersecurity on Long Island providing expert managed services and secure network support backed by over 20 years of experience.\",\"publisher\":{\"@id\":\"https:\\\/\\\/www.dssitservices.com\\\/#organization\"},\"potentialAction\":[{\"@type\":\"SearchAction\",\"target\":{\"@type\":\"EntryPoint\",\"urlTemplate\":\"https:\\\/\\\/www.dssitservices.com\\\/?s={search_term_string}\"},\"query-input\":{\"@type\":\"PropertyValueSpecification\",\"valueRequired\":true,\"valueName\":\"search_term_string\"}}],\"inLanguage\":\"sq\"},{\"@type\":\"Organization\",\"@id\":\"https:\\\/\\\/www.dssitservices.com\\\/#organization\",\"name\":\"DSS Management Inc\",\"url\":\"https:\\\/\\\/www.dssitservices.com\\\/\",\"logo\":{\"@type\":\"ImageObject\",\"inLanguage\":\"sq\",\"@id\":\"https:\\\/\\\/www.dssitservices.com\\\/#\\\/schema\\\/logo\\\/image\\\/\",\"url\":\"https:\\\/\\\/www.dssitservices.com\\\/wp-content\\\/uploads\\\/2019\\\/01\\\/DSS-Logo-Main-1-1.png\",\"contentUrl\":\"https:\\\/\\\/www.dssitservices.com\\\/wp-content\\\/uploads\\\/2019\\\/01\\\/DSS-Logo-Main-1-1.png\",\"width\":297,\"height\":100,\"caption\":\"DSS Management Inc\"},\"image\":{\"@id\":\"https:\\\/\\\/www.dssitservices.com\\\/#\\\/schema\\\/logo\\\/image\\\/\"},\"sameAs\":[\"https:\\\/\\\/www.facebook.com\\\/DSSIT\",\"https:\\\/\\\/www.instagram.com\\\/dssit\\\/\",\"https:\\\/\\\/www.linkedin.com\\\/company\\\/dssitinc\\\/\",\"https:\\\/\\\/www.youtube.com\\\/channel\\\/UCUfIRO4HxMQ2vLpza29n0Vg\"]}]}<\/script>\n<!-- \/ Yoast SEO plugin. -->","yoast_head_json":{"title":"Small and Medium Size Business I.T. Services - DSS - IT &amp; Cyber Security Management","description":"Managed IT Services are designed to allow your company to outsource their IT Department, or we can partner with your internal IT resources","robots":{"index":"index","follow":"follow","max-snippet":"max-snippet:-1","max-image-preview":"max-image-preview:large","max-video-preview":"max-video-preview:-1"},"canonical":"https:\/\/www.dssitservices.com\/sq\/it-services\/small-and-medium-size-business-i-t-services\/","og_locale":"sq_AL","og_type":"article","og_title":"Small and Medium Size Business I.T. Services - DSS - IT &amp; Cyber Security Management","og_description":"Managed IT Services are designed to allow your company to outsource their IT Department, or we can partner with your internal IT resources","og_url":"https:\/\/www.dssitservices.com\/sq\/it-services\/small-and-medium-size-business-i-t-services\/","og_site_name":"DSS - IT &amp; Cyber Security Management","article_publisher":"https:\/\/www.facebook.com\/DSSIT","article_modified_time":"2025-09-26T00:13:52+00:00","twitter_card":"summary_large_image","twitter_misc":{"Est. reading time":"3 minuta"},"schema":{"@context":"https:\/\/schema.org","@graph":[{"@type":"WebPage","@id":"https:\/\/www.dssitservices.com\/it-services\/small-and-medium-size-business-i-t-services\/","url":"https:\/\/www.dssitservices.com\/it-services\/small-and-medium-size-business-i-t-services\/","name":"Small and Medium Size Business I.T. Services - DSS - IT &amp; Cyber Security Management","isPartOf":{"@id":"https:\/\/www.dssitservices.com\/#website"},"datePublished":"2025-03-04T20:17:07+00:00","dateModified":"2025-09-26T00:13:52+00:00","description":"Managed IT Services are designed to allow your company to outsource their IT Department, or we can partner with your internal IT resources","breadcrumb":{"@id":"https:\/\/www.dssitservices.com\/it-services\/small-and-medium-size-business-i-t-services\/#breadcrumb"},"inLanguage":"sq","potentialAction":[{"@type":"ReadAction","target":["https:\/\/www.dssitservices.com\/it-services\/small-and-medium-size-business-i-t-services\/"]}]},{"@type":"BreadcrumbList","@id":"https:\/\/www.dssitservices.com\/it-services\/small-and-medium-size-business-i-t-services\/#breadcrumb","itemListElement":[{"@type":"ListItem","position":1,"name":"Home","item":"https:\/\/www.dssitservices.com\/"},{"@type":"ListItem","position":2,"name":"IT Services","item":"https:\/\/www.dssitservices.com\/it-services\/"},{"@type":"ListItem","position":3,"name":"Small and Medium Size Business I.T. Services"}]},{"@type":"WebSite","@id":"https:\/\/www.dssitservices.com\/#website","url":"https:\/\/www.dssitservices.com\/","name":"DSS - IT & Cyber Security Management","description":"DSS IT is your trusted partner for IT Services and Cybersecurity on Long Island providing expert managed services and secure network support backed by over 20 years of experience.","publisher":{"@id":"https:\/\/www.dssitservices.com\/#organization"},"potentialAction":[{"@type":"SearchAction","target":{"@type":"EntryPoint","urlTemplate":"https:\/\/www.dssitservices.com\/?s={search_term_string}"},"query-input":{"@type":"PropertyValueSpecification","valueRequired":true,"valueName":"search_term_string"}}],"inLanguage":"sq"},{"@type":"Organization","@id":"https:\/\/www.dssitservices.com\/#organization","name":"DSS Management Inc","url":"https:\/\/www.dssitservices.com\/","logo":{"@type":"ImageObject","inLanguage":"sq","@id":"https:\/\/www.dssitservices.com\/#\/schema\/logo\/image\/","url":"https:\/\/www.dssitservices.com\/wp-content\/uploads\/2019\/01\/DSS-Logo-Main-1-1.png","contentUrl":"https:\/\/www.dssitservices.com\/wp-content\/uploads\/2019\/01\/DSS-Logo-Main-1-1.png","width":297,"height":100,"caption":"DSS Management Inc"},"image":{"@id":"https:\/\/www.dssitservices.com\/#\/schema\/logo\/image\/"},"sameAs":["https:\/\/www.facebook.com\/DSSIT","https:\/\/www.instagram.com\/dssit\/","https:\/\/www.linkedin.com\/company\/dssitinc\/","https:\/\/www.youtube.com\/channel\/UCUfIRO4HxMQ2vLpza29n0Vg"]}]}},"_links":{"self":[{"href":"https:\/\/www.dssitservices.com\/sq\/wp-json\/wp\/v2\/pages\/31897","targetHints":{"allow":["GET"]}}],"collection":[{"href":"https:\/\/www.dssitservices.com\/sq\/wp-json\/wp\/v2\/pages"}],"about":[{"href":"https:\/\/www.dssitservices.com\/sq\/wp-json\/wp\/v2\/types\/page"}],"author":[{"embeddable":true,"href":"https:\/\/www.dssitservices.com\/sq\/wp-json\/wp\/v2\/users\/8"}],"replies":[{"embeddable":true,"href":"https:\/\/www.dssitservices.com\/sq\/wp-json\/wp\/v2\/comments?post=31897"}],"version-history":[{"count":0,"href":"https:\/\/www.dssitservices.com\/sq\/wp-json\/wp\/v2\/pages\/31897\/revisions"}],"up":[{"embeddable":true,"href":"https:\/\/www.dssitservices.com\/sq\/wp-json\/wp\/v2\/pages\/707"}],"wp:attachment":[{"href":"https:\/\/www.dssitservices.com\/sq\/wp-json\/wp\/v2\/media?parent=31897"}],"curies":[{"name":"wp","href":"https:\/\/api.w.org\/{rel}","templated":true}]}}