{"id":31905,"date":"2025-03-04T20:23:31","date_gmt":"2025-03-04T20:23:31","guid":{"rendered":"https:\/\/www.dssitservices.com\/?page_id=31905"},"modified":"2025-09-26T00:11:02","modified_gmt":"2025-09-26T00:11:02","slug":"i-t-for-the-medical-industry","status":"publish","type":"page","link":"https:\/\/www.dssitservices.com\/sq\/it-services\/i-t-for-the-medical-industry\/","title":{"rendered":"IT P\u00ebr Industrin\u00eb Mjeksore dhe Stomatologjike"},"content":{"rendered":"<section class=\"wpb-content-wrapper\"><section id=\"overview\" data-vc-full-width=\"true\" data-vc-full-width-init=\"false\" class=\"vc_section vc_custom_1536315102680\"><div class=\"vc_row wpb_row vc_row-fluid\"><div class=\"wpb_column vc_column_container vc_col-sm-12 vc_hidden-sm vc_hidden-xs\"><div class=\"vc_column-inner\"><div class=\"wpb_wrapper\"><div  class=\"wpb_widgetised_column wpb_content_element\">\n\t\t<div class=\"wpb_wrapper\">\n\t\t\t\n\t\t\t<div id=\"nav_menu-7\" class=\"widget-odd widget-last widget-first widget-1 fixed-menu widget widget_nav_menu\"><div class=\"menu-services-container\"><ul id=\"menu-services\" class=\"menu\"><li id=\"menu-item-1191\" class=\"menu-item menu-item-type-custom menu-item-object-custom menu-item-1191\"><a href=\"#overview\" data-ps2id-api=\"true\">P\u00ebrmbledhje<\/a><\/li>\n<li id=\"menu-item-1193\" class=\"menu-item menu-item-type-custom menu-item-object-custom menu-item-1193\"><a href=\"#solutions\" data-ps2id-api=\"true\">Zgjidhje<\/a><\/li>\n<li id=\"menu-item-1192\" class=\"menu-item menu-item-type-custom menu-item-object-custom menu-item-1192\"><a href=\"#benefits\" data-ps2id-api=\"true\">Benefitet<\/a><\/li>\n<li id=\"menu-item-1200\" class=\"menu-item menu-item-type-custom menu-item-object-custom menu-item-1200\"><a href=\"#site-footer\" data-ps2id-api=\"true\">Na Kontaktoni<\/a><\/li>\n<\/ul><\/div><\/div>\n\t\t<\/div>\n\t<\/div>\n<div class=\"vc_empty_space\"   style=\"height: 60px\"><span class=\"vc_empty_space_inner\"><\/span><\/div><\/div><\/div><\/div><\/div><div class=\"vc_row wpb_row vc_row-fluid vc_custom_1741115272553\"><div class=\"wpb_column vc_column_container vc_col-sm-6\"><div class=\"vc_column-inner\"><div class=\"wpb_wrapper\">\n\t<div  class=\"wpb_single_image wpb_content_element vc_align_left\">\n\t\t\n\t\t<figure class=\"wpb_wrapper vc_figure\">\n\t\t\t<div class=\"vc_single_image-wrapper   vc_box_border_grey\"><img loading=\"lazy\" decoding=\"async\" width=\"1011\" height=\"795\" src=\"https:\/\/www.dssitservices.com\/wp-content\/uploads\/2025\/03\/healthcare-hero-1500x795.0c868f75.jpg\" class=\"vc_single_image-img attachment-full\" alt=\"\" title=\"healthcare-hero-1500x795.0c868f75\" srcset=\"https:\/\/www.dssitservices.com\/wp-content\/uploads\/2025\/03\/healthcare-hero-1500x795.0c868f75.jpg 1011w, https:\/\/www.dssitservices.com\/wp-content\/uploads\/2025\/03\/healthcare-hero-1500x795.0c868f75-300x236.jpg 300w, https:\/\/www.dssitservices.com\/wp-content\/uploads\/2025\/03\/healthcare-hero-1500x795.0c868f75-768x604.jpg 768w\" sizes=\"auto, (max-width: 1011px) 100vw, 1011px\" \/><\/div>\n\t\t<\/figure>\n\t<\/div>\n<\/div><\/div><\/div><div class=\"wpb_column vc_column_container vc_col-sm-6\"><div class=\"vc_column-inner\"><div class=\"wpb_wrapper\"><h2 style=\"text-align: left\" class=\"vc_custom_heading vc_custom_1741118880943\" >INDUSTRIT\u00cb<\/h2><h2 style=\"text-align: left\" class=\"vc_custom_heading vc_custom_1741120002260\" >IT P\u00ebr Industrin\u00eb Mjeksore dhe Stomatologjike<\/h2><h4 style=\"text-align: left\" class=\"vc_custom_heading vc_custom_1741120010188\" >Zgjidhje t\u00eb Krijuara p\u00ebr Praktikat Mjek\u00ebsore<\/h4>\n\t<div class=\"wpb_text_column wpb_content_element\" >\n\t\t<div class=\"wpb_wrapper\">\n\t\t\t<p>Drejtori yn\u00eb i Teknologjis\u00eb \u00ebsht\u00eb i certifikuar p\u00ebr HIPAA \u2013 Ne e kuptojm\u00eb dhe e p\u00ebrqafojm\u00eb p\u00ebrputhshm\u00ebrin\u00eb dhe mb\u00ebshtesim privat\u00ebsin\u00eb e t\u00eb dh\u00ebnave t\u00eb kujdesit sh\u00ebndet\u00ebsor dhe t\u00eb pacient\u00ebve.<\/p>\n<p>Si profesionist\u00eb t\u00eb mjek\u00ebsis\u00eb, ju nuk keni koh\u00eb t\u00eb p\u00ebrqendroheni si te kujdesi ndaj pacient\u00ebve, ashtu edhe te nevojat e IT-s\u00eb t\u00eb praktik\u00ebs suaj. K\u00ebtu hyn n\u00eb loj\u00eb DSS IT, p\u00ebr t\u2019ju ofruar mb\u00ebshtetjen q\u00eb ju k\u00ebrkoni nga profesionist\u00ebt e teknologjis\u00eb s\u00eb informacionit. Ndryshe nga bizneset e tjera, profesionist\u00ebt mjek\u00ebsor\u00eb kan\u00eb disa k\u00ebrkesa shtes\u00eb p\u00ebr infrastruktur\u00ebn e tyre IT, duke p\u00ebrfshir\u00eb:<\/p>\n<ul>\n<li>P\u00ebrputhshm\u00ebri me HIPAA<\/li>\n<li>Mir\u00ebmbajtjen e Dosjeve Mjek\u00ebsore Elektronike (EMR)<\/li>\n<li>Puna me softuer t\u00eb pajisjeve mjek\u00ebsore q\u00eb ndonj\u00ebher\u00eb \u00ebsht\u00eb i vjetruar<\/li>\n<li>Lidhjen e Softuerit p\u00ebr Faturimin e Pacient\u00ebve dhe Sigurimet<\/li>\n<\/ul>\n\n\t\t<\/div>\n\t<\/div>\n<div class=\"vc_empty_space\"   style=\"height: 60px\"><span class=\"vc_empty_space_inner\"><\/span><\/div><\/div><\/div><\/div><div class=\"wpb_column vc_column_container vc_col-sm-12\"><div class=\"vc_column-inner\"><div class=\"wpb_wrapper\"><\/div><\/div><\/div><\/div><div class=\"vc_row wpb_row vc_row-fluid vc_custom_1741115272553\"><div class=\"wpb_column vc_column_container vc_col-sm-6\"><div class=\"vc_column-inner\"><div class=\"wpb_wrapper\">\n\t<div  class=\"wpb_single_image wpb_content_element vc_align_left\">\n\t\t\n\t\t<figure class=\"wpb_wrapper vc_figure\">\n\t\t\t<div class=\"vc_single_image-wrapper   vc_box_border_grey\"><img loading=\"lazy\" decoding=\"async\" width=\"445\" height=\"279\" src=\"https:\/\/www.dssitservices.com\/wp-content\/uploads\/2025\/03\/evolvtec-health-img-550x550.3296dfc8-1.jpg\" class=\"vc_single_image-img attachment-full\" alt=\"\" title=\"evolvtec-health-img-550x550.3296dfc8-1\" srcset=\"https:\/\/www.dssitservices.com\/wp-content\/uploads\/2025\/03\/evolvtec-health-img-550x550.3296dfc8-1.jpg 445w, https:\/\/www.dssitservices.com\/wp-content\/uploads\/2025\/03\/evolvtec-health-img-550x550.3296dfc8-1-300x188.jpg 300w\" sizes=\"auto, (max-width: 445px) 100vw, 445px\" \/><\/div>\n\t\t<\/figure>\n\t<\/div>\n<\/div><\/div><\/div><div class=\"wpb_column vc_column_container vc_col-sm-6\"><div class=\"vc_column-inner\"><div class=\"wpb_wrapper\">\n\t<div class=\"wpb_text_column wpb_content_element\" >\n\t\t<div class=\"wpb_wrapper\">\n\t\t\t<p>K\u00ebto jan\u00eb vet\u00ebm disa nga arsyet kryesore pse praktika juaj nuk mund t\u00eb sh\u00ebrbehet nga thjesht \u00e7do profesionist IT. Ekipi i DSS IT, me mbi 25 profesionist\u00eb, \u00ebsht\u00eb i trajnuar posa\u00e7\u00ebrisht p\u00ebr t\u00eb gjitha nevojat unike t\u00eb praktikave mjek\u00ebsore. DSS IT \u00ebsht\u00eb e certifikuar p\u00ebr HIPAA dhe ka p\u00ebrvoj\u00eb me softuer\u00ebt dhe aplikacionet m\u00eb t\u00eb mira t\u00eb industris\u00eb p\u00ebr EMR.<\/p>\n<p>Zgjidhni profesionist\u00ebt e IT-s\u00eb q\u00eb jan\u00eb m\u00eb t\u00eb pajisur p\u00ebr t\u00eb p\u00ebrmbushur nevojat e praktik\u00ebs suaj.<\/p>\n\n\t\t<\/div>\n\t<\/div>\n<div class=\"vc_empty_space\"   style=\"height: 60px\"><span class=\"vc_empty_space_inner\"><\/span><\/div>\n\t<div  class=\"wpb_single_image wpb_content_element vc_align_left\">\n\t\t\n\t\t<figure class=\"wpb_wrapper vc_figure\">\n\t\t\t<div class=\"vc_single_image-wrapper   vc_box_border_grey\"><img loading=\"lazy\" decoding=\"async\" width=\"118\" height=\"118\" src=\"https:\/\/www.dssitservices.com\/wp-content\/uploads\/2025\/03\/USFcomputerstore.23a6ef4a-1.png\" class=\"vc_single_image-img attachment-thumbnail\" alt=\"\" title=\"USFcomputerstore.23a6ef4a-1\" \/><\/div>\n\t\t<\/figure>\n\t<\/div>\n<\/div><\/div><\/div><\/div><\/section><div class=\"vc_row-full-width vc_clearfix\"><\/div>\n<\/section>","protected":false},"excerpt":{"rendered":"Overview Solutions Benefits Contact us INDUSTRIESI.T. for the Medical IndustrySolutions for Created for Medical Practices Our Director of Technology is HIPAA certified \u2013 WE understand and embrace compliance and support the privacy of health care\/patient data. As medical professionals, you do not have time to focus on patient care and the I.T. needs of your [...]","protected":false},"author":8,"featured_media":0,"parent":707,"menu_order":0,"comment_status":"closed","ping_status":"closed","template":"","meta":{"content-type":"","_monsterinsights_skip_tracking":false,"_monsterinsights_sitenote_active":false,"_monsterinsights_sitenote_note":"","_monsterinsights_sitenote_category":0,"footnotes":""},"class_list":["post-31905","page","type-page","status-publish","hentry"],"yoast_head":"<!-- This site is optimized with the Yoast SEO plugin v27.3 - https:\/\/yoast.com\/product\/yoast-seo-wordpress\/ -->\n<title>I.T. for the Medical Industry - DSS - IT &amp; Cyber Security Management<\/title>\n<meta name=\"description\" content=\"Managed IT Services are designed to allow your company to outsource their IT Department, or we can partner with your internal IT resources\" \/>\n<meta name=\"robots\" content=\"index, follow, max-snippet:-1, max-image-preview:large, max-video-preview:-1\" \/>\n<link rel=\"canonical\" href=\"https:\/\/www.dssitservices.com\/sq\/it-services\/i-t-for-the-medical-industry\/\" \/>\n<meta property=\"og:locale\" content=\"sq_AL\" \/>\n<meta property=\"og:type\" content=\"article\" \/>\n<meta property=\"og:title\" content=\"I.T. for the Medical Industry - DSS - IT &amp; Cyber Security Management\" \/>\n<meta property=\"og:description\" content=\"Managed IT Services are designed to allow your company to outsource their IT Department, or we can partner with your internal IT resources\" \/>\n<meta property=\"og:url\" content=\"https:\/\/www.dssitservices.com\/sq\/it-services\/i-t-for-the-medical-industry\/\" \/>\n<meta property=\"og:site_name\" content=\"DSS - IT &amp; Cyber Security Management\" \/>\n<meta property=\"article:publisher\" content=\"https:\/\/www.facebook.com\/DSSIT\" \/>\n<meta property=\"article:modified_time\" content=\"2025-09-26T00:11:02+00:00\" \/>\n<meta name=\"twitter:card\" content=\"summary_large_image\" \/>\n<meta name=\"twitter:label1\" content=\"Est. reading time\" \/>\n\t<meta name=\"twitter:data1\" content=\"2 minuta\" \/>\n<script type=\"application\/ld+json\" class=\"yoast-schema-graph\">{\"@context\":\"https:\\\/\\\/schema.org\",\"@graph\":[{\"@type\":\"WebPage\",\"@id\":\"https:\\\/\\\/www.dssitservices.com\\\/it-services\\\/i-t-for-the-medical-industry\\\/\",\"url\":\"https:\\\/\\\/www.dssitservices.com\\\/it-services\\\/i-t-for-the-medical-industry\\\/\",\"name\":\"I.T. for the Medical Industry - DSS - IT &amp; Cyber Security Management\",\"isPartOf\":{\"@id\":\"https:\\\/\\\/www.dssitservices.com\\\/#website\"},\"datePublished\":\"2025-03-04T20:23:31+00:00\",\"dateModified\":\"2025-09-26T00:11:02+00:00\",\"description\":\"Managed IT Services are designed to allow your company to outsource their IT Department, or we can partner with your internal IT resources\",\"breadcrumb\":{\"@id\":\"https:\\\/\\\/www.dssitservices.com\\\/it-services\\\/i-t-for-the-medical-industry\\\/#breadcrumb\"},\"inLanguage\":\"sq\",\"potentialAction\":[{\"@type\":\"ReadAction\",\"target\":[\"https:\\\/\\\/www.dssitservices.com\\\/it-services\\\/i-t-for-the-medical-industry\\\/\"]}]},{\"@type\":\"BreadcrumbList\",\"@id\":\"https:\\\/\\\/www.dssitservices.com\\\/it-services\\\/i-t-for-the-medical-industry\\\/#breadcrumb\",\"itemListElement\":[{\"@type\":\"ListItem\",\"position\":1,\"name\":\"Home\",\"item\":\"https:\\\/\\\/www.dssitservices.com\\\/\"},{\"@type\":\"ListItem\",\"position\":2,\"name\":\"IT Services\",\"item\":\"https:\\\/\\\/www.dssitservices.com\\\/it-services\\\/\"},{\"@type\":\"ListItem\",\"position\":3,\"name\":\"I.T. for the Medical Industry\"}]},{\"@type\":\"WebSite\",\"@id\":\"https:\\\/\\\/www.dssitservices.com\\\/#website\",\"url\":\"https:\\\/\\\/www.dssitservices.com\\\/\",\"name\":\"DSS - IT & Cyber Security Management\",\"description\":\"DSS IT is your trusted partner for IT Services and Cybersecurity on Long Island providing expert managed services and secure network support backed by over 20 years of experience.\",\"publisher\":{\"@id\":\"https:\\\/\\\/www.dssitservices.com\\\/#organization\"},\"potentialAction\":[{\"@type\":\"SearchAction\",\"target\":{\"@type\":\"EntryPoint\",\"urlTemplate\":\"https:\\\/\\\/www.dssitservices.com\\\/?s={search_term_string}\"},\"query-input\":{\"@type\":\"PropertyValueSpecification\",\"valueRequired\":true,\"valueName\":\"search_term_string\"}}],\"inLanguage\":\"sq\"},{\"@type\":\"Organization\",\"@id\":\"https:\\\/\\\/www.dssitservices.com\\\/#organization\",\"name\":\"DSS Management Inc\",\"url\":\"https:\\\/\\\/www.dssitservices.com\\\/\",\"logo\":{\"@type\":\"ImageObject\",\"inLanguage\":\"sq\",\"@id\":\"https:\\\/\\\/www.dssitservices.com\\\/#\\\/schema\\\/logo\\\/image\\\/\",\"url\":\"https:\\\/\\\/www.dssitservices.com\\\/wp-content\\\/uploads\\\/2019\\\/01\\\/DSS-Logo-Main-1-1.png\",\"contentUrl\":\"https:\\\/\\\/www.dssitservices.com\\\/wp-content\\\/uploads\\\/2019\\\/01\\\/DSS-Logo-Main-1-1.png\",\"width\":297,\"height\":100,\"caption\":\"DSS Management Inc\"},\"image\":{\"@id\":\"https:\\\/\\\/www.dssitservices.com\\\/#\\\/schema\\\/logo\\\/image\\\/\"},\"sameAs\":[\"https:\\\/\\\/www.facebook.com\\\/DSSIT\",\"https:\\\/\\\/www.instagram.com\\\/dssit\\\/\",\"https:\\\/\\\/www.linkedin.com\\\/company\\\/dssitinc\\\/\",\"https:\\\/\\\/www.youtube.com\\\/channel\\\/UCUfIRO4HxMQ2vLpza29n0Vg\"]}]}<\/script>\n<!-- \/ Yoast SEO plugin. -->","yoast_head_json":{"title":"I.T. for the Medical Industry - DSS - IT &amp; Cyber Security Management","description":"Managed IT Services are designed to allow your company to outsource their IT Department, or we can partner with your internal IT resources","robots":{"index":"index","follow":"follow","max-snippet":"max-snippet:-1","max-image-preview":"max-image-preview:large","max-video-preview":"max-video-preview:-1"},"canonical":"https:\/\/www.dssitservices.com\/sq\/it-services\/i-t-for-the-medical-industry\/","og_locale":"sq_AL","og_type":"article","og_title":"I.T. for the Medical Industry - DSS - IT &amp; Cyber Security Management","og_description":"Managed IT Services are designed to allow your company to outsource their IT Department, or we can partner with your internal IT resources","og_url":"https:\/\/www.dssitservices.com\/sq\/it-services\/i-t-for-the-medical-industry\/","og_site_name":"DSS - IT &amp; Cyber Security Management","article_publisher":"https:\/\/www.facebook.com\/DSSIT","article_modified_time":"2025-09-26T00:11:02+00:00","twitter_card":"summary_large_image","twitter_misc":{"Est. reading time":"2 minuta"},"schema":{"@context":"https:\/\/schema.org","@graph":[{"@type":"WebPage","@id":"https:\/\/www.dssitservices.com\/it-services\/i-t-for-the-medical-industry\/","url":"https:\/\/www.dssitservices.com\/it-services\/i-t-for-the-medical-industry\/","name":"I.T. for the Medical Industry - DSS - IT &amp; Cyber Security Management","isPartOf":{"@id":"https:\/\/www.dssitservices.com\/#website"},"datePublished":"2025-03-04T20:23:31+00:00","dateModified":"2025-09-26T00:11:02+00:00","description":"Managed IT Services are designed to allow your company to outsource their IT Department, or we can partner with your internal IT resources","breadcrumb":{"@id":"https:\/\/www.dssitservices.com\/it-services\/i-t-for-the-medical-industry\/#breadcrumb"},"inLanguage":"sq","potentialAction":[{"@type":"ReadAction","target":["https:\/\/www.dssitservices.com\/it-services\/i-t-for-the-medical-industry\/"]}]},{"@type":"BreadcrumbList","@id":"https:\/\/www.dssitservices.com\/it-services\/i-t-for-the-medical-industry\/#breadcrumb","itemListElement":[{"@type":"ListItem","position":1,"name":"Home","item":"https:\/\/www.dssitservices.com\/"},{"@type":"ListItem","position":2,"name":"IT Services","item":"https:\/\/www.dssitservices.com\/it-services\/"},{"@type":"ListItem","position":3,"name":"I.T. for the Medical Industry"}]},{"@type":"WebSite","@id":"https:\/\/www.dssitservices.com\/#website","url":"https:\/\/www.dssitservices.com\/","name":"DSS - IT & Cyber Security Management","description":"DSS IT is your trusted partner for IT Services and Cybersecurity on Long Island providing expert managed services and secure network support backed by over 20 years of experience.","publisher":{"@id":"https:\/\/www.dssitservices.com\/#organization"},"potentialAction":[{"@type":"SearchAction","target":{"@type":"EntryPoint","urlTemplate":"https:\/\/www.dssitservices.com\/?s={search_term_string}"},"query-input":{"@type":"PropertyValueSpecification","valueRequired":true,"valueName":"search_term_string"}}],"inLanguage":"sq"},{"@type":"Organization","@id":"https:\/\/www.dssitservices.com\/#organization","name":"DSS Management Inc","url":"https:\/\/www.dssitservices.com\/","logo":{"@type":"ImageObject","inLanguage":"sq","@id":"https:\/\/www.dssitservices.com\/#\/schema\/logo\/image\/","url":"https:\/\/www.dssitservices.com\/wp-content\/uploads\/2019\/01\/DSS-Logo-Main-1-1.png","contentUrl":"https:\/\/www.dssitservices.com\/wp-content\/uploads\/2019\/01\/DSS-Logo-Main-1-1.png","width":297,"height":100,"caption":"DSS Management Inc"},"image":{"@id":"https:\/\/www.dssitservices.com\/#\/schema\/logo\/image\/"},"sameAs":["https:\/\/www.facebook.com\/DSSIT","https:\/\/www.instagram.com\/dssit\/","https:\/\/www.linkedin.com\/company\/dssitinc\/","https:\/\/www.youtube.com\/channel\/UCUfIRO4HxMQ2vLpza29n0Vg"]}]}},"_links":{"self":[{"href":"https:\/\/www.dssitservices.com\/sq\/wp-json\/wp\/v2\/pages\/31905","targetHints":{"allow":["GET"]}}],"collection":[{"href":"https:\/\/www.dssitservices.com\/sq\/wp-json\/wp\/v2\/pages"}],"about":[{"href":"https:\/\/www.dssitservices.com\/sq\/wp-json\/wp\/v2\/types\/page"}],"author":[{"embeddable":true,"href":"https:\/\/www.dssitservices.com\/sq\/wp-json\/wp\/v2\/users\/8"}],"replies":[{"embeddable":true,"href":"https:\/\/www.dssitservices.com\/sq\/wp-json\/wp\/v2\/comments?post=31905"}],"version-history":[{"count":0,"href":"https:\/\/www.dssitservices.com\/sq\/wp-json\/wp\/v2\/pages\/31905\/revisions"}],"up":[{"embeddable":true,"href":"https:\/\/www.dssitservices.com\/sq\/wp-json\/wp\/v2\/pages\/707"}],"wp:attachment":[{"href":"https:\/\/www.dssitservices.com\/sq\/wp-json\/wp\/v2\/media?parent=31905"}],"curies":[{"name":"wp","href":"https:\/\/api.w.org\/{rel}","templated":true}]}}