{"id":690,"date":"2018-08-08T09:53:41","date_gmt":"2018-08-08T09:53:41","guid":{"rendered":"http:\/\/dssitinc.wpengine.com\/?page_id=690"},"modified":"2025-03-26T14:28:10","modified_gmt":"2025-03-26T14:28:10","slug":"why-choose-us","status":"publish","type":"page","link":"https:\/\/www.dssitservices.com\/sq\/why-choose-us\/","title":{"rendered":"Why Choose Us"},"content":{"rendered":"<section class=\"wpb-content-wrapper\"><section data-vc-full-width=\"true\" data-vc-full-width-init=\"false\" class=\"vc_section mask vc_custom_1547840642317 vc_section-has-fill\"><div data-vc-full-width=\"true\" data-vc-full-width-init=\"false\" class=\"vc_row wpb_row vc_row-fluid vc_custom_1534146744871 vc_row-has-fill\"><div class=\"wpb_column vc_column_container vc_col-sm-2\"><div class=\"vc_column-inner\"><div class=\"wpb_wrapper\"><\/div><\/div><\/div><div class=\"wpb_column vc_column_container vc_col-sm-8\"><div class=\"vc_column-inner\"><div class=\"wpb_wrapper\"><h2 style=\"font-size: 2.875rem;color: #ffffff;text-align: center\" class=\"vc_custom_heading\" >Nj\u00eb qasje proaktive ndaj teknologjis\u00eb dhe menaxhimit t\u00eb infrastruktur\u00ebs<\/h2><div class=\"vc_empty_space\"   style=\"height: 30px\"><span class=\"vc_empty_space_inner\"><\/span><\/div>\n\t<div class=\"wpb_text_column wpb_content_element\" >\n\t\t<div class=\"wpb_wrapper\">\n\t\t\t<p style=\"text-align: center;\"><a class=\"button round outline\" href=\"https:\/\/www.dssitservices.com\/sq\/contact-us\/\">Contact Us Today<\/a><\/p>\n\n\t\t<\/div>\n\t<\/div>\n<\/div><\/div><\/div><div class=\"wpb_column vc_column_container vc_col-sm-2\"><div class=\"vc_column-inner\"><div class=\"wpb_wrapper\"><\/div><\/div><\/div><\/div><div class=\"vc_row-full-width vc_clearfix\"><\/div><div data-vc-full-width=\"true\" data-vc-full-width-init=\"false\" class=\"vc_row wpb_row vc_row-fluid vc_custom_1534146569650 vc_row-has-fill\"><div class=\"wpb_column vc_column_container vc_col-sm-12\"><div class=\"vc_column-inner\"><div class=\"wpb_wrapper\"><div class=\"vc_empty_space\"   style=\"height: 20px\"><span class=\"vc_empty_space_inner\"><\/span><\/div><\/div><\/div><\/div><\/div><div class=\"vc_row-full-width vc_clearfix\"><\/div><\/section><div class=\"vc_row-full-width vc_clearfix\"><\/div><section data-vc-full-width=\"true\" data-vc-full-width-init=\"false\" class=\"vc_section vc_custom_1536636242888\"><div class=\"vc_row wpb_row vc_row-fluid vc_custom_1534163243963 vc_column-gap-30 vc_row-o-content-middle vc_row-flex\"><div class=\"wpb_column vc_column_container vc_col-sm-6\"><div class=\"vc_column-inner\"><div class=\"wpb_wrapper\">\n\t<div  class=\"wpb_single_image wpb_content_element vc_align_left\">\n\t\t\n\t\t<figure class=\"wpb_wrapper vc_figure\">\n\t\t\t<div class=\"vc_single_image-wrapper vc_box_rounded  vc_box_border_grey\"><img loading=\"lazy\" decoding=\"async\" class=\"vc_single_image-img\" src=\"https:\/\/www.dssitservices.com\/wp-content\/uploads\/2019\/01\/shutterstock_318368642-800x500.jpg\" width=\"800\" height=\"500\" alt=\"shutterstock_318368642\" title=\"shutterstock_318368642\" \/><\/div>\n\t\t<\/figure>\n\t<\/div>\n<div class=\"vc_empty_space\"   style=\"height: 20px\"><span class=\"vc_empty_space_inner\"><\/span><\/div><\/div><\/div><\/div><div class=\"wpb_column vc_column_container vc_col-sm-6\"><div class=\"vc_column-inner\"><div class=\"wpb_wrapper\">\n\t<div class=\"wpb_text_column wpb_content_element\" >\n\t\t<div class=\"wpb_wrapper\">\n\t\t\t<h3 class=\"no-margin-top\">Why Choose Us?<\/h3>\n<div class=\"x-el x-el-div px_-d-inline-block px_-ml-auto px_-mr-auto px_-order--1 px_-ff-_Sacramento___cursive__serif px_-fs-18 _mdpx_-fs-18 _lgpx_-fs-18 x-d-ux x-d-route\" data-ux=\"ContentCardWrapperImage\" data-route=\"cards\/0\/imageProperties\">With over 20 years of experience within the world of Information Technology, we\u2019ve developed a deep understanding and an extensive expertise in modern technology and how it relates to today\u2019s businesses. And here at DSS, we\u2019ve never been more ready to help today\u2019s businesses succeed by managing the entire scope of their IT systems.<\/div>\n<div data-ux=\"ContentCardWrapperImage\" data-route=\"cards\/0\/imageProperties\"><\/div>\n<div class=\"x-el x-el-div px_-d-inline-block px_-ml-auto px_-mr-auto px_-order--1 px_-ff-_Sacramento___cursive__serif px_-fs-18 _mdpx_-fs-18 _lgpx_-fs-18 x-d-ux x-d-route\" data-ux=\"ContentCardWrapperImage\" data-route=\"cards\/0\/imageProperties\">We want to help business owners feel as though they\u2019re not alone while the rest of their competition makes the jump into the digital realm \u2013 for that very reason, we\u2019re ready to provide topnotch services, so that you can continue to run your business just how you\u2019ve always done it.<\/div>\n\n\t\t<\/div>\n\t<\/div>\n<div class=\"vc_empty_space\"   style=\"height: 20px\"><span class=\"vc_empty_space_inner\"><\/span><\/div><\/div><\/div><\/div><\/div><div class=\"vc_row wpb_row vc_row-fluid\"><div class=\"wpb_column vc_column_container vc_col-sm-12\"><div class=\"vc_column-inner\"><div class=\"wpb_wrapper\"><div class=\"vc_empty_space\"   style=\"height: 40px\"><span class=\"vc_empty_space_inner\"><\/span><\/div><ul class=\"iconlist iconlist iconlist-icon-medium\"><li><div ><div class=\"iconlist-item-icon\"><img decoding=\"async\" src=\"https:\/\/www.dssitservices.com\/wp-content\/uploads\/2018\/08\/user-group-2874_87351201-7b45-463a-9b86-0ebd80aa8fa0.svg\" alt=\"user-group-2874_87351201-7b45-463a-9b86-0ebd80aa8fa0\" \/><\/div><div class=\"iconlist-item-content\"><h4>People<\/h4><p>We understand that our people impact the success of our business, and we hire people who are smart, dedicated for NanoSoft.<\/div><\/div><\/li><li><div ><div class=\"iconlist-item-icon\"><img decoding=\"async\" src=\"https:\/\/www.dssitservices.com\/wp-content\/uploads\/2018\/08\/24h-assistance-4792_e646a9f4-d75b-48ee-9111-6fa942cf36ea.svg\" alt=\"24h-assistance-4792_e646a9f4-d75b-48ee-9111-6fa942cf36ea\" \/><\/div><div class=\"iconlist-item-content\"><h4>Customer Service<\/h4><p>We strive to provide superior customer service and ensure that every client is completely satisfied with our work.<\/div><\/div><\/li><li><div ><div class=\"iconlist-item-icon\"><img decoding=\"async\" src=\"https:\/\/www.dssitservices.com\/wp-content\/uploads\/2018\/08\/lifebelt-3318_961b6f1a-b776-419e-8c86-1410d9959694.svg\" alt=\"lifebelt-3318_961b6f1a-b776-419e-8c86-1410d9959694\" \/><\/div><div class=\"iconlist-item-content\"><h4>Support<\/h4><p>Our engineers are trustworthy, dedicated and experienced and will go the extra mile to solve your IT issues.<\/div><\/div><\/li><li><div ><div class=\"iconlist-item-icon\"><img decoding=\"async\" src=\"https:\/\/www.dssitservices.com\/wp-content\/uploads\/2018\/08\/royal-2995_51c8d05c-efe9-46d9-9a17-4b4e8fccfaad.svg\" alt=\"royal-2995_51c8d05c-efe9-46d9-9a17-4b4e8fccfaad\" \/><\/div><div class=\"iconlist-item-content\"><h4>Quality<\/h4><p>We are committed to deliver outstanding, cutting edge IT solutions that add real value that goes beyond what is expected.<\/div><\/div><\/li><\/ul><\/div><\/div><\/div><\/div><\/section><div class=\"vc_row-full-width vc_clearfix\"><\/div><div class=\"vc_row wpb_row vc_row-fluid\"><div class=\"wpb_column vc_column_container vc_col-sm-12\"><div class=\"vc_column-inner\"><div class=\"wpb_wrapper\">\n\t<div class=\"wpb_text_column wpb_content_element\" >\n\t\t<div class=\"wpb_wrapper\">\n\t\t\t<p>Stop worrying about technology problems. Focus on your business.<\/p>\n\n\t\t<\/div>\n\t<\/div>\n<\/div><\/div><\/div><\/div><div data-vc-full-width=\"true\" data-vc-full-width-init=\"false\" class=\"vc_row wpb_row vc_row-fluid vc_custom_1547673086053 vc_row-has-fill\"><div class=\"wpb_column vc_column_container vc_col-sm-2\"><div class=\"vc_column-inner\"><div class=\"wpb_wrapper\"><\/div><\/div><\/div><div class=\"wpb_column vc_column_container vc_col-sm-8\"><div class=\"vc_column-inner\"><div class=\"wpb_wrapper\">\n<div class=\"wpcf7 no-js\" id=\"wpcf7-f4-o1\" lang=\"en-US\" dir=\"ltr\" data-wpcf7-id=\"4\">\n<div class=\"screen-reader-response\"><p role=\"status\" aria-live=\"polite\" aria-atomic=\"true\"><\/p> <ul><\/ul><\/div>\n<form action=\"\/sq\/wp-json\/wp\/v2\/pages\/690#wpcf7-f4-o1\" method=\"post\" class=\"wpcf7-form init\" aria-label=\"Contact form\" novalidate=\"novalidate\" data-status=\"init\" data-trp-original-action=\"\/sq\/wp-json\/wp\/v2\/pages\/690#wpcf7-f4-o1\">\n<fieldset class=\"hidden-fields-container\"><input type=\"hidden\" name=\"_wpcf7\" value=\"4\" \/><input type=\"hidden\" name=\"_wpcf7_version\" value=\"6.1.5\" \/><input type=\"hidden\" name=\"_wpcf7_locale\" value=\"en_US\" \/><input type=\"hidden\" name=\"_wpcf7_unit_tag\" value=\"wpcf7-f4-o1\" \/><input type=\"hidden\" name=\"_wpcf7_container_post\" value=\"0\" \/><input type=\"hidden\" name=\"_wpcf7_posted_data_hash\" value=\"\" \/><input type=\"hidden\" name=\"_wpcf7_recaptcha_response\" value=\"\" \/>\n<\/fieldset>\n<div class=\"contact\">\n\t<div class=\"row\">\n\t\t<div class=\"columns columns-6\">\n\t\t\t<p><label>Full name * <span class=\"wpcf7-form-control-wrap\" data-name=\"name\"><input size=\"40\" maxlength=\"400\" class=\"wpcf7-form-control wpcf7-text wpcf7-validates-as-required\" aria-required=\"true\" aria-invalid=\"false\" placeholder=\"e.g., John Doe\" value=\"\" type=\"text\" name=\"name\" \/><\/span><\/label>\n\t\t\t<\/p>\n\t\t<\/div>\n\t\t<div class=\"columns columns-6\">\n\t\t\t<p><label>Organization * <span class=\"wpcf7-form-control-wrap\" data-name=\"company\"><input size=\"40\" maxlength=\"400\" class=\"wpcf7-form-control wpcf7-text wpcf7-validates-as-required\" aria-required=\"true\" aria-invalid=\"false\" placeholder=\"Company Name\" value=\"\" type=\"text\" name=\"company\" \/><\/span><\/label>\n\t\t\t<\/p>\n\t\t<\/div>\n\t<\/div>\n\t<div class=\"row\">\n\t\t<div class=\"columns columns-6\">\n\t\t\t<p><label>Work email address * <span class=\"wpcf7-form-control-wrap\" data-name=\"email-address\"><input size=\"40\" maxlength=\"400\" class=\"wpcf7-form-control wpcf7-email wpcf7-validates-as-required wpcf7-text wpcf7-validates-as-email\" aria-required=\"true\" aria-invalid=\"false\" placeholder=\"name@company.com\" value=\"\" type=\"email\" name=\"email-address\" \/><\/span><\/label>\n\t\t\t<\/p>\n\t\t<\/div>\n\t\t<div class=\"columns columns-6\">\n\t\t\t<p><label>Phone number * <span class=\"wpcf7-form-control-wrap\" data-name=\"number\"><input size=\"40\" maxlength=\"400\" class=\"wpcf7-form-control wpcf7-tel wpcf7-validates-as-required wpcf7-text wpcf7-validates-as-tel\" aria-required=\"true\" aria-invalid=\"false\" placeholder=\"Full Number (incl. prefix)\" value=\"\" type=\"tel\" name=\"number\" \/><\/span><\/label>\n\t\t\t<\/p>\n\t\t<\/div>\n\t<\/div>\n\t<div class=\"row\">\n\t\t<div class=\"columns columns-6\">\n\t\t\t<p><label>Company size * <span class=\"wpcf7-form-control-wrap\" data-name=\"company-size\"><select class=\"wpcf7-form-control wpcf7-select wpcf7-validates-as-required\" aria-required=\"true\" aria-invalid=\"false\" name=\"company-size\"><option value=\"Please Select\">Please Select<\/option><option value=\"1 (freelancer)\">1 (freelancer)<\/option><option value=\"2-19\">2-19<\/option><option value=\"20-49\">20-49<\/option><option value=\"50+\">50+<\/option><\/select><\/span><\/label>\n\t\t\t<\/p>\n\t\t<\/div>\n\t\t<div class=\"columns columns-6\">\n\t\t\t<p><label>What is your inquiry about? * <span class=\"wpcf7-form-control-wrap\" data-name=\"inquiry-type\"><select class=\"wpcf7-form-control wpcf7-select wpcf7-validates-as-required\" aria-required=\"true\" aria-invalid=\"false\" name=\"inquiry-type\"><option value=\"Please Select\">Please Select<\/option><option value=\"General Information Request\">General Information Request<\/option><option value=\"DSS Cloud Backups\">DSS Cloud Backups<\/option><option value=\"DSS HIPAA Compliance\">P\u00ebrputhshm\u00ebri me HIPAA<\/option><option value=\"DSS Managed IT\">DSS Managed IT<\/option><option value=\"Careers\">Careers<\/option><\/select><\/span><\/label>\n\t\t\t<\/p>\n\t\t<\/div>\n\t<\/div>\n\t<div class=\"row\">\n\t\t<div class=\"columns columns-12\">\n\t\t\t<p><label>How we can help you? * <span class=\"wpcf7-form-control-wrap\" data-name=\"inquiry\"><textarea cols=\"40\" rows=\"10\" maxlength=\"2000\" class=\"wpcf7-form-control wpcf7-textarea wpcf7-validates-as-required\" aria-required=\"true\" aria-invalid=\"false\" placeholder=\"Let us know what you need.\" name=\"inquiry\"><\/textarea><\/span><\/label>\n\t\t\t<\/p>\n\t\t<\/div>\n\t<\/div>\n\t<div class=\"row\">\n\t\t<div class=\"columns columns-12\">\n\t\t\t<p><input class=\"wpcf7-form-control wpcf7-submit has-spinner primary\" type=\"submit\" value=\"Submit\" \/>\n\t\t\t<\/p>\n\t\t<\/div>\n\t<\/div>\n<\/div><p style=\"display: none !important;\" class=\"akismet-fields-container\" data-prefix=\"_wpcf7_ak_\"><label>&#916;<textarea name=\"_wpcf7_ak_hp_textarea\" cols=\"45\" rows=\"8\" maxlength=\"100\"><\/textarea><\/label><input type=\"hidden\" id=\"ak_js_1\" name=\"_wpcf7_ak_js\" value=\"81\"\/><script>document.getElementById( \"ak_js_1\" ).setAttribute( \"value\", ( new Date() ).getTime() );<\/script><\/p><input type='hidden' class='wpcf7-pum' value='{\"closepopup\":false,\"closedelay\":0,\"openpopup\":false,\"openpopup_id\":0}' \/><div class=\"wpcf7-response-output\" aria-hidden=\"true\"><\/div>\n<input type=\"hidden\" name=\"trp-form-language\" value=\"sq\"\/><\/form>\n<\/div>\n\n\t<div class=\"wpb_text_column wpb_content_element\" >\n\t\t<div class=\"wpb_wrapper\">\n\t\t\t<h4 style=\"text-align: center;\">Don\u2019t like forms? Call or email us using the buttons below.<\/h4>\n\n\t\t<\/div>\n\t<\/div>\n<\/div><\/div><\/div><div class=\"wpb_column vc_column_container vc_col-sm-2\"><div class=\"vc_column-inner\"><div class=\"wpb_wrapper\"><\/div><\/div><\/div><\/div><div class=\"vc_row-full-width vc_clearfix\"><\/div><div class=\"vc_row wpb_row vc_row-fluid\"><div class=\"wpb_column vc_column_container vc_col-sm-6\"><div class=\"vc_column-inner\"><div class=\"wpb_wrapper\"><h2 style=\"text-align: center;font-family:Abril Fatface;font-weight:400;font-style:normal\" class=\"vc_custom_heading vc_custom_1741460884173\" >New York<\/h2><div class=\"vc_btn3-container vc_btn3-center\" ><button class=\"vc_general vc_btn3 vc_btn3-size-md vc_btn3-shape-rounded vc_btn3-style-modern vc_btn3-color-primary\">Call us: 516-584-3015<\/button><\/div><div class=\"vc_btn3-container vc_btn3-center\" ><button class=\"vc_general vc_btn3 vc_btn3-size-md vc_btn3-shape-rounded vc_btn3-style-modern vc_btn3-color-primary\">Email Us: info@dssitinc.com<\/button><\/div>\n\t<div class=\"wpb_text_column wpb_content_element\" >\n\t\t<div class=\"wpb_wrapper\">\n\t\t\t<p style=\"text-align: center;\">1025 Old Country Rd, Suite 304<br \/>\nWestbury, NY 11590<\/p>\n<p style=\"text-align: center;\">125 Mineola Ave Roslyn Heights,<br \/>\nNY 11577<\/p>\n<div id=\"gtx-anchor\"><\/div>\n<div class=\"jfk-bubble gtx-bubble\" role=\"alertdialog\" aria-describedby=\"bubble-3\">\n<div id=\"bubble-3\" class=\"jfk-bubble-content-id\">\n<div id=\"gtx-host\"><\/div>\n<\/div>\n<\/div>\n\n\t\t<\/div>\n\t<\/div>\n<\/div><\/div><\/div><div class=\"wpb_column vc_column_container vc_col-sm-6\"><div class=\"vc_column-inner\"><div class=\"wpb_wrapper\"><h2 style=\"text-align: center;font-family:Abril Fatface;font-weight:400;font-style:normal\" class=\"vc_custom_heading vc_custom_1741460982798\" >Florida<\/h2><div class=\"vc_btn3-container vc_btn3-center\" ><button class=\"vc_general vc_btn3 vc_btn3-size-md vc_btn3-shape-rounded vc_btn3-style-modern vc_btn3-color-primary\">Call us: 954-587-5521<\/button><\/div><div class=\"vc_btn3-container vc_btn3-center\" ><button class=\"vc_general vc_btn3 vc_btn3-size-md vc_btn3-shape-rounded vc_btn3-style-modern vc_btn3-color-primary\">Email Us: info@dssitinc.com<\/button><\/div>\n\t<div class=\"wpb_text_column wpb_content_element\" >\n\t\t<div class=\"wpb_wrapper\">\n\t\t\t<p style=\"text-align: center;\">1900 NW 32nd st. Suite A,<br \/>\nPompano Beach, FL 33064<\/p>\n\n\t\t<\/div>\n\t<\/div>\n<\/div><\/div><\/div><\/div>\n<\/section>","protected":false},"excerpt":{"rendered":"A proactive approach to technology and infrastructure management Contact Us Today Why Choose Us? With over 20 years of experience within the world of Information Technology, we\u2019ve developed a deep understanding and an extensive expertise in modern technology and how it relates to today\u2019s businesses. And here at DSS, we\u2019ve never been more ready to [...]","protected":false},"author":3,"featured_media":0,"parent":0,"menu_order":0,"comment_status":"closed","ping_status":"closed","template":"","meta":{"content-type":"","_monsterinsights_skip_tracking":false,"_monsterinsights_sitenote_active":false,"_monsterinsights_sitenote_note":"","_monsterinsights_sitenote_category":0,"footnotes":""},"class_list":["post-690","page","type-page","status-publish","hentry"],"yoast_head":"<!-- This site is optimized with the Yoast SEO plugin v27.3 - https:\/\/yoast.com\/product\/yoast-seo-wordpress\/ -->\n<title>Why Choose Us - DSS - IT &amp; Cyber Security Management<\/title>\n<meta name=\"description\" content=\"Managed IT Services and Cybersecurity Westbury, Syosset, Garden City, Melville, Long Isalnd, Nassau County, Suffolk County, IT Support near me\" \/>\n<meta name=\"robots\" content=\"index, follow, max-snippet:-1, max-image-preview:large, max-video-preview:-1\" \/>\n<link rel=\"canonical\" href=\"https:\/\/www.dssitservices.com\/sq\/why-choose-us\/\" \/>\n<meta property=\"og:locale\" content=\"sq_AL\" \/>\n<meta property=\"og:type\" content=\"article\" \/>\n<meta property=\"og:title\" content=\"Why Choose Us - DSS - IT &amp; Cyber Security Management\" \/>\n<meta property=\"og:description\" content=\"Managed IT Services and Cybersecurity Westbury, Syosset, Garden City, Melville, Long Isalnd, Nassau County, Suffolk County, IT Support near me\" \/>\n<meta property=\"og:url\" content=\"https:\/\/www.dssitservices.com\/sq\/why-choose-us\/\" \/>\n<meta property=\"og:site_name\" content=\"DSS - IT &amp; Cyber Security Management\" \/>\n<meta property=\"article:publisher\" content=\"https:\/\/www.facebook.com\/DSSIT\" \/>\n<meta property=\"article:modified_time\" content=\"2025-03-26T14:28:10+00:00\" \/>\n<meta name=\"twitter:card\" content=\"summary_large_image\" \/>\n<meta name=\"twitter:label1\" content=\"Est. reading time\" \/>\n\t<meta name=\"twitter:data1\" content=\"2 minuta\" \/>\n<script type=\"application\/ld+json\" class=\"yoast-schema-graph\">{\"@context\":\"https:\\\/\\\/schema.org\",\"@graph\":[{\"@type\":\"WebPage\",\"@id\":\"https:\\\/\\\/www.dssitservices.com\\\/why-choose-us\\\/\",\"url\":\"https:\\\/\\\/www.dssitservices.com\\\/why-choose-us\\\/\",\"name\":\"Why Choose Us - DSS - IT &amp; Cyber Security Management\",\"isPartOf\":{\"@id\":\"https:\\\/\\\/www.dssitservices.com\\\/#website\"},\"datePublished\":\"2018-08-08T09:53:41+00:00\",\"dateModified\":\"2025-03-26T14:28:10+00:00\",\"description\":\"Managed IT Services and Cybersecurity Westbury, Syosset, Garden City, Melville, Long Isalnd, Nassau County, Suffolk County, IT Support near me\",\"breadcrumb\":{\"@id\":\"https:\\\/\\\/www.dssitservices.com\\\/why-choose-us\\\/#breadcrumb\"},\"inLanguage\":\"sq\",\"potentialAction\":[{\"@type\":\"ReadAction\",\"target\":[\"https:\\\/\\\/www.dssitservices.com\\\/why-choose-us\\\/\"]}]},{\"@type\":\"BreadcrumbList\",\"@id\":\"https:\\\/\\\/www.dssitservices.com\\\/why-choose-us\\\/#breadcrumb\",\"itemListElement\":[{\"@type\":\"ListItem\",\"position\":1,\"name\":\"Home\",\"item\":\"https:\\\/\\\/www.dssitservices.com\\\/\"},{\"@type\":\"ListItem\",\"position\":2,\"name\":\"Why Choose Us\"}]},{\"@type\":\"WebSite\",\"@id\":\"https:\\\/\\\/www.dssitservices.com\\\/#website\",\"url\":\"https:\\\/\\\/www.dssitservices.com\\\/\",\"name\":\"DSS - IT & Cyber Security Management\",\"description\":\"DSS IT is your trusted partner for IT Services and Cybersecurity on Long Island providing expert managed services and secure network support backed by over 20 years of experience.\",\"publisher\":{\"@id\":\"https:\\\/\\\/www.dssitservices.com\\\/#organization\"},\"potentialAction\":[{\"@type\":\"SearchAction\",\"target\":{\"@type\":\"EntryPoint\",\"urlTemplate\":\"https:\\\/\\\/www.dssitservices.com\\\/?s={search_term_string}\"},\"query-input\":{\"@type\":\"PropertyValueSpecification\",\"valueRequired\":true,\"valueName\":\"search_term_string\"}}],\"inLanguage\":\"sq\"},{\"@type\":\"Organization\",\"@id\":\"https:\\\/\\\/www.dssitservices.com\\\/#organization\",\"name\":\"DSS Management Inc\",\"url\":\"https:\\\/\\\/www.dssitservices.com\\\/\",\"logo\":{\"@type\":\"ImageObject\",\"inLanguage\":\"sq\",\"@id\":\"https:\\\/\\\/www.dssitservices.com\\\/#\\\/schema\\\/logo\\\/image\\\/\",\"url\":\"https:\\\/\\\/www.dssitservices.com\\\/wp-content\\\/uploads\\\/2019\\\/01\\\/DSS-Logo-Main-1-1.png\",\"contentUrl\":\"https:\\\/\\\/www.dssitservices.com\\\/wp-content\\\/uploads\\\/2019\\\/01\\\/DSS-Logo-Main-1-1.png\",\"width\":297,\"height\":100,\"caption\":\"DSS Management Inc\"},\"image\":{\"@id\":\"https:\\\/\\\/www.dssitservices.com\\\/#\\\/schema\\\/logo\\\/image\\\/\"},\"sameAs\":[\"https:\\\/\\\/www.facebook.com\\\/DSSIT\",\"https:\\\/\\\/www.instagram.com\\\/dssit\\\/\",\"https:\\\/\\\/www.linkedin.com\\\/company\\\/dssitinc\\\/\",\"https:\\\/\\\/www.youtube.com\\\/channel\\\/UCUfIRO4HxMQ2vLpza29n0Vg\"]}]}<\/script>\n<!-- \/ Yoast SEO plugin. -->","yoast_head_json":{"title":"Why Choose Us - DSS - IT &amp; Cyber Security Management","description":"Managed IT Services and Cybersecurity Westbury, Syosset, Garden City, Melville, Long Isalnd, Nassau County, Suffolk County, IT Support near me","robots":{"index":"index","follow":"follow","max-snippet":"max-snippet:-1","max-image-preview":"max-image-preview:large","max-video-preview":"max-video-preview:-1"},"canonical":"https:\/\/www.dssitservices.com\/sq\/why-choose-us\/","og_locale":"sq_AL","og_type":"article","og_title":"Why Choose Us - DSS - IT &amp; Cyber Security Management","og_description":"Managed IT Services and Cybersecurity Westbury, Syosset, Garden City, Melville, Long Isalnd, Nassau County, Suffolk County, IT Support near me","og_url":"https:\/\/www.dssitservices.com\/sq\/why-choose-us\/","og_site_name":"DSS - IT &amp; Cyber Security Management","article_publisher":"https:\/\/www.facebook.com\/DSSIT","article_modified_time":"2025-03-26T14:28:10+00:00","twitter_card":"summary_large_image","twitter_misc":{"Est. reading time":"2 minuta"},"schema":{"@context":"https:\/\/schema.org","@graph":[{"@type":"WebPage","@id":"https:\/\/www.dssitservices.com\/why-choose-us\/","url":"https:\/\/www.dssitservices.com\/why-choose-us\/","name":"Why Choose Us - DSS - IT &amp; Cyber Security Management","isPartOf":{"@id":"https:\/\/www.dssitservices.com\/#website"},"datePublished":"2018-08-08T09:53:41+00:00","dateModified":"2025-03-26T14:28:10+00:00","description":"Managed IT Services and Cybersecurity Westbury, Syosset, Garden City, Melville, Long Isalnd, Nassau County, Suffolk County, IT Support near me","breadcrumb":{"@id":"https:\/\/www.dssitservices.com\/why-choose-us\/#breadcrumb"},"inLanguage":"sq","potentialAction":[{"@type":"ReadAction","target":["https:\/\/www.dssitservices.com\/why-choose-us\/"]}]},{"@type":"BreadcrumbList","@id":"https:\/\/www.dssitservices.com\/why-choose-us\/#breadcrumb","itemListElement":[{"@type":"ListItem","position":1,"name":"Home","item":"https:\/\/www.dssitservices.com\/"},{"@type":"ListItem","position":2,"name":"Why Choose Us"}]},{"@type":"WebSite","@id":"https:\/\/www.dssitservices.com\/#website","url":"https:\/\/www.dssitservices.com\/","name":"DSS - IT & Cyber Security Management","description":"DSS IT is your trusted partner for IT Services and Cybersecurity on Long Island providing expert managed services and secure network support backed by over 20 years of experience.","publisher":{"@id":"https:\/\/www.dssitservices.com\/#organization"},"potentialAction":[{"@type":"SearchAction","target":{"@type":"EntryPoint","urlTemplate":"https:\/\/www.dssitservices.com\/?s={search_term_string}"},"query-input":{"@type":"PropertyValueSpecification","valueRequired":true,"valueName":"search_term_string"}}],"inLanguage":"sq"},{"@type":"Organization","@id":"https:\/\/www.dssitservices.com\/#organization","name":"DSS Management Inc","url":"https:\/\/www.dssitservices.com\/","logo":{"@type":"ImageObject","inLanguage":"sq","@id":"https:\/\/www.dssitservices.com\/#\/schema\/logo\/image\/","url":"https:\/\/www.dssitservices.com\/wp-content\/uploads\/2019\/01\/DSS-Logo-Main-1-1.png","contentUrl":"https:\/\/www.dssitservices.com\/wp-content\/uploads\/2019\/01\/DSS-Logo-Main-1-1.png","width":297,"height":100,"caption":"DSS Management Inc"},"image":{"@id":"https:\/\/www.dssitservices.com\/#\/schema\/logo\/image\/"},"sameAs":["https:\/\/www.facebook.com\/DSSIT","https:\/\/www.instagram.com\/dssit\/","https:\/\/www.linkedin.com\/company\/dssitinc\/","https:\/\/www.youtube.com\/channel\/UCUfIRO4HxMQ2vLpza29n0Vg"]}]}},"_links":{"self":[{"href":"https:\/\/www.dssitservices.com\/sq\/wp-json\/wp\/v2\/pages\/690","targetHints":{"allow":["GET"]}}],"collection":[{"href":"https:\/\/www.dssitservices.com\/sq\/wp-json\/wp\/v2\/pages"}],"about":[{"href":"https:\/\/www.dssitservices.com\/sq\/wp-json\/wp\/v2\/types\/page"}],"author":[{"embeddable":true,"href":"https:\/\/www.dssitservices.com\/sq\/wp-json\/wp\/v2\/users\/3"}],"replies":[{"embeddable":true,"href":"https:\/\/www.dssitservices.com\/sq\/wp-json\/wp\/v2\/comments?post=690"}],"version-history":[{"count":0,"href":"https:\/\/www.dssitservices.com\/sq\/wp-json\/wp\/v2\/pages\/690\/revisions"}],"wp:attachment":[{"href":"https:\/\/www.dssitservices.com\/sq\/wp-json\/wp\/v2\/media?parent=690"}],"curies":[{"name":"wp","href":"https:\/\/api.w.org\/{rel}","templated":true}]}}