{"id":707,"date":"2018-08-08T10:07:27","date_gmt":"2018-08-08T10:07:27","guid":{"rendered":"http:\/\/dssitinc.wpengine.com\/?page_id=707"},"modified":"2021-02-02T17:06:25","modified_gmt":"2021-02-02T17:06:25","slug":"it-services","status":"publish","type":"page","link":"https:\/\/www.dssitservices.com\/sq\/it-services\/","title":{"rendered":"IT Services"},"content":{"rendered":"<section class=\"wpb-content-wrapper\"><div class=\"vc_row wpb_row vc_row-fluid\"><div class=\"delay-1 wpb_animate_when_almost_visible wpb_fadeIn fadeIn wpb_column vc_column_container vc_col-sm-4\"><div class=\"vc_column-inner\"><div class=\"wpb_wrapper\"><div class=\"iconbox\">\n\n\t<h4 class=\"box-title\">Managed IT services<\/h4>\n\t<div class=\"box-detail\">\n\t\t<p>24\/7 maintenance and monitoring that keeps your computers, servers, and systems up and running.<\/p>\n\t\n\t<\/div>\n\t<div class=\"box-icon\"><img decoding=\"async\" src=\"https:\/\/www.dssitservices.com\/wp-content\/uploads\/2018\/08\/syncing-document-4157_bf6a2cf1-26c8-4688-ab14-85836d2a0562.svg\" alt=\"Managed IT services\" \/><\/div>\t\n\t\n\t\t<div class=\"box-readmore\">\n\t\t\t<a class=\"button no-bg\" href=\"https:\/\/www.dssitservices.com\/sq\/it-services\/managed-it-services\/\">Q\u00ebndroni Aktiv\u00eb<\/a>\n\t\t<\/div>\n<\/div><div class=\"vc_empty_space\"   style=\"height: 30px\"><span class=\"vc_empty_space_inner\"><\/span><\/div><\/div><\/div><\/div><div class=\"delay-2 wpb_animate_when_almost_visible wpb_fadeIn fadeIn wpb_column vc_column_container vc_col-sm-4\"><div class=\"vc_column-inner\"><div class=\"wpb_wrapper\"><div class=\"iconbox\">\n\n\t<h4 class=\"box-title\">Cloud computing<\/h4>\n\t<div class=\"box-detail\">\n\t\t<p>Prevent data loss with encrypted storage and virtualized recovery, then enjoy increased productivity.<\/p>\n\t\n\t<\/div>\n\t<div class=\"box-icon\"><img decoding=\"async\" src=\"https:\/\/www.dssitservices.com\/wp-content\/uploads\/2018\/08\/ssd-storage-1951_0cd86b60-9df8-4053-9198-84f76027d5de.svg\" alt=\"Cloud computing\" \/><\/div>\t\n\t\n\t\t<div class=\"box-readmore\">\n\t\t\t<a class=\"button no-bg\" href=\"https:\/\/www.dssitservices.com\/sq\/it-services\/managed-it-services\/\">Defend your data<\/a>\n\t\t<\/div>\n<\/div><div class=\"vc_empty_space\"   style=\"height: 30px\"><span class=\"vc_empty_space_inner\"><\/span><\/div><\/div><\/div><\/div><div class=\"delay-3 wpb_animate_when_almost_visible wpb_fadeIn fadeIn wpb_column vc_column_container vc_col-sm-4\"><div class=\"vc_column-inner\"><div class=\"wpb_wrapper\"><div class=\"iconbox\">\n\n\t<h4 class=\"box-title\">Cyber security<\/h4>\n\t<div class=\"box-detail\">\n\t\t<p>Protect your business from malware, hackers, viruses and the most commonly security<\/p>\n\t\n\t<\/div>\n\t<div class=\"box-icon\"><img decoding=\"async\" src=\"https:\/\/www.dssitservices.com\/wp-content\/uploads\/2018\/08\/private-folder-4136_9a670d06-eeb7-4508-8533-143953499f9e.svg\" alt=\"Cyber security\" \/><\/div>\t\n\t\n\t\t<div class=\"box-readmore\">\n\t\t\t<a class=\"button no-bg\" href=\"https:\/\/www.dssitservices.com\/sq\/it-services\/cyber-security\/\">Mbroni Biznesin Tuaj<\/a>\n\t\t<\/div>\n<\/div><div class=\"vc_empty_space\"   style=\"height: 30px\"><span class=\"vc_empty_space_inner\"><\/span><\/div><\/div><\/div><\/div><\/div><div class=\"vc_row wpb_row vc_row-fluid\"><div class=\"delay-1 wpb_animate_when_almost_visible wpb_fadeIn fadeIn wpb_column vc_column_container vc_col-sm-4\"><div class=\"vc_column-inner\"><div class=\"wpb_wrapper\"><div class=\"iconbox\">\n\n\t<h4 class=\"box-title\">IT Support<\/h4>\n\t<div class=\"box-detail\">\n\t\t<p>We offer a comprehensive range of managed IT support packages for all sizes of business<\/p>\n\t\n\t<\/div>\n\t<div class=\"box-icon\"><img decoding=\"async\" src=\"https:\/\/www.dssitservices.com\/wp-content\/uploads\/2018\/09\/lifebelt-3318_6c405c0e-728d-43f8-be45-014b6eca22b2.svg\" alt=\"IT Support\" \/><\/div>\t\n\t\n\t\t<div class=\"box-readmore\">\n\t\t\t<a class=\"button no-bg\" href=\"https:\/\/www.dssitservices.com\/sq\/it-services\/it-support\/\">Find out more<\/a>\n\t\t<\/div>\n<\/div><div class=\"vc_empty_space\"   style=\"height: 30px\"><span class=\"vc_empty_space_inner\"><\/span><\/div><\/div><\/div><\/div><div class=\"delay-2 wpb_animate_when_almost_visible wpb_fadeIn fadeIn wpb_column vc_column_container vc_col-sm-4\"><div class=\"vc_column-inner\"><div class=\"wpb_wrapper\"><div class=\"iconbox\">\n\n\t<h4 class=\"box-title\">IT Consulting<\/h4>\n\t<div class=\"box-detail\">\n\t\t<p>Our IT consulting team will provide you with the highest available technology platform that you need.<\/p>\n\t\n\t<\/div>\n\t<div class=\"box-icon\"><img decoding=\"async\" src=\"https:\/\/www.dssitservices.com\/wp-content\/uploads\/2018\/09\/messaging-app-4876_37066b6f-8fe4-4951-b968-319b79e3f6ad.svg\" alt=\"IT Consulting\" \/><\/div>\t\n\t\n\t\t<div class=\"box-readmore\">\n\t\t\t<a class=\"button no-bg\" href=\"https:\/\/www.dssitservices.com\/sq\/it-services\/managed-it-services\/\">M\u00ebso m\u00eb shum\u00eb<\/a>\n\t\t<\/div>\n<\/div><div class=\"vc_empty_space\"   style=\"height: 30px\"><span class=\"vc_empty_space_inner\"><\/span><\/div><\/div><\/div><\/div><div class=\"delay-3 wpb_animate_when_almost_visible wpb_fadeIn fadeIn wpb_column vc_column_container vc_col-sm-4\"><div class=\"vc_column-inner\"><div class=\"wpb_wrapper\"><div class=\"iconbox\">\n\n\t<h4 class=\"box-title\">Vendor Management<\/h4>\n\t<div class=\"box-detail\">\n\t\t<p>Explore our range of bespoke software development with a strong end-user focus.<\/p>\n\t\n\t<\/div>\n\t<div class=\"box-icon\"><img decoding=\"async\" src=\"https:\/\/www.dssitservices.com\/wp-content\/uploads\/2018\/09\/data-app-1919_c3f274cb-0fcd-42a4-8981-c10446e64ed9.svg\" alt=\"Vendor Management\" \/><\/div>\t\n\t\n\t\t<div class=\"box-readmore\">\n\t\t\t<a class=\"button no-bg\" href=\"https:\/\/www.dssitservices.com\/sq\/it-services\/managed-it-services\/\">Explore our services<\/a>\n\t\t<\/div>\n<\/div><div class=\"vc_empty_space\"   style=\"height: 30px\"><span class=\"vc_empty_space_inner\"><\/span><\/div><\/div><\/div><\/div><\/div><div class=\"vc_row wpb_row vc_row-fluid\"><div class=\"wpb_column vc_column_container vc_col-sm-12\"><div class=\"vc_column-inner\"><div class=\"wpb_wrapper\"><div class=\"vc_empty_space\"   style=\"height: 50px\"><span class=\"vc_empty_space_inner\"><\/span><\/div><\/div><\/div><\/div><\/div><div class=\"vc_row wpb_row vc_row-fluid\"><div class=\"wpb_column vc_column_container vc_col-sm-12\"><div class=\"vc_column-inner\"><div class=\"wpb_wrapper\"><div class=\"vc_btn3-container  popmake-1906 vc_btn3-center\" ><a class=\"vc_general vc_btn3 vc_btn3-size-lg vc_btn3-shape-rounded vc_btn3-style-classic vc_btn3-color-blue\" href=\"#\" title=\"Na Kontaktoni\">Get a Quote<\/a><\/div><\/div><\/div><\/div><\/div>\n<\/section>","protected":false},"excerpt":{"rendered":"Managed IT services 24\/7 maintenance and monitoring that keeps your computers, servers, and systems up and running. Stay up and running Cloud computing Prevent data loss with encrypted storage and virtualized recovery, then enjoy increased productivity. Defend your data Cyber security Protect your business from malware, hackers, viruses and the most commonly security Protect your [...]","protected":false},"author":3,"featured_media":0,"parent":0,"menu_order":0,"comment_status":"closed","ping_status":"closed","template":"","meta":{"content-type":"","_monsterinsights_skip_tracking":false,"_monsterinsights_sitenote_active":false,"_monsterinsights_sitenote_note":"","_monsterinsights_sitenote_category":0,"footnotes":""},"class_list":["post-707","page","type-page","status-publish","hentry"],"yoast_head":"<!-- This site is optimized with the Yoast SEO plugin v27.3 - https:\/\/yoast.com\/product\/yoast-seo-wordpress\/ -->\n<title>IT Services - DSS - IT &amp; Cyber Security Management<\/title>\n<meta name=\"description\" content=\"Managed IT Services and Cybersecurity Westbury, Syosset, Garden City, Melville, Long Isalnd, Nassau County, Suffolk County, IT Support near me\" \/>\n<meta name=\"robots\" content=\"index, follow, max-snippet:-1, max-image-preview:large, max-video-preview:-1\" \/>\n<link rel=\"canonical\" href=\"https:\/\/www.dssitservices.com\/sq\/it-services\/\" \/>\n<meta property=\"og:locale\" content=\"sq_AL\" \/>\n<meta property=\"og:type\" content=\"article\" \/>\n<meta property=\"og:title\" content=\"IT Services - DSS - IT &amp; Cyber Security Management\" \/>\n<meta property=\"og:description\" content=\"Managed IT Services and Cybersecurity Westbury, Syosset, Garden City, Melville, Long Isalnd, Nassau County, Suffolk County, IT Support near me\" \/>\n<meta property=\"og:url\" content=\"https:\/\/www.dssitservices.com\/sq\/it-services\/\" \/>\n<meta property=\"og:site_name\" content=\"DSS - IT &amp; Cyber Security Management\" \/>\n<meta property=\"article:publisher\" content=\"https:\/\/www.facebook.com\/DSSIT\" \/>\n<meta property=\"article:modified_time\" content=\"2021-02-02T17:06:25+00:00\" \/>\n<meta name=\"twitter:card\" content=\"summary_large_image\" \/>\n<meta name=\"twitter:label1\" content=\"Est. reading time\" \/>\n\t<meta name=\"twitter:data1\" content=\"2 minuta\" \/>\n<script type=\"application\/ld+json\" class=\"yoast-schema-graph\">{\"@context\":\"https:\\\/\\\/schema.org\",\"@graph\":[{\"@type\":\"WebPage\",\"@id\":\"https:\\\/\\\/www.dssitservices.com\\\/it-services\\\/\",\"url\":\"https:\\\/\\\/www.dssitservices.com\\\/it-services\\\/\",\"name\":\"IT Services - DSS - IT &amp; Cyber Security Management\",\"isPartOf\":{\"@id\":\"https:\\\/\\\/www.dssitservices.com\\\/#website\"},\"datePublished\":\"2018-08-08T10:07:27+00:00\",\"dateModified\":\"2021-02-02T17:06:25+00:00\",\"description\":\"Managed IT Services and Cybersecurity Westbury, Syosset, Garden City, Melville, Long Isalnd, Nassau County, Suffolk County, IT Support near me\",\"breadcrumb\":{\"@id\":\"https:\\\/\\\/www.dssitservices.com\\\/it-services\\\/#breadcrumb\"},\"inLanguage\":\"sq\",\"potentialAction\":[{\"@type\":\"ReadAction\",\"target\":[\"https:\\\/\\\/www.dssitservices.com\\\/it-services\\\/\"]}]},{\"@type\":\"BreadcrumbList\",\"@id\":\"https:\\\/\\\/www.dssitservices.com\\\/it-services\\\/#breadcrumb\",\"itemListElement\":[{\"@type\":\"ListItem\",\"position\":1,\"name\":\"Home\",\"item\":\"https:\\\/\\\/www.dssitservices.com\\\/\"},{\"@type\":\"ListItem\",\"position\":2,\"name\":\"IT Services\"}]},{\"@type\":\"WebSite\",\"@id\":\"https:\\\/\\\/www.dssitservices.com\\\/#website\",\"url\":\"https:\\\/\\\/www.dssitservices.com\\\/\",\"name\":\"DSS - IT & Cyber Security Management\",\"description\":\"DSS IT is your trusted partner for IT Services and Cybersecurity on Long Island providing expert managed services and secure network support backed by over 20 years of experience.\",\"publisher\":{\"@id\":\"https:\\\/\\\/www.dssitservices.com\\\/#organization\"},\"potentialAction\":[{\"@type\":\"SearchAction\",\"target\":{\"@type\":\"EntryPoint\",\"urlTemplate\":\"https:\\\/\\\/www.dssitservices.com\\\/?s={search_term_string}\"},\"query-input\":{\"@type\":\"PropertyValueSpecification\",\"valueRequired\":true,\"valueName\":\"search_term_string\"}}],\"inLanguage\":\"sq\"},{\"@type\":\"Organization\",\"@id\":\"https:\\\/\\\/www.dssitservices.com\\\/#organization\",\"name\":\"DSS Management Inc\",\"url\":\"https:\\\/\\\/www.dssitservices.com\\\/\",\"logo\":{\"@type\":\"ImageObject\",\"inLanguage\":\"sq\",\"@id\":\"https:\\\/\\\/www.dssitservices.com\\\/#\\\/schema\\\/logo\\\/image\\\/\",\"url\":\"https:\\\/\\\/www.dssitservices.com\\\/wp-content\\\/uploads\\\/2019\\\/01\\\/DSS-Logo-Main-1-1.png\",\"contentUrl\":\"https:\\\/\\\/www.dssitservices.com\\\/wp-content\\\/uploads\\\/2019\\\/01\\\/DSS-Logo-Main-1-1.png\",\"width\":297,\"height\":100,\"caption\":\"DSS Management Inc\"},\"image\":{\"@id\":\"https:\\\/\\\/www.dssitservices.com\\\/#\\\/schema\\\/logo\\\/image\\\/\"},\"sameAs\":[\"https:\\\/\\\/www.facebook.com\\\/DSSIT\",\"https:\\\/\\\/www.instagram.com\\\/dssit\\\/\",\"https:\\\/\\\/www.linkedin.com\\\/company\\\/dssitinc\\\/\",\"https:\\\/\\\/www.youtube.com\\\/channel\\\/UCUfIRO4HxMQ2vLpza29n0Vg\"]}]}<\/script>\n<!-- \/ Yoast SEO plugin. -->","yoast_head_json":{"title":"IT Services - DSS - IT &amp; Cyber Security Management","description":"Managed IT Services and Cybersecurity Westbury, Syosset, Garden City, Melville, Long Isalnd, Nassau County, Suffolk County, IT Support near me","robots":{"index":"index","follow":"follow","max-snippet":"max-snippet:-1","max-image-preview":"max-image-preview:large","max-video-preview":"max-video-preview:-1"},"canonical":"https:\/\/www.dssitservices.com\/sq\/it-services\/","og_locale":"sq_AL","og_type":"article","og_title":"IT Services - DSS - IT &amp; Cyber Security Management","og_description":"Managed IT Services and Cybersecurity Westbury, Syosset, Garden City, Melville, Long Isalnd, Nassau County, Suffolk County, IT Support near me","og_url":"https:\/\/www.dssitservices.com\/sq\/it-services\/","og_site_name":"DSS - IT &amp; Cyber Security Management","article_publisher":"https:\/\/www.facebook.com\/DSSIT","article_modified_time":"2021-02-02T17:06:25+00:00","twitter_card":"summary_large_image","twitter_misc":{"Est. reading time":"2 minuta"},"schema":{"@context":"https:\/\/schema.org","@graph":[{"@type":"WebPage","@id":"https:\/\/www.dssitservices.com\/it-services\/","url":"https:\/\/www.dssitservices.com\/it-services\/","name":"IT Services - DSS - IT &amp; Cyber Security Management","isPartOf":{"@id":"https:\/\/www.dssitservices.com\/#website"},"datePublished":"2018-08-08T10:07:27+00:00","dateModified":"2021-02-02T17:06:25+00:00","description":"Managed IT Services and Cybersecurity Westbury, Syosset, Garden City, Melville, Long Isalnd, Nassau County, Suffolk County, IT Support near me","breadcrumb":{"@id":"https:\/\/www.dssitservices.com\/it-services\/#breadcrumb"},"inLanguage":"sq","potentialAction":[{"@type":"ReadAction","target":["https:\/\/www.dssitservices.com\/it-services\/"]}]},{"@type":"BreadcrumbList","@id":"https:\/\/www.dssitservices.com\/it-services\/#breadcrumb","itemListElement":[{"@type":"ListItem","position":1,"name":"Home","item":"https:\/\/www.dssitservices.com\/"},{"@type":"ListItem","position":2,"name":"IT Services"}]},{"@type":"WebSite","@id":"https:\/\/www.dssitservices.com\/#website","url":"https:\/\/www.dssitservices.com\/","name":"DSS - IT & Cyber Security Management","description":"DSS IT is your trusted partner for IT Services and Cybersecurity on Long Island providing expert managed services and secure network support backed by over 20 years of experience.","publisher":{"@id":"https:\/\/www.dssitservices.com\/#organization"},"potentialAction":[{"@type":"SearchAction","target":{"@type":"EntryPoint","urlTemplate":"https:\/\/www.dssitservices.com\/?s={search_term_string}"},"query-input":{"@type":"PropertyValueSpecification","valueRequired":true,"valueName":"search_term_string"}}],"inLanguage":"sq"},{"@type":"Organization","@id":"https:\/\/www.dssitservices.com\/#organization","name":"DSS Management Inc","url":"https:\/\/www.dssitservices.com\/","logo":{"@type":"ImageObject","inLanguage":"sq","@id":"https:\/\/www.dssitservices.com\/#\/schema\/logo\/image\/","url":"https:\/\/www.dssitservices.com\/wp-content\/uploads\/2019\/01\/DSS-Logo-Main-1-1.png","contentUrl":"https:\/\/www.dssitservices.com\/wp-content\/uploads\/2019\/01\/DSS-Logo-Main-1-1.png","width":297,"height":100,"caption":"DSS Management Inc"},"image":{"@id":"https:\/\/www.dssitservices.com\/#\/schema\/logo\/image\/"},"sameAs":["https:\/\/www.facebook.com\/DSSIT","https:\/\/www.instagram.com\/dssit\/","https:\/\/www.linkedin.com\/company\/dssitinc\/","https:\/\/www.youtube.com\/channel\/UCUfIRO4HxMQ2vLpza29n0Vg"]}]}},"_links":{"self":[{"href":"https:\/\/www.dssitservices.com\/sq\/wp-json\/wp\/v2\/pages\/707","targetHints":{"allow":["GET"]}}],"collection":[{"href":"https:\/\/www.dssitservices.com\/sq\/wp-json\/wp\/v2\/pages"}],"about":[{"href":"https:\/\/www.dssitservices.com\/sq\/wp-json\/wp\/v2\/types\/page"}],"author":[{"embeddable":true,"href":"https:\/\/www.dssitservices.com\/sq\/wp-json\/wp\/v2\/users\/3"}],"replies":[{"embeddable":true,"href":"https:\/\/www.dssitservices.com\/sq\/wp-json\/wp\/v2\/comments?post=707"}],"version-history":[{"count":0,"href":"https:\/\/www.dssitservices.com\/sq\/wp-json\/wp\/v2\/pages\/707\/revisions"}],"wp:attachment":[{"href":"https:\/\/www.dssitservices.com\/sq\/wp-json\/wp\/v2\/media?parent=707"}],"curies":[{"name":"wp","href":"https:\/\/api.w.org\/{rel}","templated":true}]}}