{"id":717,"date":"2018-08-08T10:09:17","date_gmt":"2018-08-08T10:09:17","guid":{"rendered":"http:\/\/dssitinc.wpengine.com\/?page_id=717"},"modified":"2022-01-05T19:02:44","modified_gmt":"2022-01-05T19:02:44","slug":"cyber-security","status":"publish","type":"page","link":"https:\/\/www.dssitservices.com\/sq\/it-services\/cyber-security\/","title":{"rendered":"Sh\u00ebrbime t\u00eb Siguris\u00eb Kibernetike | Konsultim p\u00ebr sh\u00ebrbime t\u00eb Siguris\u00eb Kibernetike"},"content":{"rendered":"<section class=\"wpb-content-wrapper\"><section data-vc-full-width=\"true\" data-vc-full-width-init=\"false\" class=\"vc_section mask vc_custom_1612050818748 vc_section-has-fill\"><div data-vc-full-width=\"true\" data-vc-full-width-init=\"false\" class=\"vc_row wpb_row vc_row-fluid vc_custom_1540433623291\"><div class=\"wpb_column vc_column_container vc_col-sm-7\"><div class=\"vc_column-inner\"><div class=\"wpb_wrapper\"><div style=\"font-size: 3rem;color: #ffffff;text-align: left\" class=\"vc_custom_heading delay-1 custom-hd wpb_animate_when_almost_visible wpb_fadeInUp fadeInUp vc_custom_1536331299147\" >our solutions<\/div><div class=\"vc_empty_space\"   style=\"height: 20px\"><span class=\"vc_empty_space_inner\"><\/span><\/div><h1 style=\"font-size: 6rem;color: #ffffff;line-height: 0.9;text-align: left\" class=\"vc_custom_heading custom-hd delay-2 wpb_animate_when_almost_visible wpb_fadeInUp fadeInUp\" >cybersecurity services<\/h1><div class=\"vc_separator wpb_content_element vc_separator_align_center vc_sep_width_10 vc_sep_border_width_5 vc_sep_pos_align_left vc_separator_no_text vc_sep_color_white vc_custom_1540433674448  vc_custom_1540433674448 delay-4 wpb_animate_when_almost_visible wpb_fadeInUp fadeInUp wpb_animate_when_almost_visible wpb_fadeInUp fadeInUp\" ><span class=\"vc_sep_holder vc_sep_holder_l\"><span class=\"vc_sep_line\"><\/span><\/span><span class=\"vc_sep_holder vc_sep_holder_r\"><span class=\"vc_sep_line\"><\/span><\/span>\n<\/div><div class=\"vc_btn3-container  popmake-1906 vc_btn3-left\" ><a class=\"vc_general vc_btn3 vc_btn3-size-md vc_btn3-shape-rounded vc_btn3-style-classic vc_btn3-color-white\" href=\"#\" title=\"Na Kontaktoni\">Na Kontaktoni<\/a><\/div><\/div><\/div><\/div><div class=\"wpb_column vc_column_container vc_col-sm-5\"><div class=\"vc_column-inner\"><div class=\"wpb_wrapper\"><\/div><\/div><\/div><\/div><div class=\"vc_row-full-width vc_clearfix\"><\/div><\/section><div class=\"vc_row-full-width vc_clearfix\"><\/div><section id=\"overview\" data-vc-full-width=\"true\" data-vc-full-width-init=\"false\" class=\"vc_section vc_custom_1536315102680\"><div class=\"vc_row wpb_row vc_row-fluid\"><div class=\"wpb_column vc_column_container vc_col-sm-12 vc_hidden-sm vc_hidden-xs\"><div class=\"vc_column-inner\"><div class=\"wpb_wrapper\"><div  class=\"wpb_widgetised_column wpb_content_element\">\n\t\t<div class=\"wpb_wrapper\">\n\t\t\t\n\t\t\t<div id=\"nav_menu-7\" class=\"widget-odd widget-last widget-first widget-1 fixed-menu widget widget_nav_menu\"><div class=\"menu-services-container\"><ul id=\"menu-services\" class=\"menu\"><li id=\"menu-item-1191\" class=\"menu-item menu-item-type-custom menu-item-object-custom menu-item-1191\"><a href=\"#overview\" data-ps2id-api=\"true\">P\u00ebrmbledhje<\/a><\/li>\n<li id=\"menu-item-1193\" class=\"menu-item menu-item-type-custom menu-item-object-custom menu-item-1193\"><a href=\"#solutions\" data-ps2id-api=\"true\">Zgjidhje<\/a><\/li>\n<li id=\"menu-item-1192\" class=\"menu-item menu-item-type-custom menu-item-object-custom menu-item-1192\"><a href=\"#benefits\" data-ps2id-api=\"true\">Benefitet<\/a><\/li>\n<li id=\"menu-item-1200\" class=\"menu-item menu-item-type-custom menu-item-object-custom menu-item-1200\"><a href=\"#site-footer\" data-ps2id-api=\"true\">Na Kontaktoni<\/a><\/li>\n<\/ul><\/div><\/div>\n\t\t<\/div>\n\t<\/div>\n<\/div><\/div><\/div><\/div><div class=\"vc_row wpb_row vc_row-fluid\"><div class=\"wpb_column vc_column_container vc_col-sm-2\"><div class=\"vc_column-inner\"><div class=\"wpb_wrapper\"><\/div><\/div><\/div><div class=\"wpb_column vc_column_container vc_col-sm-8\"><div class=\"vc_column-inner\"><div class=\"wpb_wrapper\"><div class=\"vc_empty_space\"   style=\"height: 80px\"><span class=\"vc_empty_space_inner\"><\/span><\/div><h6 style=\"font-size: 10px;color: #627792;text-align: center\" class=\"vc_custom_heading style1\" >overview<\/h6><div class=\"vc_empty_space\"   style=\"height: 6px\"><span class=\"vc_empty_space_inner\"><\/span><\/div><h2 style=\"text-align: center\" class=\"vc_custom_heading\" >Why Does Your Business Need Cybersecurity Services?<\/h2><div class=\"vc_empty_space\"   style=\"height: 20px\"><span class=\"vc_empty_space_inner\"><\/span><\/div>\n\t<div class=\"wpb_text_column wpb_content_element\" >\n\t\t<div class=\"wpb_wrapper\">\n\t\t\t<h3><strong>What is Cyber Security?<\/strong><\/h3>\n<p>Across the small- to medium-size business landscape, cyber security breaches are taking their toll. There has been a 41% increase in business disruption, which has reduced employee productivity by 33%. This, of course, causes massive spikes in your operational costs\u2014not to mention an overall decrease in revenue by at least 9%.<\/p>\n<p>Coupled with the theft or destruction of your data (or your customers\u2019 data), can your business afford to shoulder those setbacks? Cyber security is no longer just for the Fortune 500 companies to worry about\u2014many SMB businesses are closing their doors this year because they fell prey to a cyber attack.<\/p>\n\n\t\t<\/div>\n\t<\/div>\n<div class=\"vc_empty_space\"   style=\"height: 60px\"><span class=\"vc_empty_space_inner\"><\/span><\/div><\/div><\/div><\/div><div class=\"wpb_column vc_column_container vc_col-sm-2\"><div class=\"vc_column-inner\"><div class=\"wpb_wrapper\"><\/div><\/div><\/div><\/div><\/section><div class=\"vc_row-full-width vc_clearfix\"><\/div><section id=\"solutions\" data-vc-full-width=\"true\" data-vc-full-width-init=\"false\" class=\"vc_section wpb_animate_when_almost_visible wpb_fadeInUp fadeInUp vc_custom_1540522429063 vc_section-has-fill\"><div data-vc-full-width=\"true\" data-vc-full-width-init=\"false\" class=\"vc_row wpb_row vc_row-fluid vc_custom_1617291981362 vc_row-has-fill\"><div class=\"wpb_column vc_column_container vc_col-sm-12\"><div class=\"vc_column-inner\"><div class=\"wpb_wrapper\">\n\t<div class=\"wpb_text_column wpb_content_element\" >\n\t\t<div class=\"wpb_wrapper\">\n\t\t\t<h2 style=\"text-align: center; color: white;\">How DSS transforms your Cyber Security<\/h2>\n<p style=\"text-align: center; color: white;\">Our 3 step approach will innovate and transform your Cyber Security infrastructure<\/p>\n\n\t\t<\/div>\n\t<\/div>\n<\/div><\/div><\/div><\/div><div class=\"vc_row-full-width vc_clearfix\"><\/div><div data-vc-full-width=\"true\" data-vc-full-width-init=\"false\" class=\"vc_row wpb_row vc_row-fluid vc_custom_1617291202647 vc_row-has-fill\"><div class=\"wpb_column vc_column_container vc_col-sm-6\"><div class=\"vc_column-inner\"><div class=\"wpb_wrapper\">\n\t<div class=\"wpb_text_column wpb_content_element\" >\n\t\t<div class=\"wpb_wrapper\">\n\t\t\t<h2 style=\"color: white;\"><span style=\"color: #ffffff;\"><strong>People<\/strong>: Cyber Security Training<\/span><\/h2>\n<p><span style=\"color: #ffffff;\">Our comprehensive Cyber Security training will ensure that your IT staff are fully trained in the fundamentals of Cyber Security. Using the tools and processes that DSS will put in place, your IT staff will be ready to handle anything that comes their way.<\/p>\n\n\t\t<\/div>\n\t<\/div>\n<\/div><\/div><\/div><div class=\"wpb_column vc_column_container vc_col-sm-6\"><div class=\"vc_column-inner\"><div class=\"wpb_wrapper\">\n\t<div  class=\"wpb_single_image wpb_content_element vc_align_left\">\n\t\t\n\t\t<figure class=\"wpb_wrapper vc_figure\">\n\t\t\t<div class=\"vc_single_image-wrapper   vc_box_border_grey\"><img loading=\"lazy\" decoding=\"async\" width=\"640\" height=\"426\" src=\"https:\/\/www.dssitservices.com\/wp-content\/uploads\/2021\/04\/pexels-field-engineer-442150-2.jpg\" class=\"vc_single_image-img attachment-full\" alt=\"\" title=\"cyber security training\" srcset=\"https:\/\/www.dssitservices.com\/wp-content\/uploads\/2021\/04\/pexels-field-engineer-442150-2.jpg 640w, https:\/\/www.dssitservices.com\/wp-content\/uploads\/2021\/04\/pexels-field-engineer-442150-2-300x200.jpg 300w\" sizes=\"auto, (max-width: 640px) 100vw, 640px\" \/><\/div>\n\t\t<\/figure>\n\t<\/div>\n<\/div><\/div><\/div><\/div><div class=\"vc_row-full-width vc_clearfix\"><\/div><div data-vc-full-width=\"true\" data-vc-full-width-init=\"false\" class=\"vc_row wpb_row vc_row-fluid vc_custom_1617291311345 vc_row-has-fill\"><div class=\"wpb_column vc_column_container vc_col-sm-6\"><div class=\"vc_column-inner\"><div class=\"wpb_wrapper\">\n\t<div  class=\"wpb_single_image wpb_content_element vc_align_left\">\n\t\t\n\t\t<figure class=\"wpb_wrapper vc_figure\">\n\t\t\t<div class=\"vc_single_image-wrapper   vc_box_border_grey\"><img loading=\"lazy\" decoding=\"async\" width=\"640\" height=\"427\" src=\"https:\/\/www.dssitservices.com\/wp-content\/uploads\/2021\/04\/pexels-fauxels-3183197.jpg\" class=\"vc_single_image-img attachment-full\" alt=\"\" title=\"cyber security process\" srcset=\"https:\/\/www.dssitservices.com\/wp-content\/uploads\/2021\/04\/pexels-fauxels-3183197.jpg 640w, https:\/\/www.dssitservices.com\/wp-content\/uploads\/2021\/04\/pexels-fauxels-3183197-300x200.jpg 300w\" sizes=\"auto, (max-width: 640px) 100vw, 640px\" \/><\/div>\n\t\t<\/figure>\n\t<\/div>\n<\/div><\/div><\/div><div class=\"wpb_column vc_column_container vc_col-sm-6\"><div class=\"vc_column-inner\"><div class=\"wpb_wrapper\">\n\t<div class=\"wpb_text_column wpb_content_element\" >\n\t\t<div class=\"wpb_wrapper\">\n\t\t\t<p><\/span><\/p>\n<h2><span style=\"color: #ffffff;\"><strong>Process:\u00a0<\/strong>A Cyber Security Process in place<\/span><\/h2>\n<p><span style=\"color: #ffffff;\">We establish processes for dealing with Cyber Security issues and threats, that your business will take in house and that your fully trained staff will be able to use in order to ensure your business is well protected. <\/span><\/p>\n\n\t\t<\/div>\n\t<\/div>\n<\/div><\/div><\/div><\/div><div class=\"vc_row-full-width vc_clearfix\"><\/div><div class=\"vc_row wpb_row vc_row-fluid vc_custom_1617291734521\"><div class=\"wpb_column vc_column_container vc_col-sm-6\"><div class=\"vc_column-inner\"><div class=\"wpb_wrapper\">\n\t<div class=\"wpb_text_column wpb_content_element\" >\n\t\t<div class=\"wpb_wrapper\">\n\t\t\t<h2><span style=\"color: #ffffff;\"><strong>Technology<\/strong>: Endpoint Protection<\/span><\/h2>\n<p><span style=\"color: #ffffff;\">Using the processes in place, your Fully Trained Cyber Security staff will use the latest technology to protect your business, such as\u00a0<strong>Endpoint Protection.<\/strong> This technology ensures the protection of computer networks that are remotely bridged to client devices. The connection of laptops, tablets, mobile phones, Internet-of-things devices, and other wireless devices to corporate networks creates attack paths for security threats.<\/span><\/p>\n\n\t\t<\/div>\n\t<\/div>\n<\/div><\/div><\/div><div class=\"wpb_column vc_column_container vc_col-sm-6\"><div class=\"vc_column-inner\"><div class=\"wpb_wrapper\">\n\t<div  class=\"wpb_single_image wpb_content_element vc_align_left\">\n\t\t\n\t\t<figure class=\"wpb_wrapper vc_figure\">\n\t\t\t<div class=\"vc_single_image-wrapper   vc_box_border_grey\"><img loading=\"lazy\" decoding=\"async\" width=\"878\" height=\"527\" src=\"https:\/\/www.dssitservices.com\/wp-content\/uploads\/2021\/04\/best-practices-endpoint-security-protect-data.jpg\" class=\"vc_single_image-img attachment-full\" alt=\"\" title=\"best-practices-endpoint-security-protect-data\" srcset=\"https:\/\/www.dssitservices.com\/wp-content\/uploads\/2021\/04\/best-practices-endpoint-security-protect-data.jpg 878w, https:\/\/www.dssitservices.com\/wp-content\/uploads\/2021\/04\/best-practices-endpoint-security-protect-data-300x180.jpg 300w, https:\/\/www.dssitservices.com\/wp-content\/uploads\/2021\/04\/best-practices-endpoint-security-protect-data-768x461.jpg 768w\" sizes=\"auto, (max-width: 878px) 100vw, 878px\" \/><\/div>\n\t\t<\/figure>\n\t<\/div>\n<\/div><\/div><\/div><\/div><div class=\"vc_row wpb_row vc_row-fluid\"><div class=\"wpb_column vc_column_container vc_col-sm-12\"><div class=\"vc_column-inner\"><div class=\"wpb_wrapper\"><\/div><\/div><\/div><\/div><\/section><div class=\"vc_row-full-width vc_clearfix\"><\/div><section id=\"benefits\" data-vc-full-width=\"true\" data-vc-full-width-init=\"false\" class=\"vc_section wpb_animate_when_almost_visible wpb_fadeInUp fadeInUp vc_custom_1536330643232\"><div class=\"vc_row wpb_row vc_row-fluid vc_custom_1617297531318 vc_row-has-fill\"><div class=\"wpb_column vc_column_container vc_col-sm-12\"><div class=\"vc_column-inner\"><div class=\"wpb_wrapper\"><div class=\"vc_empty_space\"   style=\"height: 10px\"><span class=\"vc_empty_space_inner\"><\/span><\/div><h3 style=\"color: #ffffff;text-align: center\" class=\"vc_custom_heading\" >Ask yourself, how safe do you WANT to be?<\/h3>\n\t<div class=\"wpb_text_column wpb_content_element  vc_custom_1617297591652\" >\n\t\t<div class=\"wpb_wrapper\">\n\t\t\t<p style=\"text-align: center;\"><span style=\"color: #ffffff;\">If you\u2019re ready to get serious about protecting your business from the increasing threat landscape, contact us today. We\u2019ll provide a detailed security assessment, followed by a customized consultation o determine the best course of action to protect you best.<\/span><\/p>\n\n\t\t<\/div>\n\t<\/div>\n<div class=\"vc_btn3-container  popmake-1906 vc_btn3-center\" ><a class=\"vc_general vc_btn3 vc_btn3-size-md vc_btn3-shape-rounded vc_btn3-style-classic vc_btn3-color-blue\" href=\"#\" title=\"Na Kontaktoni\">Na Kontaktoni<\/a><\/div><\/div><\/div><\/div><\/div><div class=\"vc_row wpb_row vc_row-fluid vc_custom_1617298386258\"><div class=\"wpb_column vc_column_container vc_col-sm-12\"><div class=\"vc_column-inner\"><div class=\"wpb_wrapper\">\n\t<div class=\"wpb_text_column wpb_content_element\" >\n\t\t<div class=\"wpb_wrapper\">\n\t\t\t<h3 style=\"text-align: center;\"><strong>Are you Following Cyber Security Best Practices?<\/strong><\/h3>\n<p style=\"text-align: center;\">Because phishing techniques and social engineering exploits are responsible for a large amount of security incidents, the next data breach can only be a click or phone call away.<\/p>\n<p style=\"text-align: center;\">To combat that risk, it\u2019s important to have a culture of security instilled in your workplace, which is why we offer security awareness training as part of your complete cyber security plan. Your staff will have the training they need to keep your systems safe in the digital realm as well as the physical world, which can lead to the reduction of a risk of a cyber attack of 45 to 70 percent.<\/p>\n<p style=\"text-align: center;\"><strong>Download this cyber security checklist to make sure<\/strong><\/p>\n\n\t\t<\/div>\n\t<\/div>\n<div class=\"vc_btn3-container  popmake-1906 vc_btn3-center\" ><a class=\"vc_general vc_btn3 vc_btn3-size-md vc_btn3-shape-rounded vc_btn3-style-classic vc_btn3-color-blue\" href=\"https:\/\/www.dssitservices.com\/sq\/security-checklist-download\/\" title=\"Na Kontaktoni\">Download<\/a><\/div><h6 style=\"font-size: 10px;color: #627792;text-align: center\" class=\"vc_custom_heading style1\" ><\/h6><div class=\"vc_empty_space\"   style=\"height: 6px\"><span class=\"vc_empty_space_inner\"><\/span><\/div><div class=\"vc_empty_space\"   style=\"height: 32px\"><span class=\"vc_empty_space_inner\"><\/span><\/div><\/div><\/div><\/div><\/div><\/section><div class=\"vc_row-full-width vc_clearfix\"><\/div>\n<\/section>","protected":false},"excerpt":{"rendered":"our solutionscybersecurity services Contact Us Now Overview Solutions Benefits Contact us overviewWhy Does Your Business Need Cybersecurity Services? What is Cyber Security? Across the small- to medium-size business landscape, cyber security breaches are taking their toll. There has been a 41% increase in business disruption, which has reduced employee productivity by 33%. This, of course, [...]","protected":false},"author":3,"featured_media":0,"parent":707,"menu_order":0,"comment_status":"closed","ping_status":"closed","template":"","meta":{"content-type":"","_monsterinsights_skip_tracking":false,"_monsterinsights_sitenote_active":false,"_monsterinsights_sitenote_note":"","_monsterinsights_sitenote_category":0,"footnotes":""},"class_list":["post-717","page","type-page","status-publish","hentry"],"yoast_head":"<!-- This site is optimized with the Yoast SEO plugin v27.3 - https:\/\/yoast.com\/product\/yoast-seo-wordpress\/ -->\n<title>Cybersecurity Services | Cybersecurity Consulting Services - DSS - IT &amp; Cyber Security Management<\/title>\n<meta name=\"description\" content=\"DSS provides cybersecurity consulting services and managed security solutions that can monitor and protect your business from cyber attacks. Contact us today!\" \/>\n<meta name=\"robots\" content=\"index, follow, max-snippet:-1, max-image-preview:large, max-video-preview:-1\" \/>\n<link rel=\"canonical\" href=\"https:\/\/www.dssitservices.com\/sq\/it-services\/cyber-security\/\" \/>\n<meta property=\"og:locale\" content=\"sq_AL\" \/>\n<meta property=\"og:type\" content=\"article\" \/>\n<meta property=\"og:title\" content=\"Cybersecurity Services | Cybersecurity Consulting Services - DSS - IT &amp; Cyber Security Management\" \/>\n<meta property=\"og:description\" content=\"DSS provides cybersecurity consulting services and managed security solutions that can monitor and protect your business from cyber attacks. Contact us today!\" \/>\n<meta property=\"og:url\" content=\"https:\/\/www.dssitservices.com\/sq\/it-services\/cyber-security\/\" \/>\n<meta property=\"og:site_name\" content=\"DSS - IT &amp; Cyber Security Management\" \/>\n<meta property=\"article:publisher\" content=\"https:\/\/www.facebook.com\/DSSIT\" \/>\n<meta property=\"article:modified_time\" content=\"2022-01-05T19:02:44+00:00\" \/>\n<meta name=\"twitter:card\" content=\"summary_large_image\" \/>\n<meta name=\"twitter:label1\" content=\"Est. reading time\" \/>\n\t<meta name=\"twitter:data1\" content=\"6 minuta\" \/>\n<script type=\"application\/ld+json\" class=\"yoast-schema-graph\">{\"@context\":\"https:\\\/\\\/schema.org\",\"@graph\":[{\"@type\":\"WebPage\",\"@id\":\"https:\\\/\\\/www.dssitservices.com\\\/it-services\\\/cyber-security\\\/\",\"url\":\"https:\\\/\\\/www.dssitservices.com\\\/it-services\\\/cyber-security\\\/\",\"name\":\"Cybersecurity Services | Cybersecurity Consulting Services - DSS - IT &amp; Cyber Security Management\",\"isPartOf\":{\"@id\":\"https:\\\/\\\/www.dssitservices.com\\\/#website\"},\"datePublished\":\"2018-08-08T10:09:17+00:00\",\"dateModified\":\"2022-01-05T19:02:44+00:00\",\"description\":\"DSS provides cybersecurity consulting services and managed security solutions that can monitor and protect your business from cyber attacks. Contact us today!\",\"breadcrumb\":{\"@id\":\"https:\\\/\\\/www.dssitservices.com\\\/it-services\\\/cyber-security\\\/#breadcrumb\"},\"inLanguage\":\"sq\",\"potentialAction\":[{\"@type\":\"ReadAction\",\"target\":[\"https:\\\/\\\/www.dssitservices.com\\\/it-services\\\/cyber-security\\\/\"]}]},{\"@type\":\"BreadcrumbList\",\"@id\":\"https:\\\/\\\/www.dssitservices.com\\\/it-services\\\/cyber-security\\\/#breadcrumb\",\"itemListElement\":[{\"@type\":\"ListItem\",\"position\":1,\"name\":\"Home\",\"item\":\"https:\\\/\\\/www.dssitservices.com\\\/\"},{\"@type\":\"ListItem\",\"position\":2,\"name\":\"IT Services\",\"item\":\"https:\\\/\\\/www.dssitservices.com\\\/it-services\\\/\"},{\"@type\":\"ListItem\",\"position\":3,\"name\":\"Cybersecurity Services | Cybersecurity Consulting Services\"}]},{\"@type\":\"WebSite\",\"@id\":\"https:\\\/\\\/www.dssitservices.com\\\/#website\",\"url\":\"https:\\\/\\\/www.dssitservices.com\\\/\",\"name\":\"DSS - IT & Cyber Security Management\",\"description\":\"DSS IT is your trusted partner for IT Services and Cybersecurity on Long Island providing expert managed services and secure network support backed by over 20 years of experience.\",\"publisher\":{\"@id\":\"https:\\\/\\\/www.dssitservices.com\\\/#organization\"},\"potentialAction\":[{\"@type\":\"SearchAction\",\"target\":{\"@type\":\"EntryPoint\",\"urlTemplate\":\"https:\\\/\\\/www.dssitservices.com\\\/?s={search_term_string}\"},\"query-input\":{\"@type\":\"PropertyValueSpecification\",\"valueRequired\":true,\"valueName\":\"search_term_string\"}}],\"inLanguage\":\"sq\"},{\"@type\":\"Organization\",\"@id\":\"https:\\\/\\\/www.dssitservices.com\\\/#organization\",\"name\":\"DSS Management Inc\",\"url\":\"https:\\\/\\\/www.dssitservices.com\\\/\",\"logo\":{\"@type\":\"ImageObject\",\"inLanguage\":\"sq\",\"@id\":\"https:\\\/\\\/www.dssitservices.com\\\/#\\\/schema\\\/logo\\\/image\\\/\",\"url\":\"https:\\\/\\\/www.dssitservices.com\\\/wp-content\\\/uploads\\\/2019\\\/01\\\/DSS-Logo-Main-1-1.png\",\"contentUrl\":\"https:\\\/\\\/www.dssitservices.com\\\/wp-content\\\/uploads\\\/2019\\\/01\\\/DSS-Logo-Main-1-1.png\",\"width\":297,\"height\":100,\"caption\":\"DSS Management Inc\"},\"image\":{\"@id\":\"https:\\\/\\\/www.dssitservices.com\\\/#\\\/schema\\\/logo\\\/image\\\/\"},\"sameAs\":[\"https:\\\/\\\/www.facebook.com\\\/DSSIT\",\"https:\\\/\\\/www.instagram.com\\\/dssit\\\/\",\"https:\\\/\\\/www.linkedin.com\\\/company\\\/dssitinc\\\/\",\"https:\\\/\\\/www.youtube.com\\\/channel\\\/UCUfIRO4HxMQ2vLpza29n0Vg\"]}]}<\/script>\n<!-- \/ Yoast SEO plugin. -->","yoast_head_json":{"title":"Cybersecurity Services | Cybersecurity Consulting Services - DSS - IT &amp; Cyber Security Management","description":"DSS provides cybersecurity consulting services and managed security solutions that can monitor and protect your business from cyber attacks. Contact us today!","robots":{"index":"index","follow":"follow","max-snippet":"max-snippet:-1","max-image-preview":"max-image-preview:large","max-video-preview":"max-video-preview:-1"},"canonical":"https:\/\/www.dssitservices.com\/sq\/it-services\/cyber-security\/","og_locale":"sq_AL","og_type":"article","og_title":"Cybersecurity Services | Cybersecurity Consulting Services - DSS - IT &amp; Cyber Security Management","og_description":"DSS provides cybersecurity consulting services and managed security solutions that can monitor and protect your business from cyber attacks. Contact us today!","og_url":"https:\/\/www.dssitservices.com\/sq\/it-services\/cyber-security\/","og_site_name":"DSS - IT &amp; Cyber Security Management","article_publisher":"https:\/\/www.facebook.com\/DSSIT","article_modified_time":"2022-01-05T19:02:44+00:00","twitter_card":"summary_large_image","twitter_misc":{"Est. reading time":"6 minuta"},"schema":{"@context":"https:\/\/schema.org","@graph":[{"@type":"WebPage","@id":"https:\/\/www.dssitservices.com\/it-services\/cyber-security\/","url":"https:\/\/www.dssitservices.com\/it-services\/cyber-security\/","name":"Cybersecurity Services | Cybersecurity Consulting Services - DSS - IT &amp; Cyber Security Management","isPartOf":{"@id":"https:\/\/www.dssitservices.com\/#website"},"datePublished":"2018-08-08T10:09:17+00:00","dateModified":"2022-01-05T19:02:44+00:00","description":"DSS provides cybersecurity consulting services and managed security solutions that can monitor and protect your business from cyber attacks. Contact us today!","breadcrumb":{"@id":"https:\/\/www.dssitservices.com\/it-services\/cyber-security\/#breadcrumb"},"inLanguage":"sq","potentialAction":[{"@type":"ReadAction","target":["https:\/\/www.dssitservices.com\/it-services\/cyber-security\/"]}]},{"@type":"BreadcrumbList","@id":"https:\/\/www.dssitservices.com\/it-services\/cyber-security\/#breadcrumb","itemListElement":[{"@type":"ListItem","position":1,"name":"Home","item":"https:\/\/www.dssitservices.com\/"},{"@type":"ListItem","position":2,"name":"IT Services","item":"https:\/\/www.dssitservices.com\/it-services\/"},{"@type":"ListItem","position":3,"name":"Cybersecurity Services | Cybersecurity Consulting Services"}]},{"@type":"WebSite","@id":"https:\/\/www.dssitservices.com\/#website","url":"https:\/\/www.dssitservices.com\/","name":"DSS - IT & Cyber Security Management","description":"DSS IT is your trusted partner for IT Services and Cybersecurity on Long Island providing expert managed services and secure network support backed by over 20 years of experience.","publisher":{"@id":"https:\/\/www.dssitservices.com\/#organization"},"potentialAction":[{"@type":"SearchAction","target":{"@type":"EntryPoint","urlTemplate":"https:\/\/www.dssitservices.com\/?s={search_term_string}"},"query-input":{"@type":"PropertyValueSpecification","valueRequired":true,"valueName":"search_term_string"}}],"inLanguage":"sq"},{"@type":"Organization","@id":"https:\/\/www.dssitservices.com\/#organization","name":"DSS Management Inc","url":"https:\/\/www.dssitservices.com\/","logo":{"@type":"ImageObject","inLanguage":"sq","@id":"https:\/\/www.dssitservices.com\/#\/schema\/logo\/image\/","url":"https:\/\/www.dssitservices.com\/wp-content\/uploads\/2019\/01\/DSS-Logo-Main-1-1.png","contentUrl":"https:\/\/www.dssitservices.com\/wp-content\/uploads\/2019\/01\/DSS-Logo-Main-1-1.png","width":297,"height":100,"caption":"DSS Management Inc"},"image":{"@id":"https:\/\/www.dssitservices.com\/#\/schema\/logo\/image\/"},"sameAs":["https:\/\/www.facebook.com\/DSSIT","https:\/\/www.instagram.com\/dssit\/","https:\/\/www.linkedin.com\/company\/dssitinc\/","https:\/\/www.youtube.com\/channel\/UCUfIRO4HxMQ2vLpza29n0Vg"]}]}},"_links":{"self":[{"href":"https:\/\/www.dssitservices.com\/sq\/wp-json\/wp\/v2\/pages\/717","targetHints":{"allow":["GET"]}}],"collection":[{"href":"https:\/\/www.dssitservices.com\/sq\/wp-json\/wp\/v2\/pages"}],"about":[{"href":"https:\/\/www.dssitservices.com\/sq\/wp-json\/wp\/v2\/types\/page"}],"author":[{"embeddable":true,"href":"https:\/\/www.dssitservices.com\/sq\/wp-json\/wp\/v2\/users\/3"}],"replies":[{"embeddable":true,"href":"https:\/\/www.dssitservices.com\/sq\/wp-json\/wp\/v2\/comments?post=717"}],"version-history":[{"count":0,"href":"https:\/\/www.dssitservices.com\/sq\/wp-json\/wp\/v2\/pages\/717\/revisions"}],"up":[{"embeddable":true,"href":"https:\/\/www.dssitservices.com\/sq\/wp-json\/wp\/v2\/pages\/707"}],"wp:attachment":[{"href":"https:\/\/www.dssitservices.com\/sq\/wp-json\/wp\/v2\/media?parent=717"}],"curies":[{"name":"wp","href":"https:\/\/api.w.org\/{rel}","templated":true}]}}